{"id":52476,"date":"2025-11-04T04:39:22","date_gmt":"2025-11-04T09:39:22","guid":{"rendered":"https:\/\/www.warmup.ca\/?page_id=52476"},"modified":"2026-04-10T10:22:44","modified_gmt":"2026-04-10T14:22:44","slug":"warmup-smartcare","status":"publish","type":"page","link":"https:\/\/www.warmup.ca\/fr\/thermostats\/warmup-smartcare","title":{"rendered":"Smartcare"},"content":{"rendered":"\n<div class=\"wp-block-cover alignwide\" style=\"padding-top:0;padding-bottom:0;min-height:100vh;aspect-ratio:unset;\"><img decoding=\"async\" class=\"wp-block-cover__image-background wp-image-42148 size-full\" alt=\"\" src=\"https:\/\/env-warmupcouk-staging.kinsta.cloud\/wp-content\/uploads\/Children-biscuits-scaled.jpg\" style=\"object-position:34% 51%\" data-object-fit=\"cover\" data-object-position=\"34% 51%\"\/><span aria-hidden=\"true\" class=\"wp-block-cover__background has-ast-global-color-7-background-color has-background-dim-30 has-background-dim\"><\/span><div class=\"wp-block-cover__inner-container is-layout-constrained wp-container-core-cover-is-layout-236b1b9c wp-block-cover-is-layout-constrained\">\n<p class=\"has-text-align-left has-ast-global-color-5-color has-text-color has-link-color has-x-large-font-size wp-elements-47a53448cbf02fd284ca138480077361\"><strong><strong>Smartcare par Warmup<\/strong>\u00a0<\/strong><\/p>\n\n\n\n<h4 class=\"wp-block-heading has-text-align-left has-ast-global-color-5-color has-text-color has-link-color wp-elements-fce0e20c137ee07414c23d163b1328ad\">Votre confort, notre engagement. Des \u00e9conomies d&rsquo;\u00e9nergie optimis\u00e9es, une tranquillit\u00e9 d&rsquo;esprit et une assistance professionnelle pour le chauffage de votre maison.\u00a0<\/h4>\n\n\n\n<div class=\"wp-block-buttons is-content-justification-left is-layout-flex wp-container-core-buttons-is-layout-fc4fd283 wp-block-buttons-is-layout-flex\">\n<div class=\"wp-block-button\"><a class=\"wp-block-button__link wp-element-button\" href=\"https:\/\/my.warmup.com\/home\" target=\"_blank\" rel=\"noopener\">Sign-up<\/a><\/div>\n<\/div>\n<\/div><\/div>\n\n\n\n<div class=\"wp-block-uagb-container uagb-block-1eae27b2 alignfull uagb-is-root-container\"><div class=\"uagb-container-inner-blocks-wrap\"><\/div><\/div>\n\n\n\n<div class=\"wp-block-uagb-container uagb-block-e3da07ae alignfull uagb-is-root-container\"><div class=\"uagb-container-inner-blocks-wrap\">\n<h3 class=\"wp-block-heading has-text-align-center\"><strong>Un syst\u00e8me de chauffage intelligent pour la maison, connect\u00e9 en toute simplicit\u00e9.<\/strong><\/h3>\n<\/div><\/div>\n\n\n\n<div class=\"wp-block-uagb-container uagb-block-5d7632dd alignfull uagb-is-root-container\"><div class=\"uagb-container-inner-blocks-wrap\"><\/div><\/div>\n\n\n\n<div class=\"wp-block-uagb-container uagb-block-fa47d9fd alignfull uagb-is-root-container\"><div class=\"uagb-container-inner-blocks-wrap\">\n<div class=\"wp-block-uagb-container uagb-block-6fa68388\">\n<div class=\"wp-block-uagb-image uagb-block-a191e335 wp-block-uagb-image--layout-default wp-block-uagb-image--effect-static wp-block-uagb-image--align-none\"><figure class=\"wp-block-uagb-image__figure\"><img decoding=\"async\" srcset=\"https:\/\/www.warmup.ca\/wp-content\/uploads\/earth-white-2-CORAL.png ,https:\/\/www.warmup.ca\/wp-content\/uploads\/earth-white-2-CORAL.png 780w, https:\/\/www.warmup.ca\/wp-content\/uploads\/earth-white-2-CORAL.png 360w\" sizes=\"auto, (max-width: 480px) 150px\" src=\"https:\/\/www.warmup.ca\/wp-content\/uploads\/earth-white-2-CORAL.png\" alt=\"An icon depicting the earth\" class=\"uag-image-51830\" width=\"50\" height=\"50\" title=\"earth-white-2-CORAL\" loading=\"lazy\" role=\"img\"\/><\/figure><\/div>\n\n\n\n<p class=\"has-text-align-center\" style=\"margin-top:0px;margin-bottom:0px\"><strong>Am\u00e9liore la performance \u00e9nerg\u00e9tique de votre logement<\/strong><\/p>\n\n\n\n<p class=\"has-text-align-center\" style=\"padding-top:0px\">Cela vous aide \u00e0 \u00e9valuer votre consommation d&rsquo;\u00e9nergie et peut vous permettre de faire des \u00e9conomies sur vos factures.<\/p>\n<\/div>\n\n\n\n<div class=\"wp-block-uagb-container uagb-block-12a6958d\">\n<div class=\"wp-block-uagb-image uagb-block-6e2457ed wp-block-uagb-image--layout-default wp-block-uagb-image--effect-static wp-block-uagb-image--align-none\"><figure class=\"wp-block-uagb-image__figure\"><img decoding=\"async\" srcset=\"https:\/\/www.warmup.ca\/wp-content\/uploads\/UFH-Icon-white-2-e1641827757336-CORAL.png ,https:\/\/www.warmup.ca\/wp-content\/uploads\/UFH-Icon-white-2-e1641827757336-CORAL.png 780w, https:\/\/www.warmup.ca\/wp-content\/uploads\/UFH-Icon-white-2-e1641827757336-CORAL.png 360w\" sizes=\"auto, (max-width: 480px) 150px\" src=\"https:\/\/www.warmup.ca\/wp-content\/uploads\/UFH-Icon-white-2-e1641827757336-CORAL.png\" alt=\"An icon depicting radiant heating emerging through the floor\" class=\"uag-image-51828\" width=\"46\" height=\"46\" title=\"UFH-Icon-white-2-e1641827757336-CORAL\" loading=\"lazy\" role=\"img\"\/><\/figure><\/div>\n\n\n\n<p class=\"has-text-align-center\" style=\"margin-top:0px;margin-bottom:0px\"><strong>Assistance rapide pour le d\u00e9pannage<\/strong><\/p>\n\n\n\n<p class=\"has-text-align-center\" style=\"margin-top:0;margin-bottom:0\">R\u00e9duit les incertitudes lors du diagnostic des probl\u00e8mes li\u00e9s aux syst\u00e8mes de chauffage.<\/p>\n<\/div>\n\n\n\n<div class=\"wp-block-uagb-container uagb-block-a2e046fc\">\n<div class=\"wp-block-uagb-image uagb-block-8514ac03 wp-block-uagb-image--layout-default wp-block-uagb-image--effect-static wp-block-uagb-image--align-none\"><figure class=\"wp-block-uagb-image__figure\"><img decoding=\"async\" srcset=\"https:\/\/www.warmup.ca\/wp-content\/uploads\/thermostat-icon-white-1-e1641828292724-CORAL.png ,https:\/\/www.warmup.ca\/wp-content\/uploads\/thermostat-icon-white-1-e1641828292724-CORAL.png 780w, https:\/\/www.warmup.ca\/wp-content\/uploads\/thermostat-icon-white-1-e1641828292724-CORAL.png 360w\" sizes=\"auto, (max-width: 480px) 150px\" src=\"https:\/\/www.warmup.ca\/wp-content\/uploads\/thermostat-icon-white-1-e1641828292724-CORAL.png\" alt=\"An icon depicting a Warmup thermostat\" class=\"uag-image-51826\" width=\"45\" height=\"57\" title=\"thermostat-icon-white-1-e1641828292724-CORAL\" loading=\"lazy\" role=\"img\"\/><\/figure><\/div>\n\n\n\n<p class=\"has-text-align-center\" style=\"margin-top:0px;margin-bottom:0px\"><strong>\u00c0 utiliser avec les thermostats Warmup connect\u00e9s au Wi-Fi<\/strong><\/p>\n\n\n\n<p class=\"has-text-align-center\" style=\"margin-top:0px;margin-bottom:0px\">Compatible avec les thermostats intelligents WiFi 7iE, 6iE et 4iE, ainsi qu&rsquo;avec le thermostat WiFi Terra.<\/p>\n<\/div>\n<\/div><\/div>\n\n\n\n<div class=\"wp-block-uagb-container uagb-block-8a5cad88 alignfull uagb-is-root-container\"><div class=\"uagb-container-inner-blocks-wrap\"><\/div><\/div>\n\n\n\n<div class=\"wp-block-uagb-container uagb-block-c95f057b alignfull uagb-is-root-container\"><div class=\"uagb-container-inner-blocks-wrap\">\n<div class=\"wp-block-uagb-container uagb-block-36be0ce5\">\n<div class=\"wp-block-uagb-image uagb-block-93bcee02 wp-block-uagb-image--layout-default wp-block-uagb-image--effect-static wp-block-uagb-image--align-none\"><figure class=\"wp-block-uagb-image__figure\"><img decoding=\"async\" srcset=\"https:\/\/env-warmupcouk-staging.kinsta.cloud\/wp-content\/uploads\/image-2-e1760694627175-1024x1017.jpg ,https:\/\/env-warmupcouk-staging.kinsta.cloud\/wp-content\/uploads\/image-2-e1760694627175.jpg 780w, https:\/\/env-warmupcouk-staging.kinsta.cloud\/wp-content\/uploads\/image-2-e1760694627175.jpg 360w\" sizes=\"auto, (max-width: 480px) 150px\" src=\"https:\/\/env-warmupcouk-staging.kinsta.cloud\/wp-content\/uploads\/image-2-e1760694627175-1024x1017.jpg\" alt=\"\" class=\"uag-image-42238\" width=\"866\" height=\"1024\" title=\"image (2)\" loading=\"lazy\" role=\"img\"\/><\/figure><\/div>\n<\/div>\n\n\n\n<div class=\"wp-block-uagb-container uagb-block-799483d2\">\n<h2 class=\"wp-block-heading has-ast-global-color-3-color has-text-color has-link-color wp-elements-c2dec5056a1dbbd14421626c49173e73\">Un chauffage sans souci, assur\u00e9 par des experts.<br><\/h2>\n\n\n\n<p>Smartcare\u202fby Warmup\u202fest un service d&rsquo;assistance avanc\u00e9 qui g\u00e8re et prot\u00e8ge votre syst\u00e8me de chauffage Warmup. Si vous souhaitez b\u00e9n\u00e9ficier de conseils personnalis\u00e9s pour \u00e9conomiser de l&rsquo;\u00e9nergie, de recommandations pour r\u00e9duire vos d\u00e9penses et d&rsquo;une assistance technique gratuite pour le chauffage de votre logement, nous sommes l\u00e0 pour vous aider.<\/p>\n\n\n\n<p><strong>Smartcare React<\/strong> est un service accessible gratuitement qui utilise les donn\u00e9es s\u00e9curis\u00e9es transmises par votre thermostat Warmup connect\u00e9 au Wi-Fi pour r\u00e9soudre \u00e0 distance, en quelques minutes et par t\u00e9l\u00e9phone, presque tous les probl\u00e8mes que vous pourriez rencontrer avec votre chauffage. Ainsi, que votre syst\u00e8me de chauffage mette trop de temps \u00e0 atteindre la temp\u00e9rature souhait\u00e9e ou que vous rencontriez des difficult\u00e9s avec votre programme de chauffage, gr\u00e2ce \u00e0 Smartcare React, vous obtiendrez une solution imm\u00e9diate de la part de l&rsquo;\u00e9quipe d&rsquo;experts de Warmup.<\/p>\n\n\n\n<div class=\"wp-block-uagb-buttons uagb-buttons__outer-wrap uagb-btn__default-btn uagb-btn-tablet__default-btn uagb-btn-mobile__default-btn uagb-block-6846066e\"><div class=\"uagb-buttons__wrap uagb-buttons-layout-wrap \">\n<div class=\"wp-block-uagb-buttons-child uagb-buttons__outer-wrap uagb-block-be1795ba wp-block-button\"><div class=\"uagb-button__wrapper\"><a class=\"uagb-buttons-repeater wp-block-button__link\" aria-label=\"\" href=\"https:\/\/my.warmup.com\/home\" rel=\"follow noopener\" target=\"_blank\" role=\"button\"><div class=\"uagb-button__link\">Inscrivez-vous via MyWarmup<\/div><\/a><\/div><\/div>\n<\/div><\/div>\n<\/div>\n<\/div><\/div>\n\n\n\n<div class=\"wp-block-uagb-container uagb-block-51b733fc alignfull uagb-is-root-container\"><div class=\"uagb-container-inner-blocks-wrap\"><\/div><\/div>\n\n\n\n<p><\/p>\n\n\n\n<h3 class=\"wp-block-heading has-text-align-center\" style=\"margin-top:100px;margin-bottom:0\">Comment adh\u00e9rer \u00e0 Smartcare<\/h3>\n\n\n\n<div class=\"wp-block-uagb-container uagb-block-c074eec0 alignfull uagb-is-root-container\"><div class=\"uagb-container-inner-blocks-wrap\">\n<div class=\"wp-block-uagb-container uagb-layout-flex uagb-block-04b046fb alignfull uagb-is-root-container\"><div class=\"uagb-container-inner-blocks-wrap\">\n<div class=\"wp-block-uagb-container uagb-block-4484405a\">\n<h4 class=\"wp-block-heading has-medium-font-size\" style=\"padding-top:0;padding-bottom:0\"><img decoding=\"async\" class=\"wp-image-42158\" style=\"width: 40px;\" src=\"https:\/\/env-warmupcouk-staging.kinsta.cloud\/wp-content\/uploads\/9024772_number_circle_one_light_icon.png\" alt=\"\"> Compatibilit\u00e9<\/h4>\n\n\n\n<p>Smartcare utilise les donn\u00e9es transmises par les thermostats Warmup connect\u00e9s au Wi-Fi, notamment les thermostats intelligents Wi-Fi 7iE, 6iE et 4iE, ainsi que le thermostat Wi-Fi Terra.<\/p>\n<\/div>\n<\/div><\/div>\n\n\n\n<div class=\"wp-block-uagb-container uagb-block-7ebf1f8e alignfull uagb-is-root-container\"><div class=\"uagb-container-inner-blocks-wrap\">\n<div class=\"wp-block-uagb-container uagb-block-ada7c7b0\">\n<h4 class=\"wp-block-heading\"><img decoding=\"async\" class=\"wp-image-42159\" style=\"width: 40px;\" src=\"https:\/\/env-warmupcouk-staging.kinsta.cloud\/wp-content\/uploads\/9024790_number_circle_two_light_icon.png\" alt=\"\"> S&rsquo;inscrire<\/h4>\n\n\n\n<p>Une fois que vous aurez install\u00e9 un thermostat Warmup compatible chez vous, vous pourrez vous connecter via le portail de gestion du chauffage domestique MyWarmup. Apr\u00e8s avoir cr\u00e9\u00e9 votre compte MyWarmup, il vous suffira de remplir le formulaire de contrat Smartcare et nous nous occuperons du reste.<\/p>\n<\/div>\n<\/div><\/div>\n\n\n\n<div class=\"wp-block-uagb-container uagb-block-82dc0bf5 alignfull uagb-is-root-container\"><div class=\"uagb-container-inner-blocks-wrap\">\n<div class=\"wp-block-uagb-container uagb-block-8e81219f\">\n<h4 class=\"wp-block-heading\"><img decoding=\"async\" class=\"wp-image-42160\" style=\"width: 40px;\" src=\"https:\/\/env-warmupcouk-staging.kinsta.cloud\/wp-content\/uploads\/9024631_number_circle_three_light_icon.png\" alt=\"\"> Profitez des avantages de Smartcare<\/h4>\n\n\n\n<p>Gr\u00e2ce \u00e0 la plateforme num\u00e9rique intuitive de Smartcare, vous pouvez b\u00e9n\u00e9ficier toute l&rsquo;ann\u00e9e de conseils en mati\u00e8re d&rsquo;efficacit\u00e9 \u00e9nerg\u00e9tique, organiser des contr\u00f4les \u00e0 distance de votre syst\u00e8me de chauffage et contacter notre \u00e9quipe d&rsquo;experts pour b\u00e9n\u00e9ficier d&rsquo;une assistance technique gratuite en cas de besoin.<\/p>\n<\/div>\n<\/div><\/div>\n\n\n\n<div class=\"wp-block-uagb-buttons uagb-buttons__outer-wrap uagb-btn__default-btn uagb-btn-tablet__default-btn uagb-btn-mobile__default-btn uagb-block-9047ed7f\"><div class=\"uagb-buttons__wrap uagb-buttons-layout-wrap \">\n<div class=\"wp-block-uagb-buttons-child uagb-buttons__outer-wrap uagb-block-44731764 wp-block-button\"><div class=\"uagb-button__wrapper\"><a class=\"uagb-buttons-repeater wp-block-button__link\" aria-label=\"\" href=\"https:\/\/my.warmup.com\/login\" rel=\"follow noopener\" target=\"_self\" role=\"button\"><div class=\"uagb-button__link\">S&rsquo;inscrire<\/div><\/a><\/div><\/div>\n<\/div><\/div>\n<\/div><\/div>\n\n\n<div class=\"wp-block-uagb-faq uagb-faq__outer-wrap uagb-block-4426d451 uagb-faq-icon-row uagb-faq-layout-accordion uagb-faq-expand-first-true uagb-faq-inactive-other-true uagb-faq__wrap uagb-buttons-layout-wrap uagb-faq-equal-height     \" data-faqtoggle=\"true\" role=\"tablist\"><div class=\"wp-block-uagb-faq-child uagb-faq-child__outer-wrap uagb-faq-item uagb-block-3ec82f89 \" role=\"tab\" tabindex=\"0\"><div class=\"uagb-faq-questions-button uagb-faq-questions\">\t\t\t<span class=\"uagb-icon uagb-faq-icon-wrap\">\n\t\t\t\t\t\t\t\t<svg xmlns=\"https:\/\/www.w3.org\/2000\/svg\" viewBox= \"0 0 448 512\"><path d=\"M432 256c0 17.69-14.33 32.01-32 32.01H256v144c0 17.69-14.33 31.99-32 31.99s-32-14.3-32-31.99v-144H48c-17.67 0-32-14.32-32-32.01s14.33-31.99 32-31.99H192v-144c0-17.69 14.33-32.01 32-32.01s32 14.32 32 32.01v144h144C417.7 224 432 238.3 432 256z\"><\/path><\/svg>\n\t\t\t\t\t\t\t<\/span>\n\t\t\t\t\t\t<span class=\"uagb-icon-active uagb-faq-icon-wrap\">\n\t\t\t\t\t\t\t\t<svg xmlns=\"https:\/\/www.w3.org\/2000\/svg\" viewBox= \"0 0 448 512\"><path d=\"M400 288h-352c-17.69 0-32-14.32-32-32.01s14.31-31.99 32-31.99h352c17.69 0 32 14.3 32 31.99S417.7 288 400 288z\"><\/path><\/svg>\n\t\t\t\t\t\t\t<\/span>\n\t\t\t<h4 class=\"uagb-question\">Le service Warmup Smartcare est-il gratuit pour moi en tant qu&rsquo;utilisateur ?<\/h4><\/div><div class=\"uagb-faq-content\"><p>Oui, Warmup Smartcare est enti\u00e8rement gratuit pour tous les utilisateurs des thermostats intelligents Warmup.<\/p><\/div><\/div><div class=\"wp-block-uagb-faq-child uagb-faq-child__outer-wrap uagb-faq-item uagb-block-a7a34b32 \" role=\"tab\" tabindex=\"0\"><div class=\"uagb-faq-questions-button uagb-faq-questions\">\t\t\t<span class=\"uagb-icon uagb-faq-icon-wrap\">\n\t\t\t\t\t\t\t\t<svg xmlns=\"https:\/\/www.w3.org\/2000\/svg\" viewBox= \"0 0 448 512\"><path d=\"M432 256c0 17.69-14.33 32.01-32 32.01H256v144c0 17.69-14.33 31.99-32 31.99s-32-14.3-32-31.99v-144H48c-17.67 0-32-14.32-32-32.01s14.33-31.99 32-31.99H192v-144c0-17.69 14.33-32.01 32-32.01s32 14.32 32 32.01v144h144C417.7 224 432 238.3 432 256z\"><\/path><\/svg>\n\t\t\t\t\t\t\t<\/span>\n\t\t\t\t\t\t<span class=\"uagb-icon-active uagb-faq-icon-wrap\">\n\t\t\t\t\t\t\t\t<svg xmlns=\"https:\/\/www.w3.org\/2000\/svg\" viewBox= \"0 0 448 512\"><path d=\"M400 288h-352c-17.69 0-32-14.32-32-32.01s14.31-31.99 32-31.99h352c17.69 0 32 14.3 32 31.99S417.7 288 400 288z\"><\/path><\/svg>\n\t\t\t\t\t\t\t<\/span>\n\t\t\t<h4 class=\"uagb-question\">Quel type d&rsquo;assistance puis-je obtenir avec Warmup Smartcare ?<\/h4><\/div><div class=\"uagb-faq-content\"><p>Avec Warmup Smartcare, vous b\u00e9n\u00e9ficiez de l&rsquo;assistance d&rsquo;experts capables de contr\u00f4ler \u00e0 distance votre syst\u00e8me de chauffage. C&rsquo;est plus rapide, plus simple et plus efficace que n&rsquo;importe quel autre service d&rsquo;assistance t\u00e9l\u00e9phonique.<\/p><\/div><\/div><\/div>\n\n\n<div class=\"wp-block-uagb-container uagb-block-0d39585e alignfull uagb-is-root-container\"><div class=\"uagb-container-inner-blocks-wrap\">\n<div class=\"wp-block-uagb-container uagb-block-b6207e65\"><\/div>\n\n\n\n<div class=\"wp-block-uagb-container uagb-block-b4078201\"><\/div>\n\n\n\n<div class=\"wp-block-uagb-container uagb-block-4d165591\"><\/div>\n\n\n\n<div class=\"wp-block-uagb-container uagb-block-91852142\"><\/div>\n\n\n\n<div class=\"wp-block-uagb-container uagb-block-50a0f9b5\"><\/div>\n\n\n\n<div class=\"wp-block-uagb-container uagb-block-a0a20353\"><\/div>\n<\/div><\/div>\n","protected":false},"excerpt":{"rendered":"<p>Un syst\u00e8me de chauffage intelligent pour la maison, connect\u00e9 en toute simplicit\u00e9. Am\u00e9liore la performance \u00e9nerg\u00e9tique de votre logement Cela vous aide \u00e0 \u00e9valuer votre consommation d&rsquo;\u00e9nergie et peut vous permettre de faire des \u00e9conomies sur vos factures. Assistance rapide pour le d\u00e9pannage R\u00e9duit les incertitudes lors du diagnostic des probl\u00e8mes li\u00e9s aux syst\u00e8mes de [&hellip;]<\/p>\n","protected":false},"author":19,"featured_media":0,"parent":41836,"menu_order":0,"comment_status":"closed","ping_status":"closed","template":"","meta":{"_acf_changed":false,"_uag_custom_page_level_css":"","site-sidebar-layout":"default","site-content-layout":"","ast-site-content-layout":"default","site-content-style":"default","site-sidebar-style":"default","ast-global-header-display":"","ast-banner-title-visibility":"","ast-main-header-display":"","ast-hfb-above-header-display":"","ast-hfb-below-header-display":"","ast-hfb-mobile-header-display":"","site-post-title":"","ast-breadcrumbs-content":"","ast-featured-img":"","footer-sml-layout":"","ast-disable-related-posts":"","theme-transparent-header-meta":"","adv-header-id-meta":"","stick-header-meta":"","header-above-stick-meta":"","header-main-stick-meta":"","header-below-stick-meta":"","astra-migrate-meta-layouts":"set","ast-page-background-enabled":"default","ast-page-background-meta":{"desktop":{"background-color":"","background-image":"","background-repeat":"repeat","background-position":"center center","background-size":"auto","background-attachment":"scroll","background-type":"","background-media":"","overlay-type":"","overlay-color":"","overlay-opacity":"","overlay-gradient":""},"tablet":{"background-color":"","background-image":"","background-repeat":"repeat","background-position":"center center","background-size":"auto","background-attachment":"scroll","background-type":"","background-media":"","overlay-type":"","overlay-color":"","overlay-opacity":"","overlay-gradient":""},"mobile":{"background-color":"","background-image":"","background-repeat":"repeat","background-position":"center center","background-size":"auto","background-attachment":"scroll","background-type":"","background-media":"","overlay-type":"","overlay-color":"","overlay-opacity":"","overlay-gradient":""}},"ast-content-background-meta":{"desktop":{"background-color":"var(--ast-global-color-5)","background-image":"","background-repeat":"repeat","background-position":"center center","background-size":"auto","background-attachment":"scroll","background-type":"","background-media":"","overlay-type":"","overlay-color":"","overlay-opacity":"","overlay-gradient":""},"tablet":{"background-color":"var(--ast-global-color-5)","background-image":"","background-repeat":"repeat","background-position":"center center","background-size":"auto","background-attachment":"scroll","background-type":"","background-media":"","overlay-type":"","overlay-color":"","overlay-opacity":"","overlay-gradient":""},"mobile":{"background-color":"var(--ast-global-color-5)","background-image":"","background-repeat":"repeat","background-position":"center center","background-size":"auto","background-attachment":"scroll","background-type":"","background-media":"","overlay-type":"","overlay-color":"","overlay-opacity":"","overlay-gradient":""}},"footnotes":""},"class_list":["post-52476","page","type-page","status-publish","hentry"],"acf":[],"uagb_featured_image_src":{"full":false,"thumbnail":false,"medium":false,"medium_large":false,"large":false,"1536x1536":false,"2048x2048":false},"uagb_author_info":{"display_name":"Samra Zaidi","author_link":"https:\/\/www.warmup.ca\/fr\/author\/samrazaidi-warmup"},"uagb_comment_info":0,"uagb_excerpt":"Un syst\u00e8me de chauffage intelligent pour la maison, connect\u00e9 en toute simplicit\u00e9. Am\u00e9liore la performance \u00e9nerg\u00e9tique de votre logement Cela vous aide \u00e0 \u00e9valuer votre consommation d&rsquo;\u00e9nergie et peut vous permettre de faire des \u00e9conomies sur vos factures. Assistance rapide pour le d\u00e9pannage R\u00e9duit les incertitudes lors du diagnostic des probl\u00e8mes li\u00e9s aux syst\u00e8mes de\u2026","_links":{"self":[{"href":"https:\/\/www.warmup.ca\/fr\/wp-json\/wp\/v2\/pages\/52476","targetHints":{"allow":["GET"]}}],"collection":[{"href":"https:\/\/www.warmup.ca\/fr\/wp-json\/wp\/v2\/pages"}],"about":[{"href":"https:\/\/www.warmup.ca\/fr\/wp-json\/wp\/v2\/types\/page"}],"author":[{"embeddable":true,"href":"https:\/\/www.warmup.ca\/fr\/wp-json\/wp\/v2\/users\/19"}],"replies":[{"embeddable":true,"href":"https:\/\/www.warmup.ca\/fr\/wp-json\/wp\/v2\/comments?post=52476"}],"version-history":[{"count":1,"href":"https:\/\/www.warmup.ca\/fr\/wp-json\/wp\/v2\/pages\/52476\/revisions"}],"predecessor-version":[{"id":52478,"href":"https:\/\/www.warmup.ca\/fr\/wp-json\/wp\/v2\/pages\/52476\/revisions\/52478"}],"up":[{"embeddable":true,"href":"https:\/\/www.warmup.ca\/fr\/wp-json\/wp\/v2\/pages\/41836"}],"wp:attachment":[{"href":"https:\/\/www.warmup.ca\/fr\/wp-json\/wp\/v2\/media?parent=52476"}],"curies":[{"name":"wp","href":"https:\/\/api.w.org\/{rel}","templated":true}]}}