{"id":42201,"date":"2021-06-07T15:23:22","date_gmt":"2021-06-07T19:23:22","guid":{"rendered":"https:\/\/www.warmup.ca\/temoignages-de-clients"},"modified":"2025-12-15T13:00:29","modified_gmt":"2025-12-15T18:00:29","slug":"temoignages-de-clients","status":"publish","type":"page","link":"https:\/\/www.warmup.ca\/fr\/temoignages-de-clients","title":{"rendered":"T\u00e9moignages de clients"},"content":{"rendered":"\n<div class=\"wp-block-cover\"><img decoding=\"async\" width=\"1000\" height=\"505\" class=\"wp-block-cover__image-background wp-image-40430 size-full\" alt=\"\" src=\"https:\/\/www.warmup.ca\/wp-content\/uploads\/Living-room-A.jpg\" data-object-fit=\"cover\" srcset=\"https:\/\/www.warmup.ca\/wp-content\/uploads\/Living-room-A.jpg 1000w, https:\/\/www.warmup.ca\/wp-content\/uploads\/Living-room-A-300x152.jpg 300w, https:\/\/www.warmup.ca\/wp-content\/uploads\/Living-room-A-768x388.jpg 768w, https:\/\/www.warmup.ca\/wp-content\/uploads\/Living-room-A-600x303.jpg 600w, https:\/\/www.warmup.ca\/wp-content\/uploads\/Living-room-A-200x101.jpg 200w\" sizes=\"(max-width: 1000px) 100vw, 1000px\" \/><span aria-hidden=\"true\" class=\"wp-block-cover__background has-background-dim\" style=\"background-color:#615b55\"><\/span><div class=\"wp-block-cover__inner-container is-layout-flow wp-block-cover-is-layout-flow\">\n<h1 class=\"wp-block-heading has-text-align-center has-ast-global-color-5-color has-text-color\" id=\"h-temoignages-de-clients\">T\u00e9moignages de clients<\/h1>\n\n\n\n<p class=\"has-text-align-center has-ast-global-color-5-color has-text-color\">D\u00e9couvrez ce que nos clients disent de nous.<\/p>\n<\/div><\/div>\n\n\n\n<div class=\"inherit-container-width wp-block-group is-layout-constrained wp-block-group-is-layout-constrained\"><div class=\"wp-block-group__inner-container\">\n<div class=\"wp-block-columns custom_widthsection is-layout-flex wp-container-core-columns-is-layout-28f84493 wp-block-columns-is-layout-flex\">\n<div class=\"wp-block-column is-layout-flow wp-block-column-is-layout-flow\">\n<div class=\"wp-block-uagb-testimonial uagb-testomonial__outer-wrap uagb-slick-carousel uagb-tm__arrow-outside uagb-block-062587aa\"><div class=\"is-carousel uagb-tm__columns-1 uagb-tm__items\"><div class=\"uagb-testimonial__wrap  uagb-tm__imgicon-style-circle uagb-tm__image-position-bottom uagb-tm__bg-type-color \"><div class=\"uagb-tm__content\"><div class=\"uagb-tm__overlay\"><\/div><div class=\"uagb-tm__text-wrap\"><div class=\"uagb-tm__desc\">J&rsquo;ai l&rsquo;occasion d&rsquo;interagir r\u00e9guli\u00e8rement avec Warmup en raison de mon travail, et je dois dire qu&rsquo;ils offrent au-del\u00e0 du service, de la flexibilit\u00e9, de la r\u00e9activit\u00e9 et de la convivialit\u00e9 \u00e0 chaque fois. Je n&rsquo;h\u00e9site jamais \u00e0 les appeler ou \u00e0 leur envoyer un e-mail (auquel j&rsquo;obtiens des r\u00e9ponses ultra-rapides). Je suis un grand fan. Excellente entreprise avec qui travailler.<\/div><div class=\"uagb-tm__meta-inner\"><div class=\"uagb-testimonial-details\"><span class=\"uagb-tm__author-name\"><strong><strong>Lauren LaPlante<\/strong><\/strong><\/span><span class=\"uagb-tm__company\">Associ\u00e9 aux ventes au d\u00e9tail<\/span><\/div><\/div><\/div><\/div><\/div><div class=\"uagb-testimonial__wrap  uagb-tm__imgicon-style-circle uagb-tm__image-position-bottom uagb-tm__bg-type-color \"><div class=\"uagb-tm__content\"><div class=\"uagb-tm__overlay\"><\/div><div class=\"uagb-tm__text-wrap\"><div class=\"uagb-tm__desc\"><em>5 \u00e9toiles \u00e0 Warmup et Scott, en particulier pour m&rsquo;avoir aid\u00e9 \u00e0 faire fonctionner \u00e0 nouveau mon syst\u00e8me de chauffage par le sol. Rapide, professionnel et compr\u00e9hensif ! L&rsquo;installateur a fait fonctionner 120V \u00e0 un appareil de chauffage 240V, ce que Warmup m&rsquo;a aid\u00e9 \u00e0 d\u00e9couvrir. Il \u00e9tait alors rapide et facile de changer le disjoncteur en 2 p\u00f4les, et le syst\u00e8me fonctionne tr\u00e8s bien maintenant. Je recommande vivement Warmup \u00e0 tous ceux qui ont froid aux pieds\u00a0!<\/em><\/div><div class=\"uagb-tm__meta-inner\"><div class=\"uagb-testimonial-details\"><span class=\"uagb-tm__author-name\"><strong><strong><strong>Doug Perry<\/strong><\/strong><\/strong><\/span><span class=\"uagb-tm__company\">Propri\u00e9taire<\/span><\/div><\/div><\/div><\/div><\/div><div class=\"uagb-testimonial__wrap  uagb-tm__imgicon-style-circle uagb-tm__image-position-bottom uagb-tm__bg-type-color \"><div class=\"uagb-tm__content\"><div class=\"uagb-tm__overlay\"><\/div><div class=\"uagb-tm__text-wrap\"><div class=\"uagb-tm__desc\"><em>En tant qu&rsquo;ing\u00e9nieur MEP, le sp\u00e9cialiste de l&rsquo;exp\u00e9rience client nomm\u00e9 Scott a \u00e9t\u00e9 formidable en m&rsquo;aidant \u00e0 comprendre la conception et l&rsquo;installation d&rsquo;un produit de chauffage par le sol Warmup. 5\/5 recommande vivement.<\/em><\/div><div class=\"uagb-tm__meta-inner\"><div class=\"uagb-testimonial-details\"><span class=\"uagb-tm__author-name\"><strong><strong><strong>Oliver Wright<\/strong><\/strong><\/strong><\/span><span class=\"uagb-tm__company\">Ing\u00e9nieure<\/span><\/div><\/div><\/div><\/div><\/div><div class=\"uagb-testimonial__wrap  uagb-tm__imgicon-style-circle uagb-tm__image-position-bottom uagb-tm__bg-type-color \"><div class=\"uagb-tm__content\"><div class=\"uagb-tm__overlay\"><\/div><div class=\"uagb-tm__text-wrap\"><div class=\"uagb-tm__desc\"><em>Warmup, leurs produits et leurs services \u00e0 la client\u00e8le sont des ACES absolus. J&rsquo;ai remplac\u00e9 le plancher chauffant de ma salle de bain par le plus r\u00e9cent et le meilleur et je me suis tourn\u00e9 vers Warmup en raison de leurs meilleurs produits innovants et flexibles, de leurs prix comp\u00e9titifs et de leur excellent service client. Nous avons pos\u00e9 leur dernier syst\u00e8me de chauffage DCM-PRO, en utilisant leur nouvelle membrane de d\u00e9couplage arri\u00e8re collante qui permet une personnalisation et une flexibilit\u00e9 d&rsquo;installation ultimes, et utilisons leur dernier thermostat WiFi 4iE avec une int\u00e9gration Web et application impressionnante pour un contr\u00f4le et une personnalisation ultimes.<\/em><br><br><em>Leur \u00e9quipe d&rsquo;assistance a \u00e9t\u00e9 incroyablement r\u00e9active via les r\u00e9seaux sociaux et le t\u00e9l\u00e9phone, m&rsquo;aidant et me guidant \u00e0 chaque \u00e9tape du processus. J&rsquo;ai envoy\u00e9 des photos, pos\u00e9 des dizaines de questions, et ils \u00e9taient l\u00e0, me guidant, un d\u00e9butant, vers une installation sans faille. L&rsquo;installation \u00e9tait en fait incroyablement facile avec leurs instructions simples, mais j&rsquo;ai quand m\u00eame pos\u00e9 un tas de questions pour apprendre et tout v\u00e9rifier car je suis un perfectionniste. Quoi qu&rsquo;il en soit, optez pour Warmup, sans h\u00e9siter. Vous pouvez battre leur combinaison de produits exceptionnels et de service client exceptionnel, que vous soyez un bricoleur ou un grand \u00e9lectricien, carreleur ou entrepreneur\u00a0!<\/em><\/div><div class=\"uagb-tm__meta-inner\"><div class=\"uagb-testimonial-details\"><span class=\"uagb-tm__author-name\"><strong><strong><strong>Scott Frutchtman<\/strong><\/strong><\/strong><\/span><span class=\"uagb-tm__company\">Propri\u00e9taire<\/span><\/div><\/div><\/div><\/div><\/div><div class=\"uagb-testimonial__wrap  uagb-tm__imgicon-style-circle uagb-tm__image-position-bottom uagb-tm__bg-type-color \"><div class=\"uagb-tm__content\"><div class=\"uagb-tm__overlay\"><\/div><div class=\"uagb-tm__text-wrap\"><div class=\"uagb-tm__desc\"><em><em>Working with Maria at Warmup to figure out how to best approach my project was a great experience. She was patient and didn&rsquo;t rest until we found the right option for me. Exemplary customer service.<\/em><br><\/em><\/div><div class=\"uagb-tm__meta-inner\"><div class=\"uagb-testimonial-details\"><span class=\"uagb-tm__author-name\"><strong><strong><strong>Johnny Mitchell<\/strong><\/strong><\/strong><\/span><span class=\"uagb-tm__company\">Propri\u00e9taire occupant &#8211; R\u00e9novation<\/span><\/div><\/div><\/div><\/div><\/div><div class=\"uagb-testimonial__wrap  uagb-tm__imgicon-style-circle uagb-tm__image-position-bottom uagb-tm__bg-type-color \"><div class=\"uagb-tm__content\"><div class=\"uagb-tm__overlay\"><\/div><div class=\"uagb-tm__text-wrap\"><div class=\"uagb-tm__desc\"><em><em>The customer service is top notch! Janice was extremely understanding and patient in helping us get the most out of our kitchen-floor heating system. We never realized how cool the features on the system could be, or how easy it is to warm it up.<\/em><br><\/em><\/div><div class=\"uagb-tm__meta-inner\"><div class=\"uagb-testimonial-details\"><span class=\"uagb-tm__author-name\"><strong><strong><strong>Eric Warner<\/strong><\/strong><\/strong><\/span><span class=\"uagb-tm__company\">Propri\u00e9taire<\/span><\/div><\/div><\/div><\/div><\/div><\/div><\/div>\n\n\n\n<div class=\"wp-block-uagb-testimonial uagb-testomonial__outer-wrap uagb-slick-carousel uagb-tm__arrow-outside uagb-block-3d5f6fc8\"><div class=\"is-carousel uagb-tm__columns-1 uagb-tm__items\"><div class=\"uagb-testimonial__wrap  uagb-tm__imgicon-style-circle uagb-tm__image-position-bottom uagb-tm__bg-type-color \"><div class=\"uagb-tm__content\"><div class=\"uagb-tm__overlay\"><\/div><div class=\"uagb-tm__text-wrap\"><div class=\"uagb-tm__desc\"><em>J&rsquo;installe des sols carrel\u00e9s depuis plus de 25 ans, le chauffage par le sol \u00e9tait un cauchemar dans le pass\u00e9, le syst\u00e8me de r\u00e9chauffement est le meilleur, il est facile \u00e0 installer, tr\u00e8s durable et tr\u00e8s abordable. Je recommande ce produit au plus haut niveau.<\/em><\/div><div class=\"uagb-tm__meta-inner\"><div class=\"uagb-testimonial-details\"><span class=\"uagb-tm__author-name\"><strong><strong><strong><strong>Paul Jenkins<\/strong><\/strong><\/strong><\/strong><\/span><span class=\"uagb-tm__company\">Entrepreneur g\u00e9n\u00e9ral<\/span><\/div><\/div><\/div><\/div><\/div><div class=\"uagb-testimonial__wrap  uagb-tm__imgicon-style-circle uagb-tm__image-position-bottom uagb-tm__bg-type-color \"><div class=\"uagb-tm__content\"><div class=\"uagb-tm__overlay\"><\/div><div class=\"uagb-tm__text-wrap\"><div class=\"uagb-tm__desc\"><em>Je suis architecte d&rsquo;int\u00e9rieur et j&rsquo;ai sp\u00e9cifi\u00e9 ce produit pour un de mes clients. Permettez-moi d&rsquo;abord de dire que le devis et les instructions \u00e9taient faciles avec un tour rapide. Le produit a \u00e9t\u00e9 exp\u00e9di\u00e9 en temps opportun et mon GC n&rsquo;a eu aucun probl\u00e8me \u00e0 installer le syst\u00e8me.<\/em><br><br>Deuxi\u00e8mement, mes clients ont eu l&rsquo;impression que le produit ne fonctionnait pas au niveau de leurs attentes. Personnellement, les choses ne vont pas toujours tr\u00e8s bien sur le terrain et c&rsquo;est ce que font l&rsquo;entreprise et le repr\u00e9sentant du fournisseur en cas de probl\u00e8me qui en fait une excellente offre. Dans la journ\u00e9e qui a suivi le contact avec le repr\u00e9sentant du fournisseur, nous avons travaill\u00e9 sur plusieurs possibilit\u00e9s diff\u00e9rentes et Robert (le VR) a donn\u00e9 de nombreuses id\u00e9es sur la fa\u00e7on d&rsquo;ajuster le syst\u00e8me pour en tirer le meilleur parti et r\u00e9pondre aux attentes des clients. Je ne peux pas exprimer \u00e0 quel point il est important d&rsquo;avoir un VR aussi r\u00e9actif et comp\u00e9tent. 10\/10 sera \u00e0 nouveau sp\u00e9cifi\u00e9\u00a0!<br><\/div><div class=\"uagb-tm__meta-inner\"><div class=\"uagb-testimonial-details\"><span class=\"uagb-tm__author-name\"><strong><strong><strong>Jenna Sparks<\/strong><\/strong><\/strong><\/span><span class=\"uagb-tm__company\">D\u00e9corateur d&rsquo;int\u00e9rieur<\/span><\/div><\/div><\/div><\/div><\/div><div class=\"uagb-testimonial__wrap  uagb-tm__imgicon-style-circle uagb-tm__image-position-bottom uagb-tm__bg-type-color \"><div class=\"uagb-tm__content\"><div class=\"uagb-tm__overlay\"><\/div><div class=\"uagb-tm__text-wrap\"><div class=\"uagb-tm__desc\"><em>Je recommande vivement cette entreprise !<\/em><br><em><br>1) Excellent service client\u00a0: lorsque vous appelez le service client, vous obtenez une personne bien inform\u00e9e (aux \u00c9tats-Unis\u00a0!) Qui est un technicien qualifi\u00e9. Rare de nos jours, mais totalement appr\u00e9ci\u00e9 des malentendants.<br>2) Ils soutiennent leurs produits\u00a0: j&rsquo;avais un ancien thermostat Warmup qui a grill\u00e9 \u00e0 cause d&rsquo;un \u00e9crou de fil desserr\u00e9 et ils m&rsquo;en ont envoy\u00e9 un nouveau gratuitement\u00a0! (m\u00eame si ce n&rsquo;\u00e9tait pas de leur faute).<\/em><br><br>Je suis du type bricoleur et j&rsquo;ai install\u00e9 tout le syst\u00e8me il y a 4 ans et je ne m&rsquo;en passerais plus maintenant. Merci.<\/div><div class=\"uagb-tm__meta-inner\"><div class=\"uagb-testimonial-details\"><span class=\"uagb-tm__author-name\"><strong><strong><strong>Ken Gornez<\/strong><\/strong><\/strong><\/span><span class=\"uagb-tm__company\">Propri\u00e9taire bricoleur<\/span><\/div><\/div><\/div><\/div><\/div><div class=\"uagb-testimonial__wrap  uagb-tm__imgicon-style-circle uagb-tm__image-position-bottom uagb-tm__bg-type-color \"><div class=\"uagb-tm__content\"><div class=\"uagb-tm__overlay\"><\/div><div class=\"uagb-tm__text-wrap\"><div class=\"uagb-tm__desc\"><em>Nous avions un projet tr\u00e8s unique pour convertir notre autobus scolaire en une petite maison. Cela demandait une solution de chauffage tr\u00e8s particuli\u00e8re qui ne prenait pas beaucoup d&rsquo;\u00e9paisseur de plancher (l&rsquo;espace libre est tr\u00e8s limit\u00e9 dans un bus \ud83d\ude09 ! L&rsquo;installation a \u00e9t\u00e9 super simple et directe et ils vous envoient tout ce dont vous avez besoin pour bien le faire\u00a0! Nous l&rsquo;avons test\u00e9 lors de notre road trip dans l&rsquo;ouest et cela a fonctionn\u00e9 PARFAITEMENT. Les thermostats qu&rsquo;ils fournissent sont beaux et sont tr\u00e8s personnalisables pour un programme qui r\u00e9pond \u00e0 vos besoins\u00a0!<\/em><\/div><div class=\"uagb-tm__meta-inner\"><div class=\"uagb-testimonial-details\"><span class=\"uagb-tm__author-name\"><strong><strong><strong>Lauren Bond<\/strong><\/strong><\/strong><\/span><span class=\"uagb-tm__company\">Propri\u00e9taire d&rsquo;une petite maison<\/span><\/div><\/div><\/div><\/div><\/div><div class=\"uagb-testimonial__wrap  uagb-tm__imgicon-style-circle uagb-tm__image-position-bottom uagb-tm__bg-type-color \"><div class=\"uagb-tm__content\"><div class=\"uagb-tm__overlay\"><\/div><div class=\"uagb-tm__text-wrap\"><div class=\"uagb-tm__desc\"><em>Avoir un syst\u00e8me de chauffage au sol par rayonnement comme ressource de chauffage pour ma future maison a toujours \u00e9t\u00e9 sur ma liste de choses \u00e0 faire. La nouvelle construction de la maison de mes r\u00eaves en a fait une r\u00e9alit\u00e9. Je suis un acheteur tr\u00e8s particulier lorsqu&rsquo;il s&rsquo;agit de choisir le meilleur produit au prix le plus raisonnable. Apr\u00e8s avoir compar\u00e9 quelques fournisseurs diff\u00e9rents sur le march\u00e9 pour le syst\u00e8me de chauffage par rayonnement le plus fiable, efficace et rentable, j&rsquo;ai choisi le syst\u00e8me DCM-Pro de Warmup. Le processus a commenc\u00e9 par l&rsquo;\u00e9laboration d&rsquo;une conception pour mon plancher chauffant de 1 800 pieds carr\u00e9s avec six zones distinctes. Mon contact de Warmup \u00e9tait Emily Leidlein. Emily \u00e9tait ma personne de r\u00e9f\u00e9rence, des ventes au service client en passant par le support technique. Je ne saurais assez louer Emily pour sa minutie et sa patience \u00e0 travailler avec moi du d\u00e9but \u00e0 la fin dans toute cette \u00e9preuve. Son \u00e9thique de travail et son professionnalisme ainsi que ceux de son \u00e9quipe sont exceptionnels. Chapeau \u00e0 \u00c9milie.<\/em><\/div><div class=\"uagb-tm__meta-inner\"><div class=\"uagb-testimonial-details\"><span class=\"uagb-tm__author-name\"><strong><strong><strong>Nelson Choi<\/strong><\/strong><\/strong><\/span><span class=\"uagb-tm__company\">Propri\u00e9taire occupant &#8211; Nouvelle construction<\/span><\/div><\/div><\/div><\/div><\/div><div class=\"uagb-testimonial__wrap  uagb-tm__imgicon-style-circle uagb-tm__image-position-bottom uagb-tm__bg-type-color \"><div class=\"uagb-tm__content\"><div class=\"uagb-tm__overlay\"><\/div><div class=\"uagb-tm__text-wrap\"><div class=\"uagb-tm__desc\"><em>JE SUIS OBS\u00c9D\u00c9E!!! Toutes mes excuses pour la longueur de cet avis, mais j&rsquo;ai beaucoup de commentaires positifs qui, je l&rsquo;esp\u00e8re, seront utiles \u00e0 d&rsquo;autres ! J&rsquo;\u00e9tais en train de r\u00e9am\u00e9nager ma salle de bain et j&rsquo;avais entendu parler des syst\u00e8mes de plancher chauffant Warmup par un ami. Je les ai contact\u00e9s \u00e0 contrec\u0153ur, pensant que ce serait un luxe bien au-dessus de mon budget et ajouterait de la complexit\u00e9 au projet. FAUX.<\/em><br><br>L&rsquo;\u00e9quipe Warmup a \u00e9t\u00e9 \u00e0 l&rsquo;\u00e9coute de mes besoins et a su recommander une solution parfaite et un prix tout \u00e0 fait raisonnable. Ils m&rsquo;ont aid\u00e9 \u00e0 commander exactement ce dont j&rsquo;avais besoin et la livraison a \u00e9t\u00e9 rapide comme l&rsquo;\u00e9clair. Ils m&rsquo;ont \u00e9galement indiqu\u00e9 des informations \/ instructions d\u00e9taill\u00e9es sur l&rsquo;installation, que j&rsquo;ai partag\u00e9es avec mon entrepreneur et il a \u00e9t\u00e9 choqu\u00e9 de voir \u00e0 quel point c&rsquo;\u00e9tait facile par rapport aux autres syst\u00e8mes qu&rsquo;il a install\u00e9s. J&rsquo;aurais pu le faire moi-m\u00eame ! Bonus &#8211; le tapis que vous posez aide \u00e0 emp\u00eacher les carreaux de se fissurer en raison du d\u00e9placement. Quand j&rsquo;ai dit \u00e0 mon mari que je voulais installer un plancher chauffant, il m&rsquo;a regard\u00e9 comme si j&rsquo;\u00e9tais folle et a dit \u00ab\u00a0Qui sommes-nous, les Kardashian?\u00a0\u00bb Ensuite, je lui ai montr\u00e9 le prix &#8211; il a \u00e9t\u00e9 \u00e9poustoufl\u00e9 de voir \u00e0 quel point c&rsquo;\u00e9tait abordable.<br><br>Le thermostat qui sert \u00e0 contr\u00f4ler le syst\u00e8me est en fait magnifique en plus d&rsquo;\u00eatre super facile \u00e0 utiliser. Vous pouvez d\u00e9finir des horaires de r\u00e9chauffement et m\u00eame changer l&rsquo;arri\u00e8re-plan de l&rsquo;interface en une image personnalis\u00e9e\u00a0! Et si vous t\u00e9l\u00e9chargez l&rsquo;application Warmup, vous pouvez contr\u00f4ler le syst\u00e8me \u00e0 distance, ce que toute ma famille adore. Ma fille est allong\u00e9e sur le sol de la salle de bain et dit qu&rsquo;elle ne veut jamais partir, lol ! C&rsquo;est un luxe qui rehaussera votre exp\u00e9rience quotidienne. \u00c7a vaut vraiment le coup. Et je ne peux vraiment pas dire assez de bien de l&rsquo;\u00e9quipe de support client. EXCELLENTE exp\u00e9rience client. Merci \u00e0 vous tous, je recommande chaudement Warmup !<\/div><div class=\"uagb-tm__meta-inner\"><div class=\"uagb-testimonial-details\"><span class=\"uagb-tm__author-name\"><strong><strong><strong>Christine Mayer<\/strong><\/strong><\/strong><\/span><span class=\"uagb-tm__company\">Propri\u00e9taire occupant &#8211; R\u00e9novation<\/span><\/div><\/div><\/div><\/div><\/div><\/div><\/div>\n<\/div>\n<\/div>\n<\/div><\/div>\n\n\n\n<div class=\"wp-block-cover\"><img decoding=\"async\" width=\"1024\" height=\"311\" class=\"wp-block-cover__image-background wp-image-40016 size-large\" alt=\"\" src=\"https:\/\/www.warmup.ca\/wp-content\/uploads\/banner-specifiers-1024x311.jpg\" data-object-fit=\"cover\" srcset=\"https:\/\/www.warmup.ca\/wp-content\/uploads\/banner-specifiers-1024x311.jpg 1024w, https:\/\/www.warmup.ca\/wp-content\/uploads\/banner-specifiers-300x91.jpg 300w, https:\/\/www.warmup.ca\/wp-content\/uploads\/banner-specifiers-768x233.jpg 768w, https:\/\/www.warmup.ca\/wp-content\/uploads\/banner-specifiers-600x182.jpg 600w, https:\/\/www.warmup.ca\/wp-content\/uploads\/banner-specifiers-200x61.jpg 200w, https:\/\/www.warmup.ca\/wp-content\/uploads\/banner-specifiers-1536x466.jpg 1536w, https:\/\/www.warmup.ca\/wp-content\/uploads\/banner-specifiers.jpg 1680w\" sizes=\"(max-width: 1024px) 100vw, 1024px\" \/><span aria-hidden=\"true\" class=\"wp-block-cover__background has-background-dim\" style=\"background-color:#717771\"><\/span><div class=\"wp-block-cover__inner-container is-layout-flow wp-block-cover-is-layout-flow\">\n<h2 class=\"wp-block-heading has-text-align-center has-ast-global-color-5-color has-text-color\" id=\"h-soumettre-un-avis-sur-houzz\">Soumettre un avis sur Houzz<\/h2>\n\n\n\n<div class=\"wp-block-buttons is-horizontal is-content-justification-center is-layout-flex wp-container-core-buttons-is-layout-03627597 wp-block-buttons-is-layout-flex\">\n<div class=\"wp-block-button\"><a class=\"wp-block-button__link wp-element-button\" href=\"https:\/\/www.houzz.com\/professionals\/kitchen-and-bath-fixtures\/warmup-us-floor-heating-systems-pfvwus-pf~218370573?\" target=\"_blank\" rel=\"noopener\">Warmup CA | Houzz<\/a><\/div>\n<\/div>\n<\/div><\/div>\n","protected":false},"excerpt":{"rendered":"","protected":false},"author":2,"featured_media":0,"parent":0,"menu_order":0,"comment_status":"closed","ping_status":"closed","template":"","meta":{"_acf_changed":false,"_uag_custom_page_level_css":"","site-sidebar-layout":"no-sidebar","site-content-layout":"page-builder","ast-site-content-layout":"full-width-container","site-content-style":"unboxed","site-sidebar-style":"unboxed","ast-global-header-display":"","ast-banner-title-visibility":"","ast-main-header-display":"","ast-hfb-above-header-display":"","ast-hfb-below-header-display":"","ast-hfb-mobile-header-display":"","site-post-title":"disabled","ast-breadcrumbs-content":"","ast-featured-img":"","footer-sml-layout":"","ast-disable-related-posts":"","theme-transparent-header-meta":"default","adv-header-id-meta":"","stick-header-meta":"default","header-above-stick-meta":"","header-main-stick-meta":"","header-below-stick-meta":"","astra-migrate-meta-layouts":"set","ast-page-background-enabled":"default","ast-page-background-meta":{"desktop":{"background-color":"","background-image":"","background-repeat":"repeat","background-position":"center center","background-size":"auto","background-attachment":"scroll","background-type":"","background-media":"","overlay-type":"","overlay-color":"","overlay-opacity":"","overlay-gradient":""},"tablet":{"background-color":"","background-image":"","background-repeat":"repeat","background-position":"center center","background-size":"auto","background-attachment":"scroll","background-type":"","background-media":"","overlay-type":"","overlay-color":"","overlay-opacity":"","overlay-gradient":""},"mobile":{"background-color":"","background-image":"","background-repeat":"repeat","background-position":"center center","background-size":"auto","background-attachment":"scroll","background-type":"","background-media":"","overlay-type":"","overlay-color":"","overlay-opacity":"","overlay-gradient":""}},"ast-content-background-meta":{"desktop":{"background-color":"var(--ast-global-color-5)","background-image":"","background-repeat":"repeat","background-position":"center center","background-size":"auto","background-attachment":"scroll","background-type":"","background-media":"","overlay-type":"","overlay-color":"","overlay-opacity":"","overlay-gradient":""},"tablet":{"background-color":"var(--ast-global-color-5)","background-image":"","background-repeat":"repeat","background-position":"center center","background-size":"auto","background-attachment":"scroll","background-type":"","background-media":"","overlay-type":"","overlay-color":"","overlay-opacity":"","overlay-gradient":""},"mobile":{"background-color":"var(--ast-global-color-5)","background-image":"","background-repeat":"repeat","background-position":"center center","background-size":"auto","background-attachment":"scroll","background-type":"","background-media":"","overlay-type":"","overlay-color":"","overlay-opacity":"","overlay-gradient":""}},"footnotes":""},"class_list":["post-42201","page","type-page","status-publish","hentry"],"acf":[],"uagb_featured_image_src":{"full":false,"thumbnail":false,"medium":false,"medium_large":false,"large":false,"1536x1536":false,"2048x2048":false},"uagb_author_info":{"display_name":"Prashanth Muthulingam","author_link":"https:\/\/www.warmup.ca\/fr\/author\/prashanth-warmup"},"uagb_comment_info":0,"uagb_excerpt":null,"_links":{"self":[{"href":"https:\/\/www.warmup.ca\/fr\/wp-json\/wp\/v2\/pages\/42201","targetHints":{"allow":["GET"]}}],"collection":[{"href":"https:\/\/www.warmup.ca\/fr\/wp-json\/wp\/v2\/pages"}],"about":[{"href":"https:\/\/www.warmup.ca\/fr\/wp-json\/wp\/v2\/types\/page"}],"author":[{"embeddable":true,"href":"https:\/\/www.warmup.ca\/fr\/wp-json\/wp\/v2\/users\/2"}],"replies":[{"embeddable":true,"href":"https:\/\/www.warmup.ca\/fr\/wp-json\/wp\/v2\/comments?post=42201"}],"version-history":[{"count":11,"href":"https:\/\/www.warmup.ca\/fr\/wp-json\/wp\/v2\/pages\/42201\/revisions"}],"predecessor-version":[{"id":49916,"href":"https:\/\/www.warmup.ca\/fr\/wp-json\/wp\/v2\/pages\/42201\/revisions\/49916"}],"wp:attachment":[{"href":"https:\/\/www.warmup.ca\/fr\/wp-json\/wp\/v2\/media?parent=42201"}],"curies":[{"name":"wp","href":"https:\/\/api.w.org\/{rel}","templated":true}]}}