{"id":42180,"date":"2021-05-25T10:03:25","date_gmt":"2021-05-25T14:03:25","guid":{"rendered":"https:\/\/www.warmup.ca\/passer-une-commande"},"modified":"2025-12-15T12:30:54","modified_gmt":"2025-12-15T17:30:54","slug":"passer-une-commande","status":"publish","type":"page","link":"https:\/\/www.warmup.ca\/fr\/passer-une-commande","title":{"rendered":"Passer une commande"},"content":{"rendered":"\n<div class=\"wp-block-cover is-light\"><img decoding=\"async\" width=\"1024\" height=\"483\" class=\"wp-block-cover__image-background wp-image-39420 size-large\" alt=\"\" src=\"https:\/\/www.warmup.ca\/wp-content\/uploads\/warmup_building-1024x483.jpg\" data-object-fit=\"cover\" srcset=\"https:\/\/www.warmup.ca\/wp-content\/uploads\/warmup_building-1024x483.jpg 1024w, https:\/\/www.warmup.ca\/wp-content\/uploads\/warmup_building-300x142.jpg 300w, https:\/\/www.warmup.ca\/wp-content\/uploads\/warmup_building-768x363.jpg 768w, https:\/\/www.warmup.ca\/wp-content\/uploads\/warmup_building-600x283.jpg 600w, https:\/\/www.warmup.ca\/wp-content\/uploads\/warmup_building-200x94.jpg 200w, https:\/\/www.warmup.ca\/wp-content\/uploads\/warmup_building-1536x725.jpg 1536w, https:\/\/www.warmup.ca\/wp-content\/uploads\/warmup_building.jpg 1680w\" sizes=\"(max-width: 1024px) 100vw, 1024px\" \/><span aria-hidden=\"true\" class=\"wp-block-cover__background has-background-dim\" style=\"background-color:#6987b8\"><\/span><div class=\"wp-block-cover__inner-container is-layout-flow wp-block-cover-is-layout-flow\">\n<h1 class=\"wp-block-heading has-text-align-center\"><strong>Passer une commande<\/strong><\/h1>\n<\/div><\/div>\n\n\n\n<div class=\"wp-block-group is-layout-flow wp-block-group-is-layout-flow\"><div class=\"wp-block-group__inner-container\">\n<div class=\"wp-block-columns custom_widthsection is-layout-flex wp-container-core-columns-is-layout-28f84493 wp-block-columns-is-layout-flex\">\n<div class=\"wp-block-column is-layout-flow wp-block-column-is-layout-flow\">\n<h2 class=\"wp-block-heading has-text-align-center\" id=\"h-thank-you-for-your-interest-in-warmup-products-for-your-business\"><strong>Merci de l&rsquo;int\u00e9r\u00eat que vous portez aux produits Warmup pour votre entreprise.<\/strong><\/h2>\n\n\n\n<h3 class=\"wp-block-heading has-text-align-center\" id=\"h-here-are-the-two-ways-you-can-place-an-order-for-delivery-in-the-next-two-days\"><strong>Voici les deux fa\u00e7ons de passer une commande pour une livraison dans les deux prochains jours :<\/strong><\/h3>\n\n\n\n<div style=\"height:50px\" aria-hidden=\"true\" class=\"wp-block-spacer\"><\/div>\n\n\n\n<div class=\"wp-block-columns custom_widthsection is-layout-flex wp-container-core-columns-is-layout-28f84493 wp-block-columns-is-layout-flex\">\n<div class=\"wp-block-column is-layout-flow wp-block-column-is-layout-flow\" style=\"flex-basis:45%\">\n<div class=\"wp-block-uagb-info-box uagb-block-a6b09e4a uagb-infobox__content-wrap  uagb-infobox-icon-above-title uagb-infobox-image-valign-top uagb-infobox__outer-wrap\"><div class=\"uagb-ifb-content\"><div class=\"uagb-ifb-icon-wrap\"><svg xmlns=\"https:\/\/www.w3.org\/2000\/svg\" viewBox=\"0 0 512 512\"><path d=\"M192 64h197.5L416 90.51V160h64V77.25c0-8.484-3.375-16.62-9.375-22.62l-45.25-45.25C419.4 3.375 411.2 0 402.8 0H160C142.3 0 128 14.33 128 32v128h64V64zM64 128H32C14.38 128 0 142.4 0 160v320c0 17.62 14.38 32 32 32h32c17.62 0 32-14.38 32-32V160C96 142.4 81.63 128 64 128zM480 192H128v288c0 17.6 14.4 32 32 32h320c17.6 0 32-14.4 32-32V224C512 206.4 497.6 192 480 192zM288 432c0 8.875-7.125 16-16 16h-32C231.1 448 224 440.9 224 432v-32C224 391.1 231.1 384 240 384h32c8.875 0 16 7.125 16 16V432zM288 304c0 8.875-7.125 16-16 16h-32C231.1 320 224 312.9 224 304v-32C224 263.1 231.1 256 240 256h32C280.9 256 288 263.1 288 272V304zM416 432c0 8.875-7.125 16-16 16h-32c-8.875 0-16-7.125-16-16v-32c0-8.875 7.125-16 16-16h32c8.875 0 16 7.125 16 16V432zM416 304c0 8.875-7.125 16-16 16h-32C359.1 320 352 312.9 352 304v-32C352 263.1 359.1 256 368 256h32C408.9 256 416 263.1 416 272V304z\"><\/path><\/svg><\/div><div class=\"uagb-ifb-title-wrap\"><h3 class=\"uagb-ifb-title\">FAX<\/h3><\/div><p class=\"uagb-ifb-desc\">Passez commande en envoyant un fax \u00e0<br><br><strong><a href=\"tel:0345%20345%202299\">0345 345 2299<\/a><\/strong><\/p><\/div><\/div>\n<\/div>\n\n\n\n<div class=\"wp-block-column is-layout-flow wp-block-column-is-layout-flow\" style=\"flex-basis:10%\"><\/div>\n\n\n\n<div class=\"wp-block-column is-layout-flow wp-block-column-is-layout-flow\" style=\"flex-basis:45%\">\n<div class=\"wp-block-uagb-info-box uagb-block-d89919ff uagb-infobox__content-wrap  uagb-infobox-icon-above-title uagb-infobox-image-valign-top uagb-infobox__outer-wrap\"><div class=\"uagb-ifb-content\"><div class=\"uagb-ifb-icon-wrap\"><svg xmlns=\"https:\/\/www.w3.org\/2000\/svg\" viewBox=\"0 0 640 512\"><path d=\"M191.9 448.6c-9.766 0-19.48-2.969-27.78-8.891L32 340.2V480c0 17.62 14.38 32 32 32h256c17.62 0 32-14.38 32-32v-139.8L220.2 439.5C211.7 445.6 201.8 448.6 191.9 448.6zM192 192c0-35.25 28.75-64 64-64h224V32c0-17.62-14.38-32-32-32H128C110.4 0 96 14.38 96 32v192h96V192zM320 256H64C46.38 256 32 270.4 32 288v12.18l151 113.8c5.25 3.719 12.7 3.734 18.27-.25L352 300.2V288C352 270.4 337.6 256 320 256zM576 160H256C238.4 160 224 174.4 224 192v32h96c33.25 0 60.63 25.38 63.75 57.88L384 416h192c17.62 0 32-14.38 32-32V192C608 174.4 593.6 160 576 160zM544 288h-64V224h64V288z\"><\/path><\/svg><\/div><div class=\"uagb-ifb-title-wrap\"><h3 class=\"uagb-ifb-title\">E-MAIL<\/h3><\/div><p class=\"uagb-ifb-desc\">Passez commande en envoyant un courriel \u00e0<br><br><strong><a href=\"mailto:dispatch@warmup.com\">dispatch@warmup.com<\/a><\/strong><\/p><\/div><\/div>\n<\/div>\n<\/div>\n<\/div>\n<\/div>\n<\/div><\/div>\n","protected":false},"excerpt":{"rendered":"<p>Merci de l&rsquo;int\u00e9r\u00eat que vous portez aux produits Warmup pour votre entreprise. Voici les deux fa\u00e7ons de passer une commande pour une livraison dans les deux prochains jours :<\/p>\n","protected":false},"author":2,"featured_media":0,"parent":0,"menu_order":0,"comment_status":"closed","ping_status":"closed","template":"","meta":{"_acf_changed":false,"_uag_custom_page_level_css":"","site-sidebar-layout":"no-sidebar","site-content-layout":"page-builder","ast-site-content-layout":"full-width-container","site-content-style":"unboxed","site-sidebar-style":"unboxed","ast-global-header-display":"","ast-banner-title-visibility":"","ast-main-header-display":"","ast-hfb-above-header-display":"","ast-hfb-below-header-display":"","ast-hfb-mobile-header-display":"","site-post-title":"disabled","ast-breadcrumbs-content":"","ast-featured-img":"","footer-sml-layout":"","ast-disable-related-posts":"","theme-transparent-header-meta":"default","adv-header-id-meta":"","stick-header-meta":"default","header-above-stick-meta":"","header-main-stick-meta":"","header-below-stick-meta":"","astra-migrate-meta-layouts":"set","ast-page-background-enabled":"default","ast-page-background-meta":{"desktop":{"background-color":"","background-image":"","background-repeat":"repeat","background-position":"center center","background-size":"auto","background-attachment":"scroll","background-type":"","background-media":"","overlay-type":"","overlay-color":"","overlay-opacity":"","overlay-gradient":""},"tablet":{"background-color":"","background-image":"","background-repeat":"repeat","background-position":"center center","background-size":"auto","background-attachment":"scroll","background-type":"","background-media":"","overlay-type":"","overlay-color":"","overlay-opacity":"","overlay-gradient":""},"mobile":{"background-color":"","background-image":"","background-repeat":"repeat","background-position":"center center","background-size":"auto","background-attachment":"scroll","background-type":"","background-media":"","overlay-type":"","overlay-color":"","overlay-opacity":"","overlay-gradient":""}},"ast-content-background-meta":{"desktop":{"background-color":"var(--ast-global-color-5)","background-image":"","background-repeat":"repeat","background-position":"center center","background-size":"auto","background-attachment":"scroll","background-type":"","background-media":"","overlay-type":"","overlay-color":"","overlay-opacity":"","overlay-gradient":""},"tablet":{"background-color":"var(--ast-global-color-5)","background-image":"","background-repeat":"repeat","background-position":"center center","background-size":"auto","background-attachment":"scroll","background-type":"","background-media":"","overlay-type":"","overlay-color":"","overlay-opacity":"","overlay-gradient":""},"mobile":{"background-color":"var(--ast-global-color-5)","background-image":"","background-repeat":"repeat","background-position":"center center","background-size":"auto","background-attachment":"scroll","background-type":"","background-media":"","overlay-type":"","overlay-color":"","overlay-opacity":"","overlay-gradient":""}},"footnotes":""},"class_list":["post-42180","page","type-page","status-publish","hentry"],"acf":[],"uagb_featured_image_src":{"full":false,"thumbnail":false,"medium":false,"medium_large":false,"large":false,"1536x1536":false,"2048x2048":false},"uagb_author_info":{"display_name":"Prashanth Muthulingam","author_link":"https:\/\/www.warmup.ca\/fr\/author\/prashanth-warmup"},"uagb_comment_info":0,"uagb_excerpt":"Merci de l&rsquo;int\u00e9r\u00eat que vous portez aux produits Warmup pour votre entreprise. Voici les deux fa\u00e7ons de passer une commande pour une livraison dans les deux prochains jours :","_links":{"self":[{"href":"https:\/\/www.warmup.ca\/fr\/wp-json\/wp\/v2\/pages\/42180","targetHints":{"allow":["GET"]}}],"collection":[{"href":"https:\/\/www.warmup.ca\/fr\/wp-json\/wp\/v2\/pages"}],"about":[{"href":"https:\/\/www.warmup.ca\/fr\/wp-json\/wp\/v2\/types\/page"}],"author":[{"embeddable":true,"href":"https:\/\/www.warmup.ca\/fr\/wp-json\/wp\/v2\/users\/2"}],"replies":[{"embeddable":true,"href":"https:\/\/www.warmup.ca\/fr\/wp-json\/wp\/v2\/comments?post=42180"}],"version-history":[{"count":4,"href":"https:\/\/www.warmup.ca\/fr\/wp-json\/wp\/v2\/pages\/42180\/revisions"}],"predecessor-version":[{"id":49899,"href":"https:\/\/www.warmup.ca\/fr\/wp-json\/wp\/v2\/pages\/42180\/revisions\/49899"}],"wp:attachment":[{"href":"https:\/\/www.warmup.ca\/fr\/wp-json\/wp\/v2\/media?parent=42180"}],"curies":[{"name":"wp","href":"https:\/\/api.w.org\/{rel}","templated":true}]}}