{"id":42172,"date":"2021-05-25T12:46:07","date_gmt":"2021-05-25T16:46:07","guid":{"rendered":"https:\/\/www.warmup.ca\/avis-de-non-responsabilite-par-courriel"},"modified":"2025-12-15T10:18:57","modified_gmt":"2025-12-15T15:18:57","slug":"avis-de-non-responsabilite-par-courriel","status":"publish","type":"page","link":"https:\/\/www.warmup.ca\/fr\/avis-de-non-responsabilite-par-courriel","title":{"rendered":"Avis de non-responsabilit\u00e9 par courriel"},"content":{"rendered":"\n<div class=\"wp-block-cover is-light\" style=\"min-height:300px;aspect-ratio:unset;\"><img decoding=\"async\" width=\"1024\" height=\"483\" class=\"wp-block-cover__image-background wp-image-39420 size-large\" alt=\"\" src=\"https:\/\/www.warmup.ca\/wp-content\/uploads\/warmup_building-1024x483.jpg\" data-object-fit=\"cover\" srcset=\"https:\/\/www.warmup.ca\/wp-content\/uploads\/warmup_building-1024x483.jpg 1024w, https:\/\/www.warmup.ca\/wp-content\/uploads\/warmup_building-300x142.jpg 300w, https:\/\/www.warmup.ca\/wp-content\/uploads\/warmup_building-768x363.jpg 768w, https:\/\/www.warmup.ca\/wp-content\/uploads\/warmup_building-600x283.jpg 600w, https:\/\/www.warmup.ca\/wp-content\/uploads\/warmup_building-200x94.jpg 200w, https:\/\/www.warmup.ca\/wp-content\/uploads\/warmup_building-1536x725.jpg 1536w, https:\/\/www.warmup.ca\/wp-content\/uploads\/warmup_building.jpg 1680w\" sizes=\"(max-width: 1024px) 100vw, 1024px\" \/><span aria-hidden=\"true\" class=\"wp-block-cover__background has-background-dim\" style=\"background-color:#6987b8\"><\/span><div class=\"wp-block-cover__inner-container is-layout-flow wp-block-cover-is-layout-flow\">\n<h1 class=\"wp-block-heading has-text-align-center\" id=\"h-email-disclaimer\"><strong>Avis de non-responsabilit\u00e9 par courriel<\/strong><\/h1>\n<\/div><\/div>\n\n\n\n<div class=\"wp-block-group is-layout-flow wp-block-group-is-layout-flow\"><div class=\"wp-block-group__inner-container\">\n<div class=\"wp-block-columns is-layout-flex wp-container-core-columns-is-layout-28f84493 wp-block-columns-is-layout-flex\">\n<div class=\"wp-block-column custom_widthsection is-layout-flow wp-block-column-is-layout-flow\">\n<p><strong>La confidentialit\u00e9 :<\/strong><\/p>\n\n\n\n<p>Tous les e-mails provenant d&rsquo;une adresse Warmup enregistr\u00e9e (et tous les documents qui les accompagnent) contiennent des informations priv\u00e9es qui peuvent \u00eatre confidentielles et sont prot\u00e9g\u00e9es par la loi : toute divulgation, copie, distribution, action ou confiance dans ces e-mails ou leurs pi\u00e8ces jointes est strictement interdite. Si vous avez re\u00e7u un courrier \u00e9lectronique par erreur, nous nous excusons et vous demandons de nous en informer imm\u00e9diatement et de supprimer imm\u00e9diatement le courrier \u00e9lectronique de votre syst\u00e8me. Nous pouvons surveiller les donn\u00e9es relatives au trafic des e-mails et le contenu des e-mails afin de maintenir les normes de service et de s\u00e9curit\u00e9 n\u00e9cessaires.<\/p>\n\n\n\n<p><strong>Opinions et repr\u00e9sentations :<\/strong><\/p>\n\n\n\n<p>Tout point de vue ou opinion exprim\u00e9 dans un e-mail provenant d&rsquo;une adresse Warmup n&rsquo;est pas n\u00e9cessairement celui de Warmup Plc. La soci\u00e9t\u00e9, ses administrateurs et ses employ\u00e9s ne garantissent ni l&rsquo;exactitude ni l&rsquo;exhaustivit\u00e9 de ce document, \u00e0 moins qu&rsquo;il n&rsquo;en soit express\u00e9ment d\u00e9cid\u00e9 autrement par \u00e9crit, sur du papier \u00e0 en-t\u00eate de la soci\u00e9t\u00e9, sign\u00e9 par un administrateur de la soci\u00e9t\u00e9.<\/p>\n\n\n\n<p><strong>Avis de responsabilit\u00e9<\/strong><\/p>\n\n\n\n<p>Warmup s&rsquo;efforce de maintenir son r\u00e9seau exempt de virus, mais il vous incombe de v\u00e9rifier que les e-mails et les pi\u00e8ces jointes ne contiennent pas de virus, car nous ne pouvons \u00eatre tenus responsables des cons\u00e9quences pour vous de tout virus transf\u00e9r\u00e9 par e-mail.<\/p>\n\n\n\n<p><strong>Warmup &#8211; Informations sur la soci\u00e9t\u00e9 :<\/strong><\/p>\n\n\n\n<p>Warmup plc (d\u00e9nomm\u00e9e Warmup) est une soci\u00e9t\u00e9 enregistr\u00e9e en Angleterre et au Pays de Galles sous le num\u00e9ro 02955213.<\/p>\n<\/div>\n<\/div>\n<\/div><\/div>\n","protected":false},"excerpt":{"rendered":"<p>La confidentialit\u00e9 : Tous les e-mails provenant d&rsquo;une adresse Warmup enregistr\u00e9e (et tous les documents qui les accompagnent) contiennent des informations priv\u00e9es qui peuvent \u00eatre confidentielles et sont prot\u00e9g\u00e9es par la loi : toute divulgation, copie, distribution, action ou confiance dans ces e-mails ou leurs pi\u00e8ces jointes est strictement interdite. Si vous avez re\u00e7u un [&hellip;]<\/p>\n","protected":false},"author":2,"featured_media":0,"parent":0,"menu_order":0,"comment_status":"closed","ping_status":"closed","template":"","meta":{"_acf_changed":false,"_uag_custom_page_level_css":"","site-sidebar-layout":"no-sidebar","site-content-layout":"page-builder","ast-site-content-layout":"full-width-container","site-content-style":"unboxed","site-sidebar-style":"unboxed","ast-global-header-display":"","ast-banner-title-visibility":"","ast-main-header-display":"","ast-hfb-above-header-display":"","ast-hfb-below-header-display":"","ast-hfb-mobile-header-display":"","site-post-title":"disabled","ast-breadcrumbs-content":"","ast-featured-img":"","footer-sml-layout":"","ast-disable-related-posts":"","theme-transparent-header-meta":"default","adv-header-id-meta":"","stick-header-meta":"default","header-above-stick-meta":"","header-main-stick-meta":"","header-below-stick-meta":"","astra-migrate-meta-layouts":"set","ast-page-background-enabled":"default","ast-page-background-meta":{"desktop":{"background-color":"","background-image":"","background-repeat":"repeat","background-position":"center center","background-size":"auto","background-attachment":"scroll","background-type":"","background-media":"","overlay-type":"","overlay-color":"","overlay-opacity":"","overlay-gradient":""},"tablet":{"background-color":"","background-image":"","background-repeat":"repeat","background-position":"center center","background-size":"auto","background-attachment":"scroll","background-type":"","background-media":"","overlay-type":"","overlay-color":"","overlay-opacity":"","overlay-gradient":""},"mobile":{"background-color":"","background-image":"","background-repeat":"repeat","background-position":"center center","background-size":"auto","background-attachment":"scroll","background-type":"","background-media":"","overlay-type":"","overlay-color":"","overlay-opacity":"","overlay-gradient":""}},"ast-content-background-meta":{"desktop":{"background-color":"var(--ast-global-color-5)","background-image":"","background-repeat":"repeat","background-position":"center center","background-size":"auto","background-attachment":"scroll","background-type":"","background-media":"","overlay-type":"","overlay-color":"","overlay-opacity":"","overlay-gradient":""},"tablet":{"background-color":"var(--ast-global-color-5)","background-image":"","background-repeat":"repeat","background-position":"center center","background-size":"auto","background-attachment":"scroll","background-type":"","background-media":"","overlay-type":"","overlay-color":"","overlay-opacity":"","overlay-gradient":""},"mobile":{"background-color":"var(--ast-global-color-5)","background-image":"","background-repeat":"repeat","background-position":"center center","background-size":"auto","background-attachment":"scroll","background-type":"","background-media":"","overlay-type":"","overlay-color":"","overlay-opacity":"","overlay-gradient":""}},"footnotes":""},"class_list":["post-42172","page","type-page","status-publish","hentry"],"acf":[],"uagb_featured_image_src":{"full":false,"thumbnail":false,"medium":false,"medium_large":false,"large":false,"1536x1536":false,"2048x2048":false},"uagb_author_info":{"display_name":"Prashanth Muthulingam","author_link":"https:\/\/www.warmup.ca\/fr\/author\/prashanth-warmup"},"uagb_comment_info":0,"uagb_excerpt":"La confidentialit\u00e9 : Tous les e-mails provenant d&rsquo;une adresse Warmup enregistr\u00e9e (et tous les documents qui les accompagnent) contiennent des informations priv\u00e9es qui peuvent \u00eatre confidentielles et sont prot\u00e9g\u00e9es par la loi : toute divulgation, copie, distribution, action ou confiance dans ces e-mails ou leurs pi\u00e8ces jointes est strictement interdite. Si vous avez re\u00e7u un\u2026","_links":{"self":[{"href":"https:\/\/www.warmup.ca\/fr\/wp-json\/wp\/v2\/pages\/42172","targetHints":{"allow":["GET"]}}],"collection":[{"href":"https:\/\/www.warmup.ca\/fr\/wp-json\/wp\/v2\/pages"}],"about":[{"href":"https:\/\/www.warmup.ca\/fr\/wp-json\/wp\/v2\/types\/page"}],"author":[{"embeddable":true,"href":"https:\/\/www.warmup.ca\/fr\/wp-json\/wp\/v2\/users\/2"}],"replies":[{"embeddable":true,"href":"https:\/\/www.warmup.ca\/fr\/wp-json\/wp\/v2\/comments?post=42172"}],"version-history":[{"count":2,"href":"https:\/\/www.warmup.ca\/fr\/wp-json\/wp\/v2\/pages\/42172\/revisions"}],"predecessor-version":[{"id":49837,"href":"https:\/\/www.warmup.ca\/fr\/wp-json\/wp\/v2\/pages\/42172\/revisions\/49837"}],"wp:attachment":[{"href":"https:\/\/www.warmup.ca\/fr\/wp-json\/wp\/v2\/media?parent=42172"}],"curies":[{"name":"wp","href":"https:\/\/api.w.org\/{rel}","templated":true}]}}