{"id":42167,"date":"2021-05-25T11:59:59","date_gmt":"2021-05-25T15:59:59","guid":{"rendered":"https:\/\/www.warmup.ca\/seminaire-cpd-sur-le-chauffage-par-le-sol"},"modified":"2025-12-15T12:55:28","modified_gmt":"2025-12-15T17:55:28","slug":"seminaire-cpd-sur-le-chauffage-par-le-sol","status":"publish","type":"page","link":"https:\/\/www.warmup.ca\/fr\/seminaire-cpd-sur-le-chauffage-par-le-sol","title":{"rendered":"S\u00e9minaire CPD sur le chauffage par le sol"},"content":{"rendered":"\n<div class=\"wp-block-cover is-light\" style=\"min-height:300px;aspect-ratio:unset;\"><img decoding=\"async\" width=\"1024\" height=\"311\" class=\"wp-block-cover__image-background wp-image-40016 size-large\" alt=\"\" src=\"https:\/\/www.warmup.ca\/wp-content\/uploads\/banner-specifiers-1024x311.jpg\" data-object-fit=\"cover\" srcset=\"https:\/\/www.warmup.ca\/wp-content\/uploads\/banner-specifiers-1024x311.jpg 1024w, https:\/\/www.warmup.ca\/wp-content\/uploads\/banner-specifiers-300x91.jpg 300w, https:\/\/www.warmup.ca\/wp-content\/uploads\/banner-specifiers-768x233.jpg 768w, https:\/\/www.warmup.ca\/wp-content\/uploads\/banner-specifiers-600x182.jpg 600w, https:\/\/www.warmup.ca\/wp-content\/uploads\/banner-specifiers-200x61.jpg 200w, https:\/\/www.warmup.ca\/wp-content\/uploads\/banner-specifiers-1536x466.jpg 1536w, https:\/\/www.warmup.ca\/wp-content\/uploads\/banner-specifiers.jpg 1680w\" sizes=\"(max-width: 1024px) 100vw, 1024px\" \/><span aria-hidden=\"true\" class=\"wp-block-cover__background has-background-dim\" style=\"background-color:#717771\"><\/span><div class=\"wp-block-cover__inner-container is-layout-flow wp-block-cover-is-layout-flow\">\n<h1 class=\"wp-block-heading has-text-align-center has-large-font-size\"><strong>S\u00e9minaire CPD sur le chauffage par le sol<\/strong><\/h1>\n<\/div><\/div>\n\n\n\n<div class=\"wp-block-group custom_widthsection is-layout-flow wp-block-group-is-layout-flow\"><div class=\"wp-block-group__inner-container\">\n<div class=\"wp-block-media-text alignwide has-media-on-the-right is-stacked-on-mobile\"><div class=\"wp-block-media-text__content\">\n<h2 class=\"wp-block-heading\" id=\"h-warmup-s-riba-and-cibse-accredited-cpd-seminar-covers\">Le s\u00e9minaire CPD accr\u00e9dit\u00e9 RIBA et CIBSE de Warmup couvre :<\/h2>\n\n\n\n<p><strong>Domaines de produits (CI\/SfB)<\/strong><\/p>\n\n\n\n<ul class=\"wp-block-list\">\n<li>Quand faut-il choisir un chauffage par le sol hydronique ou \u00e9lectrique ?<\/li>\n\n\n\n<li>Quel type de syst\u00e8me r\u00e9pondra le mieux \u00e0 mes besoins ?<\/li>\n\n\n\n<li>L&rsquo;importance de la recherche, du zonage et des contr\u00f4les<\/li>\n<\/ul>\n\n\n\n<p><strong>RIBA &amp; CIBSE Core Curriculum areas<\/strong>: Conception et construction, technologie et ing\u00e9nierie ;<br>Niveau de connaissance : Connaissance g\u00e9n\u00e9rale<\/p>\n\n\n\n<p>Nous nous rendrons dans vos locaux pour vous offrir le d\u00e9jeuner, informerons le RIBA\/CIBSE de votre participation et vous remettrons un certificat de participation.<\/p>\n\n\n\n<p>Remplissez votre obligation annuelle de formation continue et inscrivez-vous d\u00e8s aujourd&rsquo;hui au s\u00e9minaire Warmup \u00ab\u00a0Comment et quand sp\u00e9cifier le chauffage par le sol\u00a0\u00bb.<\/p>\n<\/div><figure class=\"wp-block-media-text__media\"><img decoding=\"async\" width=\"770\" height=\"529\" src=\"https:\/\/www.warmup.ca\/wp-content\/uploads\/cpd-seminar2.jpg\" alt=\"\" class=\"wp-image-40054 size-full\" srcset=\"https:\/\/www.warmup.ca\/wp-content\/uploads\/cpd-seminar2.jpg 770w, https:\/\/www.warmup.ca\/wp-content\/uploads\/cpd-seminar2-300x206.jpg 300w, https:\/\/www.warmup.ca\/wp-content\/uploads\/cpd-seminar2-768x528.jpg 768w, https:\/\/www.warmup.ca\/wp-content\/uploads\/cpd-seminar2-600x412.jpg 600w, https:\/\/www.warmup.ca\/wp-content\/uploads\/cpd-seminar2-200x137.jpg 200w\" sizes=\"(max-width: 770px) 100vw, 770px\" \/><\/figure><\/div>\n<\/div><\/div>\n\n\n\n<div class=\"wp-block-group is-layout-flow wp-block-group-is-layout-flow\"><div class=\"wp-block-group__inner-container\">\n<div class=\"wp-block-columns is-layout-flex wp-container-core-columns-is-layout-28f84493 wp-block-columns-is-layout-flex\">\n<div class=\"wp-block-column custom_widthsection is-layout-flow wp-block-column-is-layout-flow\">\n<script type=\"text\/javascript\" src=\"https:\/\/form.jotform.com\/jsform\/43205828677968\"><\/script>\n<\/div>\n<\/div>\n<\/div><\/div>\n","protected":false},"excerpt":{"rendered":"<p>Le s\u00e9minaire CPD accr\u00e9dit\u00e9 RIBA et CIBSE de Warmup couvre : Domaines de produits (CI\/SfB) RIBA &amp; CIBSE Core Curriculum areas: Conception et construction, technologie et ing\u00e9nierie ;Niveau de connaissance : Connaissance g\u00e9n\u00e9rale Nous nous rendrons dans vos locaux pour vous offrir le d\u00e9jeuner, informerons le RIBA\/CIBSE de votre participation et vous remettrons un certificat [&hellip;]<\/p>\n","protected":false},"author":2,"featured_media":0,"parent":0,"menu_order":0,"comment_status":"closed","ping_status":"closed","template":"","meta":{"_acf_changed":false,"_uag_custom_page_level_css":"","site-sidebar-layout":"no-sidebar","site-content-layout":"page-builder","ast-site-content-layout":"full-width-container","site-content-style":"unboxed","site-sidebar-style":"unboxed","ast-global-header-display":"","ast-banner-title-visibility":"","ast-main-header-display":"","ast-hfb-above-header-display":"","ast-hfb-below-header-display":"","ast-hfb-mobile-header-display":"","site-post-title":"disabled","ast-breadcrumbs-content":"","ast-featured-img":"","footer-sml-layout":"","ast-disable-related-posts":"","theme-transparent-header-meta":"default","adv-header-id-meta":"","stick-header-meta":"default","header-above-stick-meta":"","header-main-stick-meta":"","header-below-stick-meta":"","astra-migrate-meta-layouts":"set","ast-page-background-enabled":"default","ast-page-background-meta":{"desktop":{"background-color":"","background-image":"","background-repeat":"repeat","background-position":"center center","background-size":"auto","background-attachment":"scroll","background-type":"","background-media":"","overlay-type":"","overlay-color":"","overlay-opacity":"","overlay-gradient":""},"tablet":{"background-color":"","background-image":"","background-repeat":"repeat","background-position":"center center","background-size":"auto","background-attachment":"scroll","background-type":"","background-media":"","overlay-type":"","overlay-color":"","overlay-opacity":"","overlay-gradient":""},"mobile":{"background-color":"","background-image":"","background-repeat":"repeat","background-position":"center center","background-size":"auto","background-attachment":"scroll","background-type":"","background-media":"","overlay-type":"","overlay-color":"","overlay-opacity":"","overlay-gradient":""}},"ast-content-background-meta":{"desktop":{"background-color":"var(--ast-global-color-5)","background-image":"","background-repeat":"repeat","background-position":"center center","background-size":"auto","background-attachment":"scroll","background-type":"","background-media":"","overlay-type":"","overlay-color":"","overlay-opacity":"","overlay-gradient":""},"tablet":{"background-color":"var(--ast-global-color-5)","background-image":"","background-repeat":"repeat","background-position":"center center","background-size":"auto","background-attachment":"scroll","background-type":"","background-media":"","overlay-type":"","overlay-color":"","overlay-opacity":"","overlay-gradient":""},"mobile":{"background-color":"var(--ast-global-color-5)","background-image":"","background-repeat":"repeat","background-position":"center center","background-size":"auto","background-attachment":"scroll","background-type":"","background-media":"","overlay-type":"","overlay-color":"","overlay-opacity":"","overlay-gradient":""}},"footnotes":""},"class_list":["post-42167","page","type-page","status-publish","hentry"],"acf":[],"uagb_featured_image_src":{"full":false,"thumbnail":false,"medium":false,"medium_large":false,"large":false,"1536x1536":false,"2048x2048":false},"uagb_author_info":{"display_name":"Prashanth Muthulingam","author_link":"https:\/\/www.warmup.ca\/fr\/author\/prashanth-warmup"},"uagb_comment_info":0,"uagb_excerpt":"Le s\u00e9minaire CPD accr\u00e9dit\u00e9 RIBA et CIBSE de Warmup couvre : Domaines de produits (CI\/SfB) RIBA &amp; CIBSE Core Curriculum areas: Conception et construction, technologie et ing\u00e9nierie ;Niveau de connaissance : Connaissance g\u00e9n\u00e9rale Nous nous rendrons dans vos locaux pour vous offrir le d\u00e9jeuner, informerons le RIBA\/CIBSE de votre participation et vous remettrons un certificat\u2026","_links":{"self":[{"href":"https:\/\/www.warmup.ca\/fr\/wp-json\/wp\/v2\/pages\/42167","targetHints":{"allow":["GET"]}}],"collection":[{"href":"https:\/\/www.warmup.ca\/fr\/wp-json\/wp\/v2\/pages"}],"about":[{"href":"https:\/\/www.warmup.ca\/fr\/wp-json\/wp\/v2\/types\/page"}],"author":[{"embeddable":true,"href":"https:\/\/www.warmup.ca\/fr\/wp-json\/wp\/v2\/users\/2"}],"replies":[{"embeddable":true,"href":"https:\/\/www.warmup.ca\/fr\/wp-json\/wp\/v2\/comments?post=42167"}],"version-history":[{"count":3,"href":"https:\/\/www.warmup.ca\/fr\/wp-json\/wp\/v2\/pages\/42167\/revisions"}],"predecessor-version":[{"id":49913,"href":"https:\/\/www.warmup.ca\/fr\/wp-json\/wp\/v2\/pages\/42167\/revisions\/49913"}],"wp:attachment":[{"href":"https:\/\/www.warmup.ca\/fr\/wp-json\/wp\/v2\/media?parent=42167"}],"curies":[{"name":"wp","href":"https:\/\/api.w.org\/{rel}","templated":true}]}}