{"id":42117,"date":"2021-02-27T12:40:12","date_gmt":"2021-02-27T17:40:12","guid":{"rendered":"https:\/\/www.warmup.ca\/produits"},"modified":"2026-03-12T14:07:16","modified_gmt":"2026-03-12T18:07:16","slug":"produits","status":"publish","type":"page","link":"https:\/\/www.warmup.ca\/fr\/produits","title":{"rendered":"Produits"},"content":{"rendered":"\n<div class=\"wp-block-cover alignfull\" style=\"min-height:500px;aspect-ratio:unset;\"><img decoding=\"async\" width=\"600\" height=\"400\" class=\"wp-block-cover__image-background wp-image-39753 size-full\" alt=\"\" src=\"https:\/\/www.warmup.ca\/wp-content\/uploads\/pluskit-compressed.jpg\" data-object-fit=\"cover\" srcset=\"https:\/\/www.warmup.ca\/wp-content\/uploads\/pluskit-compressed.jpg 600w, https:\/\/www.warmup.ca\/wp-content\/uploads\/pluskit-compressed-300x200.jpg 300w, https:\/\/www.warmup.ca\/wp-content\/uploads\/pluskit-compressed-200x133.jpg 200w\" sizes=\"(max-width: 600px) 100vw, 600px\" \/><span aria-hidden=\"true\" class=\"wp-block-cover__background has-background-dim-90 has-background-dim\" style=\"background-color:#484e53\"><\/span><div class=\"wp-block-cover__inner-container is-layout-flow wp-block-cover-is-layout-flow\">\n<h1 class=\"wp-block-heading has-text-align-center has-white-color has-text-color\" style=\"font-size:60px\"><strong>Gamme de produits<\/strong><\/h1>\n\n\n\n<p class=\"has-text-align-center has-cyan-bluish-gray-color has-text-color has-medium-font-size\"><strong>Le choix du bon thermostat est crucial pour garantir que votre syst\u00e8me de chauffage fonctionne efficacement et facilement.  <\/strong><\/p>\n\n\n\n<div class=\"wp-block-buttons is-horizontal is-content-justification-center is-layout-flex wp-container-core-buttons-is-layout-03627597 wp-block-buttons-is-layout-flex\">\n<div class=\"wp-block-button is-style-outline is-style-outline--1\"><a class=\"wp-block-button__link has-white-color has-black-background-color has-text-color has-background wp-element-button\" href=\"#\">Nous contacter<\/a><\/div>\n<\/div>\n<\/div><\/div>\n\n\n\n<div class=\"wp-block-group alignfull has-black-background-color has-background is-layout-flow wp-block-group-is-layout-flow\"><div class=\"wp-block-group__inner-container\">\n<div class=\"wp-block-media-text is-stacked-on-mobile\" style=\"grid-template-columns:46% auto\"><figure class=\"wp-block-media-text__media\"><img decoding=\"async\" width=\"600\" height=\"400\" src=\"https:\/\/www.warmup.ca\/wp-content\/uploads\/2021\/02\/smart-removebg-preview.png\" alt=\"Warmup's 5iE Thermostat\" class=\"wp-image-39319 size-full\" srcset=\"https:\/\/www.warmup.ca\/wp-content\/uploads\/2021\/02\/smart-removebg-preview.png 600w, https:\/\/www.warmup.ca\/wp-content\/uploads\/2021\/02\/smart-removebg-preview-300x200.png 300w\" sizes=\"(max-width: 600px) 100vw, 600px\" \/><\/figure><div class=\"wp-block-media-text__content\">\n<h6 class=\"wp-block-heading has-cyan-bluish-gray-color has-text-color\"><\/h6>\n\n\n\n<h2 class=\"wp-block-heading has-white-color has-text-color\" style=\"font-size:50px\">Thermostat intelligent  <\/h2>\n\n\n\n<p class=\"has-white-color has-text-color\">Fonctionnant automatiquement, avec une communication sans fil et des technologies bas\u00e9es sur des applications, la gamme de thermostats intelligents de Warmup est notre contr\u00f4leur de chauffage le plus avanc\u00e9. Prenez une d\u00e9cision intelligente aujourd&rsquo;hui et ma\u00eetrisez vos factures d&rsquo;\u00e9nergie tout en profitant d&rsquo;un chauffage optimis\u00e9, sans effort.<\/p>\n\n\n\n<div class=\"wp-block-buttons is-layout-flex wp-block-buttons-is-layout-flex\">\n<div class=\"wp-block-button is-style-outline is-style-outline--2\"><a class=\"wp-block-button__link has-white-color has-black-background-color has-text-color has-background wp-element-button\">Thermostat intelligent<\/a><\/div>\n<\/div>\n<\/div><\/div>\n<\/div><\/div>\n\n\n\n<div class=\"wp-block-group alignfull has-black-background-color has-background is-layout-flow wp-block-group-is-layout-flow\"><div class=\"wp-block-group__inner-container\">\n<div class=\"wp-block-media-text alignfull has-media-on-the-right is-stacked-on-mobile has-black-background-color has-background\" style=\"grid-template-columns:auto 46%\"><div class=\"wp-block-media-text__content\">\n<h6 class=\"wp-block-heading has-cyan-bluish-gray-color has-text-color\"><\/h6>\n\n\n\n<h2 class=\"wp-block-heading has-white-color has-text-color\" style=\"font-size:50px\">Thermostat programmable<\/h2>\n\n\n\n<p class=\"has-white-color has-text-color\">Plus simples que nos thermostats intelligents, les thermostats programmables Warmup vous permettent de programmer votre utilisation du chauffage, ce qui permet de personnaliser votre programme de chauffage. \u00c0 utiliser avec les syst\u00e8mes de chauffage par le sol.<\/p>\n\n\n\n<div class=\"wp-block-buttons is-layout-flex wp-block-buttons-is-layout-flex\">\n<div class=\"wp-block-button is-style-outline is-style-outline--3\"><a class=\"wp-block-button__link has-white-color has-black-background-color has-text-color has-background wp-element-button\">Thermostat programmable<\/a><\/div>\n<\/div>\n<\/div><figure class=\"wp-block-media-text__media\"><img decoding=\"async\" width=\"600\" height=\"400\" src=\"https:\/\/www.warmup.ca\/wp-content\/uploads\/2021\/02\/Programmable-3iE-tempo-removebg-preview.png\" alt=\"\" class=\"wp-image-39320 size-full\" srcset=\"https:\/\/www.warmup.ca\/wp-content\/uploads\/2021\/02\/Programmable-3iE-tempo-removebg-preview.png 600w, https:\/\/www.warmup.ca\/wp-content\/uploads\/2021\/02\/Programmable-3iE-tempo-removebg-preview-300x200.png 300w\" sizes=\"(max-width: 600px) 100vw, 600px\" \/><\/figure><\/div>\n<\/div><\/div>\n\n\n\n<div class=\"wp-block-group alignfull has-black-background-color has-background is-layout-flow wp-block-group-is-layout-flow\"><div class=\"wp-block-group__inner-container\">\n<div class=\"wp-block-media-text is-stacked-on-mobile\" style=\"grid-template-columns:46% auto\"><figure class=\"wp-block-media-text__media\"><img decoding=\"async\" width=\"600\" height=\"400\" src=\"https:\/\/www.warmup.ca\/wp-content\/uploads\/2021\/02\/Manual-removebg-preview.png\" alt=\"\" class=\"wp-image-39321 size-full\" srcset=\"https:\/\/www.warmup.ca\/wp-content\/uploads\/2021\/02\/Manual-removebg-preview.png 600w, https:\/\/www.warmup.ca\/wp-content\/uploads\/2021\/02\/Manual-removebg-preview-300x200.png 300w\" sizes=\"(max-width: 600px) 100vw, 600px\" \/><\/figure><div class=\"wp-block-media-text__content\">\n<h6 class=\"wp-block-heading has-cyan-bluish-gray-color has-text-color\"><\/h6>\n\n\n\n<h2 class=\"wp-block-heading has-white-color has-text-color\" style=\"font-size:50px\">Thermostat manuel  <\/h2>\n\n\n\n<p class=\"has-white-color has-text-color\">Si vous pr\u00e9f\u00e9rez un simple thermostat \u00e0 cadran pour contr\u00f4ler votre syst\u00e8me de chauffage par le sol, jetez un coup d&rsquo;\u0153il \u00e0 la gamme de thermostats manuels de Warmup. Facile \u00e0 utiliser &#8211; il suffit de tourner la commande pour obtenir une chaleur imm\u00e9diate.<\/p>\n\n\n\n<div class=\"wp-block-buttons is-layout-flex wp-block-buttons-is-layout-flex\">\n<div class=\"wp-block-button is-style-outline is-style-outline--4\"><a class=\"wp-block-button__link has-white-color has-black-background-color has-text-color has-background wp-element-button\">Thermostat manuel  <\/a><\/div>\n<\/div>\n<\/div><\/div>\n<\/div><\/div>\n\n\n\n<div class=\"wp-block-cover alignfull is-light\"><img decoding=\"async\" width=\"1024\" height=\"496\" class=\"wp-block-cover__image-background wp-image-39286 size-large\" alt=\"\" src=\"https:\/\/www.warmup.ca\/wp-content\/uploads\/2021\/02\/5ie-customisation-background-1024x496.jpg\" data-object-fit=\"cover\" srcset=\"https:\/\/www.warmup.ca\/wp-content\/uploads\/2021\/02\/5ie-customisation-background-1024x496.jpg 1024w, https:\/\/www.warmup.ca\/wp-content\/uploads\/2021\/02\/5ie-customisation-background-300x145.jpg 300w, https:\/\/www.warmup.ca\/wp-content\/uploads\/2021\/02\/5ie-customisation-background-768x372.jpg 768w, https:\/\/www.warmup.ca\/wp-content\/uploads\/2021\/02\/5ie-customisation-background-1536x744.jpg 1536w, https:\/\/www.warmup.ca\/wp-content\/uploads\/2021\/02\/5ie-customisation-background.jpg 1680w\" sizes=\"(max-width: 1024px) 100vw, 1024px\" \/><span aria-hidden=\"true\" class=\"wp-block-cover__background has-background-dim-80 has-background-dim\" style=\"background-color:#dbdada\"><\/span><div class=\"wp-block-cover__inner-container is-layout-flow wp-block-cover-is-layout-flow\">\n<p class=\"has-text-align-center has-normal-font-size\">Vous savez quel type de thermostat est adapt\u00e9 au syst\u00e8me de chauffage de votre maison ? Voir ci-dessous la gamme compl\u00e8te des r\u00e9gulateurs de chauffage par le sol Warmup.<\/p>\n\n\n\n<p class=\"has-text-align-center has-large-font-size\"><strong>Notre gamme compl\u00e8te de thermostats pour le chauffage par le sol<\/strong><\/p>\n<\/div><\/div>\n\n\n\n<div class=\"wp-block-group alignfull box-border-shawdow is-layout-flow wp-block-group-is-layout-flow\"><div class=\"wp-block-group__inner-container\">\n<div class=\"wp-block-columns alignwide is-layout-flex wp-container-core-columns-is-layout-28f84493 wp-block-columns-is-layout-flex\">\n<div class=\"wp-block-column is-layout-flow wp-block-column-is-layout-flow\">\n<figure class=\"wp-block-image size-full\"><img decoding=\"async\" width=\"600\" height=\"400\" src=\"https:\/\/www.warmup.ca\/wp-content\/uploads\/4ie-cat.jpg\" alt=\"\" class=\"wp-image-39478\" srcset=\"https:\/\/www.warmup.ca\/wp-content\/uploads\/4ie-cat.jpg 600w, https:\/\/www.warmup.ca\/wp-content\/uploads\/4ie-cat-300x200.jpg 300w, https:\/\/www.warmup.ca\/wp-content\/uploads\/4ie-cat-200x133.jpg 200w\" sizes=\"(max-width: 600px) 100vw, 600px\" \/><\/figure>\n\n\n\n<h4 class=\"wp-block-heading has-text-align-center\"><a href=\"https:\/\/www.warmup.ca\/fr\/warmupedia\/products\/thermostat-intelligent-wifi-4ie\">4iE<\/a><\/h4>\n\n\n\n<p class=\"has-text-align-center\">Le thermostat intelligent WiFi 4iE trouve le moyen intelligent de chauffer votre maison plus efficacement.<\/p>\n<\/div>\n\n\n\n<div class=\"wp-block-column is-layout-flow wp-block-column-is-layout-flow\">\n<figure class=\"wp-block-image size-full\"><img decoding=\"async\" width=\"600\" height=\"400\" src=\"https:\/\/www.warmup.ca\/wp-content\/uploads\/3ie-cat.jpg\" alt=\"\" class=\"wp-image-39479\" srcset=\"https:\/\/www.warmup.ca\/wp-content\/uploads\/3ie-cat.jpg 600w, https:\/\/www.warmup.ca\/wp-content\/uploads\/3ie-cat-300x200.jpg 300w, https:\/\/www.warmup.ca\/wp-content\/uploads\/3ie-cat-200x133.jpg 200w\" sizes=\"(max-width: 600px) 100vw, 600px\" \/><\/figure>\n\n\n\n<h4 class=\"wp-block-heading has-text-align-center\"><a href=\"https:\/\/www.warmup.ca\/fr\/warmupedia\/products\/thermostat-de-surveillance-de-lenergie-3ie\">3iE<\/a><\/h4>\n\n\n\n<p class=\"has-text-align-center\">Thermostat programmable \u00e0 contr\u00f4le d&rsquo;\u00e9nergie qui offre un contr\u00f4le pr\u00e9cis de la temp\u00e9rature.<\/p>\n<\/div>\n\n\n\n<div class=\"wp-block-column is-layout-flow wp-block-column-is-layout-flow\">\n<figure class=\"wp-block-image size-full\"><img decoding=\"async\" width=\"600\" height=\"400\" src=\"https:\/\/www.warmup.ca\/wp-content\/uploads\/Tempo-cat.jpg\" alt=\"\" class=\"wp-image-39480\" srcset=\"https:\/\/www.warmup.ca\/wp-content\/uploads\/Tempo-cat.jpg 600w, https:\/\/www.warmup.ca\/wp-content\/uploads\/Tempo-cat-300x200.jpg 300w, https:\/\/www.warmup.ca\/wp-content\/uploads\/Tempo-cat-200x133.jpg 200w\" sizes=\"(max-width: 600px) 100vw, 600px\" \/><\/figure>\n\n\n\n<h4 class=\"wp-block-heading has-text-align-center\"><a href=\"https:\/\/www.warmup.ca\/fr\/warmupedia\/products\/thermostat-tempo\" data-type=\"link\" data-id=\"https:\/\/www.warmup.ca\/fr\/warmupedia\/products\/thermostat-tempo\">Tempo<\/a><\/h4>\n\n\n\n<p class=\"has-text-align-center\">Thermostat programmable avec cadran et curseurs faciles \u00e0 utiliser.<\/p>\n<\/div>\n<\/div>\n\n\n\n<div class=\"wp-block-columns alignwide is-layout-flex wp-container-core-columns-is-layout-28f84493 wp-block-columns-is-layout-flex\">\n<div class=\"wp-block-column is-layout-flow wp-block-column-is-layout-flow\">\n<figure class=\"wp-block-image size-full\"><img decoding=\"async\" width=\"600\" height=\"400\" src=\"https:\/\/www.warmup.ca\/wp-content\/uploads\/Manual.jpg\" alt=\"\" class=\"wp-image-39481\" srcset=\"https:\/\/www.warmup.ca\/wp-content\/uploads\/Manual.jpg 600w, https:\/\/www.warmup.ca\/wp-content\/uploads\/Manual-300x200.jpg 300w, https:\/\/www.warmup.ca\/wp-content\/uploads\/Manual-200x133.jpg 200w\" sizes=\"(max-width: 600px) 100vw, 600px\" \/><\/figure>\n\n\n\n<h4 class=\"wp-block-heading has-text-align-center\">MSTAT<\/h4>\n\n\n\n<p class=\"has-text-align-center\">Pas besoin de programmation, il suffit de cibler la temp\u00e9rature de confort souhait\u00e9e.<\/p>\n<\/div>\n\n\n\n<div class=\"wp-block-column is-layout-flow wp-block-column-is-layout-flow\">\n<figure class=\"wp-block-image size-full\"><img decoding=\"async\" width=\"600\" height=\"400\" src=\"https:\/\/www.warmup.ca\/wp-content\/uploads\/Programmable-3iE-tempo.jpg\" alt=\"\" class=\"wp-image-39483\" srcset=\"https:\/\/www.warmup.ca\/wp-content\/uploads\/Programmable-3iE-tempo.jpg 600w, https:\/\/www.warmup.ca\/wp-content\/uploads\/Programmable-3iE-tempo-300x200.jpg 300w, https:\/\/www.warmup.ca\/wp-content\/uploads\/Programmable-3iE-tempo-200x133.jpg 200w\" sizes=\"(max-width: 600px) 100vw, 600px\" \/><\/figure>\n\n\n\n<h4 class=\"wp-block-heading has-text-align-center\">test<\/h4>\n\n\n\n<p class=\"has-text-align-center\">Pas besoin de programmation, il suffit de cibler la temp\u00e9rature de confort souhait\u00e9e.<\/p>\n<\/div>\n\n\n\n<div class=\"wp-block-column is-layout-flow wp-block-column-is-layout-flow\"><\/div>\n<\/div>\n<\/div><\/div>\n\n\n\n<div class=\"wp-block-cover alignfull is-light\" style=\"min-height:470px;aspect-ratio:unset;\"><img decoding=\"async\" width=\"800\" height=\"533\" class=\"wp-block-cover__image-background wp-image-39293 size-full\" alt=\"\" src=\"https:\/\/www.warmup.ca\/wp-content\/uploads\/2021\/02\/thermostat-buying-guide.jpg\" data-object-fit=\"cover\" srcset=\"https:\/\/www.warmup.ca\/wp-content\/uploads\/2021\/02\/thermostat-buying-guide.jpg 800w, https:\/\/www.warmup.ca\/wp-content\/uploads\/2021\/02\/thermostat-buying-guide-300x200.jpg 300w, https:\/\/www.warmup.ca\/wp-content\/uploads\/2021\/02\/thermostat-buying-guide-768x512.jpg 768w\" sizes=\"(max-width: 800px) 100vw, 800px\" \/><span aria-hidden=\"true\" class=\"wp-block-cover__background has-background-dim\" style=\"background-color:#928e90\"><\/span><div class=\"wp-block-cover__inner-container is-layout-flow wp-block-cover-is-layout-flow\">\n<div class=\"wp-block-columns is-layout-flex wp-container-core-columns-is-layout-28f84493 wp-block-columns-is-layout-flex\">\n<div class=\"wp-block-column is-layout-flow wp-block-column-is-layout-flow\">\n<h2 class=\"wp-block-heading has-text-align-center has-white-color has-text-color\"><strong>Guide d&rsquo;achat des thermostats<\/strong><\/h2>\n\n\n\n<p class=\"has-text-align-center has-white-color has-text-color\"><strong>Vous n&rsquo;\u00eates pas certain du type de thermostat de chauffage au sol qui vous convient ?<br>Lisez notre guide d&rsquo;achat pour savoir exactement quel thermostat de chauffage au sol Warmup conviendrait \u00e0 vous et \u00e0 votre syst\u00e8me de chauffage.<\/strong><\/p>\n\n\n\n<div class=\"wp-block-buttons alignwide is-horizontal is-content-justification-center is-layout-flex wp-container-core-buttons-is-layout-03627597 wp-block-buttons-is-layout-flex\">\n<div class=\"wp-block-button\"><a class=\"wp-block-button__link wp-element-button\">Guide d&rsquo;achat<\/a><\/div>\n<\/div>\n<\/div>\n<\/div>\n<\/div><\/div>\n\n\n\n\n\n<p><\/p>\n","protected":false},"excerpt":{"rendered":"<p>Thermostat intelligent Fonctionnant automatiquement, avec une communication sans fil et des technologies bas\u00e9es sur des applications, la gamme de thermostats intelligents de Warmup est notre contr\u00f4leur de chauffage le plus avanc\u00e9. Prenez une d\u00e9cision intelligente aujourd&rsquo;hui et ma\u00eetrisez vos factures d&rsquo;\u00e9nergie tout en profitant d&rsquo;un chauffage optimis\u00e9, sans effort. Thermostat programmable Plus simples que nos [&hellip;]<\/p>\n","protected":false},"author":3,"featured_media":0,"parent":0,"menu_order":0,"comment_status":"closed","ping_status":"closed","template":"","meta":{"_acf_changed":false,"_uag_custom_page_level_css":"","site-sidebar-layout":"default","site-content-layout":"default","ast-site-content-layout":"default","site-content-style":"default","site-sidebar-style":"default","ast-global-header-display":"","ast-banner-title-visibility":"","ast-main-header-display":"","ast-hfb-above-header-display":"","ast-hfb-below-header-display":"","ast-hfb-mobile-header-display":"","site-post-title":"disabled","ast-breadcrumbs-content":"","ast-featured-img":"disabled","footer-sml-layout":"","ast-disable-related-posts":"","theme-transparent-header-meta":"enabled","adv-header-id-meta":"","stick-header-meta":"default","header-above-stick-meta":"","header-main-stick-meta":"","header-below-stick-meta":"","astra-migrate-meta-layouts":"set","ast-page-background-enabled":"default","ast-page-background-meta":{"desktop":{"background-color":"","background-image":"","background-repeat":"repeat","background-position":"center center","background-size":"auto","background-attachment":"scroll","background-type":"","background-media":"","overlay-type":"","overlay-color":"","overlay-opacity":"","overlay-gradient":""},"tablet":{"background-color":"","background-image":"","background-repeat":"repeat","background-position":"center center","background-size":"auto","background-attachment":"scroll","background-type":"","background-media":"","overlay-type":"","overlay-color":"","overlay-opacity":"","overlay-gradient":""},"mobile":{"background-color":"","background-image":"","background-repeat":"repeat","background-position":"center center","background-size":"auto","background-attachment":"scroll","background-type":"","background-media":"","overlay-type":"","overlay-color":"","overlay-opacity":"","overlay-gradient":""}},"ast-content-background-meta":{"desktop":{"background-color":"var(--ast-global-color-5)","background-image":"","background-repeat":"repeat","background-position":"center center","background-size":"auto","background-attachment":"scroll","background-type":"","background-media":"","overlay-type":"","overlay-color":"","overlay-opacity":"","overlay-gradient":""},"tablet":{"background-color":"var(--ast-global-color-5)","background-image":"","background-repeat":"repeat","background-position":"center center","background-size":"auto","background-attachment":"scroll","background-type":"","background-media":"","overlay-type":"","overlay-color":"","overlay-opacity":"","overlay-gradient":""},"mobile":{"background-color":"var(--ast-global-color-5)","background-image":"","background-repeat":"repeat","background-position":"center center","background-size":"auto","background-attachment":"scroll","background-type":"","background-media":"","overlay-type":"","overlay-color":"","overlay-opacity":"","overlay-gradient":""}},"footnotes":""},"class_list":["post-42117","page","type-page","status-publish","hentry"],"acf":[],"uagb_featured_image_src":{"full":false,"thumbnail":false,"medium":false,"medium_large":false,"large":false,"1536x1536":false,"2048x2048":false},"uagb_author_info":{"display_name":"Warmup PLC","author_link":"https:\/\/www.warmup.ca\/fr\/author\/shah-warmup"},"uagb_comment_info":0,"uagb_excerpt":"Thermostat intelligent Fonctionnant automatiquement, avec une communication sans fil et des technologies bas\u00e9es sur des applications, la gamme de thermostats intelligents de Warmup est notre contr\u00f4leur de chauffage le plus avanc\u00e9. Prenez une d\u00e9cision intelligente aujourd&rsquo;hui et ma\u00eetrisez vos factures d&rsquo;\u00e9nergie tout en profitant d&rsquo;un chauffage optimis\u00e9, sans effort. Thermostat programmable Plus simples que nos\u2026","_links":{"self":[{"href":"https:\/\/www.warmup.ca\/fr\/wp-json\/wp\/v2\/pages\/42117","targetHints":{"allow":["GET"]}}],"collection":[{"href":"https:\/\/www.warmup.ca\/fr\/wp-json\/wp\/v2\/pages"}],"about":[{"href":"https:\/\/www.warmup.ca\/fr\/wp-json\/wp\/v2\/types\/page"}],"author":[{"embeddable":true,"href":"https:\/\/www.warmup.ca\/fr\/wp-json\/wp\/v2\/users\/3"}],"replies":[{"embeddable":true,"href":"https:\/\/www.warmup.ca\/fr\/wp-json\/wp\/v2\/comments?post=42117"}],"version-history":[{"count":3,"href":"https:\/\/www.warmup.ca\/fr\/wp-json\/wp\/v2\/pages\/42117\/revisions"}],"predecessor-version":[{"id":51811,"href":"https:\/\/www.warmup.ca\/fr\/wp-json\/wp\/v2\/pages\/42117\/revisions\/51811"}],"wp:attachment":[{"href":"https:\/\/www.warmup.ca\/fr\/wp-json\/wp\/v2\/media?parent=42117"}],"curies":[{"name":"wp","href":"https:\/\/api.w.org\/{rel}","templated":true}]}}