{"id":42103,"date":"2021-05-24T12:51:16","date_gmt":"2021-05-24T16:51:16","guid":{"rendered":"https:\/\/www.warmup.ca\/butech-by-warmup-training-formulaire-de-commentaires"},"modified":"2025-12-15T10:21:15","modified_gmt":"2025-12-15T15:21:15","slug":"butech-by-warmup-training-formulaire-de-commentaires","status":"publish","type":"page","link":"https:\/\/www.warmup.ca\/fr\/butech-by-warmup-training-formulaire-de-commentaires","title":{"rendered":"Butech by Warmup Training &#8211; Formulaire de commentaires"},"content":{"rendered":"\n<div class=\"wp-block-cover is-light\" style=\"min-height:450px;aspect-ratio:unset;\"><img decoding=\"async\" width=\"1024\" height=\"311\" class=\"wp-block-cover__image-background wp-image-40016 size-large\" alt=\"\" src=\"https:\/\/www.warmup.ca\/wp-content\/uploads\/banner-specifiers-1024x311.jpg\" data-object-fit=\"cover\" srcset=\"https:\/\/www.warmup.ca\/wp-content\/uploads\/banner-specifiers-1024x311.jpg 1024w, https:\/\/www.warmup.ca\/wp-content\/uploads\/banner-specifiers-300x91.jpg 300w, https:\/\/www.warmup.ca\/wp-content\/uploads\/banner-specifiers-768x233.jpg 768w, https:\/\/www.warmup.ca\/wp-content\/uploads\/banner-specifiers-600x182.jpg 600w, https:\/\/www.warmup.ca\/wp-content\/uploads\/banner-specifiers-200x61.jpg 200w, https:\/\/www.warmup.ca\/wp-content\/uploads\/banner-specifiers-1536x466.jpg 1536w, https:\/\/www.warmup.ca\/wp-content\/uploads\/banner-specifiers.jpg 1680w\" sizes=\"(max-width: 1024px) 100vw, 1024px\" \/><span aria-hidden=\"true\" class=\"wp-block-cover__background has-background-dim\" style=\"background-color:#717771\"><\/span><div class=\"wp-block-cover__inner-container is-layout-flow wp-block-cover-is-layout-flow\">\n<h1 class=\"wp-block-heading\"><strong>Butech by Warmup Training &#8211; Formulaire de commentaires<\/strong><\/h1>\n\n\n\n<p class=\"has-text-align-center has-medium-font-size\">Merci de vous joindre \u00e0 nous pour l&rsquo;entra\u00eenement de Butech by Warmup for Butech, Porcelanosa Grupo aujourd&rsquo;hui !<\/p>\n\n\n\n<div class=\"wp-block-buttons is-horizontal is-content-justification-center is-layout-flex wp-container-core-buttons-is-layout-03627597 wp-block-buttons-is-layout-flex\">\n<div class=\"wp-block-button\"><a class=\"wp-block-button__link wp-element-button\" href=\"https:\/\/warmup.co.uk\/get-a-quote\" target=\"_blank\" rel=\"noopener\">OBTENIR UN DEVIS MAINTENANT<\/a><\/div>\n<\/div>\n<\/div><\/div>\n\n\n\n<div class=\"wp-block-group is-layout-flow wp-block-group-is-layout-flow\"><div class=\"wp-block-group__inner-container\">\n<p class=\"has-text-align-center\">Dans le cadre de cette session de formation, veuillez remplir ce questionnaire de retour d&rsquo;information &#8211; cela ne devrait prendre que 5 minutes de votre temps.<\/p>\n\n\n\n<p class=\"has-text-align-center\">Nous aimerions savoir si vous avez trouv\u00e9 utile la session de formation Butech sur le chauffage par le sol d&rsquo;aujourd&rsquo;hui. Vos pr\u00e9cieux commentaires nous aident \u00e0 continuer \u00e0 les am\u00e9liorer.<\/p>\n<\/div><\/div>\n\n\n\n<script type=\"text\/javascript\" src=\"https:\/\/form.jotformeu.com\/jsform\/82812749655367\"><\/script>\n","protected":false},"excerpt":{"rendered":"<p>Dans le cadre de cette session de formation, veuillez remplir ce questionnaire de retour d&rsquo;information &#8211; cela ne devrait prendre que 5 minutes de votre temps. Nous aimerions savoir si vous avez trouv\u00e9 utile la session de formation Butech sur le chauffage par le sol d&rsquo;aujourd&rsquo;hui. Vos pr\u00e9cieux commentaires nous aident \u00e0 continuer \u00e0 les [&hellip;]<\/p>\n","protected":false},"author":2,"featured_media":0,"parent":0,"menu_order":0,"comment_status":"closed","ping_status":"closed","template":"","meta":{"_acf_changed":false,"_uag_custom_page_level_css":"","site-sidebar-layout":"no-sidebar","site-content-layout":"page-builder","ast-site-content-layout":"full-width-container","site-content-style":"unboxed","site-sidebar-style":"unboxed","ast-global-header-display":"","ast-banner-title-visibility":"","ast-main-header-display":"","ast-hfb-above-header-display":"","ast-hfb-below-header-display":"","ast-hfb-mobile-header-display":"","site-post-title":"disabled","ast-breadcrumbs-content":"","ast-featured-img":"","footer-sml-layout":"","ast-disable-related-posts":"","theme-transparent-header-meta":"default","adv-header-id-meta":"","stick-header-meta":"default","header-above-stick-meta":"","header-main-stick-meta":"","header-below-stick-meta":"","astra-migrate-meta-layouts":"set","ast-page-background-enabled":"default","ast-page-background-meta":{"desktop":{"background-color":"","background-image":"","background-repeat":"repeat","background-position":"center center","background-size":"auto","background-attachment":"scroll","background-type":"","background-media":"","overlay-type":"","overlay-color":"","overlay-opacity":"","overlay-gradient":""},"tablet":{"background-color":"","background-image":"","background-repeat":"repeat","background-position":"center center","background-size":"auto","background-attachment":"scroll","background-type":"","background-media":"","overlay-type":"","overlay-color":"","overlay-opacity":"","overlay-gradient":""},"mobile":{"background-color":"","background-image":"","background-repeat":"repeat","background-position":"center center","background-size":"auto","background-attachment":"scroll","background-type":"","background-media":"","overlay-type":"","overlay-color":"","overlay-opacity":"","overlay-gradient":""}},"ast-content-background-meta":{"desktop":{"background-color":"var(--ast-global-color-5)","background-image":"","background-repeat":"repeat","background-position":"center center","background-size":"auto","background-attachment":"scroll","background-type":"","background-media":"","overlay-type":"","overlay-color":"","overlay-opacity":"","overlay-gradient":""},"tablet":{"background-color":"var(--ast-global-color-5)","background-image":"","background-repeat":"repeat","background-position":"center center","background-size":"auto","background-attachment":"scroll","background-type":"","background-media":"","overlay-type":"","overlay-color":"","overlay-opacity":"","overlay-gradient":""},"mobile":{"background-color":"var(--ast-global-color-5)","background-image":"","background-repeat":"repeat","background-position":"center center","background-size":"auto","background-attachment":"scroll","background-type":"","background-media":"","overlay-type":"","overlay-color":"","overlay-opacity":"","overlay-gradient":""}},"footnotes":""},"class_list":["post-42103","page","type-page","status-publish","hentry"],"acf":[],"uagb_featured_image_src":{"full":false,"thumbnail":false,"medium":false,"medium_large":false,"large":false,"1536x1536":false,"2048x2048":false},"uagb_author_info":{"display_name":"Prashanth Muthulingam","author_link":"https:\/\/www.warmup.ca\/fr\/author\/prashanth-warmup"},"uagb_comment_info":0,"uagb_excerpt":"Dans le cadre de cette session de formation, veuillez remplir ce questionnaire de retour d&rsquo;information &#8211; cela ne devrait prendre que 5 minutes de votre temps. Nous aimerions savoir si vous avez trouv\u00e9 utile la session de formation Butech sur le chauffage par le sol d&rsquo;aujourd&rsquo;hui. Vos pr\u00e9cieux commentaires nous aident \u00e0 continuer \u00e0 les\u2026","_links":{"self":[{"href":"https:\/\/www.warmup.ca\/fr\/wp-json\/wp\/v2\/pages\/42103","targetHints":{"allow":["GET"]}}],"collection":[{"href":"https:\/\/www.warmup.ca\/fr\/wp-json\/wp\/v2\/pages"}],"about":[{"href":"https:\/\/www.warmup.ca\/fr\/wp-json\/wp\/v2\/types\/page"}],"author":[{"embeddable":true,"href":"https:\/\/www.warmup.ca\/fr\/wp-json\/wp\/v2\/users\/2"}],"replies":[{"embeddable":true,"href":"https:\/\/www.warmup.ca\/fr\/wp-json\/wp\/v2\/comments?post=42103"}],"version-history":[{"count":4,"href":"https:\/\/www.warmup.ca\/fr\/wp-json\/wp\/v2\/pages\/42103\/revisions"}],"predecessor-version":[{"id":49839,"href":"https:\/\/www.warmup.ca\/fr\/wp-json\/wp\/v2\/pages\/42103\/revisions\/49839"}],"wp:attachment":[{"href":"https:\/\/www.warmup.ca\/fr\/wp-json\/wp\/v2\/media?parent=42103"}],"curies":[{"name":"wp","href":"https:\/\/api.w.org\/{rel}","templated":true}]}}