{"id":42072,"date":"2021-03-08T16:57:50","date_gmt":"2021-03-08T21:57:50","guid":{"rendered":"https:\/\/www.warmup.ca\/guide-de-style-pour-les-pages-de-produits"},"modified":"2025-12-15T11:47:26","modified_gmt":"2025-12-15T16:47:26","slug":"guide-de-style-pour-les-pages-de-produits","status":"publish","type":"page","link":"https:\/\/www.warmup.ca\/fr\/guide-de-style-pour-les-pages-de-produits","title":{"rendered":"guide de style pour les pages de produits"},"content":{"rendered":"\n<div class=\"wp-block-columns is-layout-flex wp-container-core-columns-is-layout-28f84493 wp-block-columns-is-layout-flex\">\n<div class=\"wp-block-column is-layout-flow wp-block-column-is-layout-flow\">\n<p><\/p>\n\n\n\n<h1 class=\"wp-block-heading\">Thermostat intelligent WiFi 4iE<\/h1>\n\n\n\n<p>Le 4iE est un thermostat de chauffage intelligent qui fonctionne avec votre smartphone pour vous offrir un chauffage optimal, rentable et \u00e9conome en \u00e9nergie. Utilisable avec les syst\u00e8mes de chauffage au sol \u00e9lectriques et \u00e0 eau, le 4iE ne n\u00e9cessite aucune programmation et utilise les derni\u00e8res technologies de Warmup pour garantir que votre maison soit toujours \u00e0 la temp\u00e9rature souhait\u00e9e, au bon moment, pour vous.<\/p>\n\n\n\n<div class=\"wp-block-buttons is-horizontal is-content-justification-left is-layout-flex wp-container-core-buttons-is-layout-20be11b6 wp-block-buttons-is-layout-flex\">\n<div class=\"wp-block-button\"><a class=\"wp-block-button__link wp-element-button\">Commencez gratuitement<\/a><\/div>\n\n\n\n<div class=\"wp-block-button\"><a class=\"wp-block-button__link wp-element-button\">En savoir plus<\/a><\/div>\n<\/div>\n<\/div>\n\n\n\n<div class=\"wp-block-column is-layout-flow wp-block-column-is-layout-flow\">\n<figure class=\"wp-block-image size-full\"><img decoding=\"async\" width=\"500\" height=\"461\" src=\"https:\/\/www.warmup.ca\/wp-content\/uploads\/warmup-4iE-2.png\" alt=\"\" class=\"wp-image-40449\" srcset=\"https:\/\/www.warmup.ca\/wp-content\/uploads\/warmup-4iE-2.png 500w, https:\/\/www.warmup.ca\/wp-content\/uploads\/warmup-4iE-2-300x277.png 300w, https:\/\/www.warmup.ca\/wp-content\/uploads\/warmup-4iE-2-200x184.png 200w\" sizes=\"(max-width: 500px) 100vw, 500px\" \/><\/figure>\n<\/div>\n<\/div>\n\n\n\n<div class=\"wp-block-group alignfull has-background is-layout-flow wp-block-group-is-layout-flow\" style=\"background-color:#f7f9fc\"><div class=\"wp-block-group__inner-container\">\n<div class=\"wp-block-columns is-layout-flex wp-container-core-columns-is-layout-28f84493 wp-block-columns-is-layout-flex\">\n<div class=\"wp-block-column is-layout-flow wp-block-column-is-layout-flow\">\n<h4 class=\"wp-block-heading\">Un style personnalis\u00e9<\/h4>\n\n\n\n<p>Neque lacus nunc, vitae fames mattis proin dictum blandit quam.<\/p>\n<\/div>\n\n\n\n<div class=\"wp-block-column is-layout-flow wp-block-column-is-layout-flow\">\n<h4 class=\"wp-block-heading\">Entra\u00eenement avec un ami<\/h4>\n\n\n\n<p>Tempus enim sed urna blandit mauris semper ligula.<\/p>\n<\/div>\n\n\n\n<div class=\"wp-block-column is-layout-flow wp-block-column-is-layout-flow\">\n<h4 class=\"wp-block-heading\">Suivi et progr\u00e8s<\/h4>\n\n\n\n<p>Habitant nunc, volutpat urna quam purus purus nisi.<\/p>\n<\/div>\n<\/div>\n\n\n\n<div class=\"wp-block-columns is-layout-flex wp-container-core-columns-is-layout-28f84493 wp-block-columns-is-layout-flex\">\n<div class=\"wp-block-column is-layout-flow wp-block-column-is-layout-flow\">\n<h4 class=\"wp-block-heading\">Amusement et comp\u00e9tition<\/h4>\n\n\n\n<p>Semper justo malesuada nibh ipsum in fermentum non.<\/p>\n<\/div>\n\n\n\n<div class=\"wp-block-column is-layout-flow wp-block-column-is-layout-flow\">\n<h4 class=\"wp-block-heading\">La musique que vous aimez<\/h4>\n\n\n\n<p>Facilisis ut vulputate enim, viverra elementum, amet orci.<\/p>\n<\/div>\n\n\n\n<div class=\"wp-block-column is-layout-flow wp-block-column-is-layout-flow\">\n<h4 class=\"wp-block-heading\">Menu di\u00e9t\u00e9tique personnalis\u00e9<\/h4>\n\n\n\n<p>Aenean morbi gravida aliquet volutpat, et ligula augue<\/p>\n<\/div>\n<\/div>\n<\/div><\/div>\n\n\n\n<div class=\"wp-block-group has-white-background-color has-background is-layout-flow wp-block-group-is-layout-flow\"><div class=\"wp-block-group__inner-container\">\n<div class=\"wp-block-media-text is-stacked-on-mobile\" style=\"grid-template-columns:42% auto\"><figure class=\"wp-block-media-text__media\"><img decoding=\"async\" width=\"600\" height=\"760\" src=\"https:\/\/www.warmup.ca\/wp-content\/uploads\/2020\/10\/tech-startup-gaphic.png\" alt=\"\" class=\"wp-image-39268 size-full\" srcset=\"https:\/\/www.warmup.ca\/wp-content\/uploads\/2020\/10\/tech-startup-gaphic.png 600w, https:\/\/www.warmup.ca\/wp-content\/uploads\/2020\/10\/tech-startup-gaphic-237x300.png 237w\" sizes=\"(max-width: 600px) 100vw, 600px\" \/><\/figure><div class=\"wp-block-media-text__content\">\n<p class=\"has-text-color\" style=\"color:#f45a2a\">Suivi des progr\u00e8s<\/p>\n\n\n\n<h2 class=\"wp-block-heading\">Qu&rsquo;est-ce que c&rsquo;est ?<\/h2>\n\n\n\n<p>Diam vestibulum tristique non purus velit dictum vel aliquam id egestas odio tortor volutpat nulla varius aliquam vulputate commodo mus volutpat pretium, quam hendrerit enim aliquam nisl imperdiet vivamus a, consectetur venenatis vivamus quam in vulputate lacus, lacus nec bibendum.<\/p>\n\n\n\n<ul id=\"block-65023eb7-8821-4c7a-8e9f-b3710229a15d\" class=\"wp-block-list\">\n<li>Mauris at proin sapien<\/li>\n\n\n\n<li>Sodales sed pulvinar venenatis<\/li>\n\n\n\n<li>Sed ac pellentesque sed<\/li>\n<\/ul>\n<\/div><\/div>\n\n\n\n<div class=\"wp-block-media-text alignwide has-media-on-the-right is-stacked-on-mobile\" style=\"grid-template-columns:auto 42%\"><div class=\"wp-block-media-text__content\">\n<p class=\"has-text-color\" style=\"color:#f45a2a\">Notification intelligente<\/p>\n\n\n\n<h2 class=\"wp-block-heading\">Principales caract\u00e9ristiques<\/h2>\n\n\n\n<p>Proin massa odio amet tellus dignissim condimentum in viverra eget rhoncus, adipiscing eget ut donec vel enim, ultrices vestibulum nisl vel blandit dui enim hac sed a at laoreet eget sagittis dictum.<\/p>\n\n\n\n<div class=\"wp-block-buttons is-layout-flex wp-block-buttons-is-layout-flex\">\n<div class=\"wp-block-button\"><a class=\"wp-block-button__link wp-element-button\" rel=\"#\">En savoir plus<\/a><\/div>\n<\/div>\n<\/div><figure class=\"wp-block-media-text__media\"><img decoding=\"async\" width=\"600\" height=\"760\" src=\"https:\/\/www.warmup.ca\/wp-content\/uploads\/2020\/10\/tech-startup-gaphic.png\" alt=\"\" class=\"wp-image-39268 size-full\" srcset=\"https:\/\/www.warmup.ca\/wp-content\/uploads\/2020\/10\/tech-startup-gaphic.png 600w, https:\/\/www.warmup.ca\/wp-content\/uploads\/2020\/10\/tech-startup-gaphic-237x300.png 237w\" sizes=\"(max-width: 600px) 100vw, 600px\" \/><\/figure><\/div>\n\n\n\n<div class=\"wp-block-media-text is-stacked-on-mobile\" style=\"grid-template-columns:42% auto\"><figure class=\"wp-block-media-text__media\"><img decoding=\"async\" width=\"600\" height=\"760\" src=\"https:\/\/www.warmup.ca\/wp-content\/uploads\/2020\/10\/tech-startup-gaphic.png\" alt=\"\" class=\"wp-image-39268 size-full\" srcset=\"https:\/\/www.warmup.ca\/wp-content\/uploads\/2020\/10\/tech-startup-gaphic.png 600w, https:\/\/www.warmup.ca\/wp-content\/uploads\/2020\/10\/tech-startup-gaphic-237x300.png 237w\" sizes=\"(max-width: 600px) 100vw, 600px\" \/><\/figure><div class=\"wp-block-media-text__content\">\n<p class=\"has-text-color\" style=\"color:#f45a2a\">Suivi des progr\u00e8s<\/p>\n\n\n\n<h2 class=\"wp-block-heading\">Comment l&rsquo;utiliser<\/h2>\n\n\n\n<p>Diam vestibulum tristique non purus velit dictum vel aliquam id egestas odio tortor volutpat nulla varius aliquam vulputate commodo mus volutpat pretium, quam hendrerit enim aliquam nisl imperdiet vivamus a, consectetur venenatis vivamus quam in vulputate lacus, lacus nec bibendum.<\/p>\n\n\n\n<ul id=\"block-65023eb7-8821-4c7a-8e9f-b3710229a15d\" class=\"wp-block-list\">\n<li>Mauris at proin sapien<\/li>\n\n\n\n<li>Sodales sed pulvinar venenatis<\/li>\n\n\n\n<li>Sed ac pellentesque sed<\/li>\n<\/ul>\n<\/div><\/div>\n<\/div><\/div>\n\n\n\n<h2 class=\"wp-block-heading\">Sp\u00e9cifications techniques<\/h2>\n\n\n\n<figure class=\"wp-block-table\"><table><tbody><tr><td>Dimensions<\/td><td>(H\/W\/D) : 90 x 110 x 18mm<\/td><\/tr><tr><td>Capteurs<\/td><td>Air et sol\/ambiance (peut \u00eatre \u00e9tendu \u00e0 50m)<\/td><\/tr><tr><td>Profondeur d&rsquo;installation<\/td><td>Bo\u00eete arri\u00e8re 35 mm<\/td><\/tr><tr><td>Indice IP<\/td><td>IP33<\/td><\/tr><tr><td>Classe Er-P<\/td><td>IV<\/td><\/tr><tr><td>Garantie<\/td><td>3 ans avec extension de garantie \u00e0 vie disponible<br>*Mise \u00e0 niveau pour seulement \u00a329.99 TTC. TVA<\/td><\/tr><\/tbody><\/table><\/figure>\n\n\n\n<h2 class=\"wp-block-heading\">Compatibilit\u00e9<\/h2>\n\n\n\n<figure class=\"wp-block-table is-style-stripes\"><table><tbody><tr><td>Le 4iE doit \u00eatre aliment\u00e9 en permanence en 230VAC.<\/td><td><\/td><\/tr><tr><td>Compatible avec les syst\u00e8mes de chauffage par le sol \u00e9lectriques et hydroniques jusqu&rsquo;\u00e0 16A<\/td><td><\/td><\/tr><tr><td>Compatible avec les chaudi\u00e8res Combi et System avec entr\u00e9e Switch Live (230VAC)<\/td><td><\/td><\/tr><tr><td>Pour les syst\u00e8mes \u00e0 faible tension ou sans tension, un contacteur doit \u00eatre utilis\u00e9.<\/td><td><\/td><\/tr><\/tbody><\/table><\/figure>\n","protected":false},"excerpt":{"rendered":"<p>Thermostat intelligent WiFi 4iE Le 4iE est un thermostat de chauffage intelligent qui fonctionne avec votre smartphone pour vous offrir un chauffage optimal, rentable et \u00e9conome en \u00e9nergie. Utilisable avec les syst\u00e8mes de chauffage au sol \u00e9lectriques et \u00e0 eau, le 4iE ne n\u00e9cessite aucune programmation et utilise les derni\u00e8res technologies de Warmup pour garantir [&hellip;]<\/p>\n","protected":false},"author":3,"featured_media":0,"parent":0,"menu_order":0,"comment_status":"closed","ping_status":"closed","template":"","meta":{"_acf_changed":false,"_uag_custom_page_level_css":"","site-sidebar-layout":"default","site-content-layout":"default","ast-site-content-layout":"default","site-content-style":"default","site-sidebar-style":"default","ast-global-header-display":"","ast-banner-title-visibility":"","ast-main-header-display":"","ast-hfb-above-header-display":"","ast-hfb-below-header-display":"","ast-hfb-mobile-header-display":"","site-post-title":"disabled","ast-breadcrumbs-content":"","ast-featured-img":"disabled","footer-sml-layout":"","ast-disable-related-posts":"","theme-transparent-header-meta":"default","adv-header-id-meta":"","stick-header-meta":"default","header-above-stick-meta":"","header-main-stick-meta":"","header-below-stick-meta":"","astra-migrate-meta-layouts":"set","ast-page-background-enabled":"default","ast-page-background-meta":{"desktop":{"background-color":"","background-image":"","background-repeat":"repeat","background-position":"center center","background-size":"auto","background-attachment":"scroll","background-type":"","background-media":"","overlay-type":"","overlay-color":"","overlay-opacity":"","overlay-gradient":""},"tablet":{"background-color":"","background-image":"","background-repeat":"repeat","background-position":"center center","background-size":"auto","background-attachment":"scroll","background-type":"","background-media":"","overlay-type":"","overlay-color":"","overlay-opacity":"","overlay-gradient":""},"mobile":{"background-color":"","background-image":"","background-repeat":"repeat","background-position":"center center","background-size":"auto","background-attachment":"scroll","background-type":"","background-media":"","overlay-type":"","overlay-color":"","overlay-opacity":"","overlay-gradient":""}},"ast-content-background-meta":{"desktop":{"background-color":"var(--ast-global-color-5)","background-image":"","background-repeat":"repeat","background-position":"center center","background-size":"auto","background-attachment":"scroll","background-type":"","background-media":"","overlay-type":"","overlay-color":"","overlay-opacity":"","overlay-gradient":""},"tablet":{"background-color":"var(--ast-global-color-5)","background-image":"","background-repeat":"repeat","background-position":"center center","background-size":"auto","background-attachment":"scroll","background-type":"","background-media":"","overlay-type":"","overlay-color":"","overlay-opacity":"","overlay-gradient":""},"mobile":{"background-color":"var(--ast-global-color-5)","background-image":"","background-repeat":"repeat","background-position":"center center","background-size":"auto","background-attachment":"scroll","background-type":"","background-media":"","overlay-type":"","overlay-color":"","overlay-opacity":"","overlay-gradient":""}},"footnotes":""},"class_list":["post-42072","page","type-page","status-publish","hentry"],"acf":[],"uagb_featured_image_src":{"full":false,"thumbnail":false,"medium":false,"medium_large":false,"large":false,"1536x1536":false,"2048x2048":false},"uagb_author_info":{"display_name":"Warmup PLC","author_link":"https:\/\/www.warmup.ca\/fr\/author\/shah-warmup"},"uagb_comment_info":0,"uagb_excerpt":"Thermostat intelligent WiFi 4iE Le 4iE est un thermostat de chauffage intelligent qui fonctionne avec votre smartphone pour vous offrir un chauffage optimal, rentable et \u00e9conome en \u00e9nergie. Utilisable avec les syst\u00e8mes de chauffage au sol \u00e9lectriques et \u00e0 eau, le 4iE ne n\u00e9cessite aucune programmation et utilise les derni\u00e8res technologies de Warmup pour garantir\u2026","_links":{"self":[{"href":"https:\/\/www.warmup.ca\/fr\/wp-json\/wp\/v2\/pages\/42072","targetHints":{"allow":["GET"]}}],"collection":[{"href":"https:\/\/www.warmup.ca\/fr\/wp-json\/wp\/v2\/pages"}],"about":[{"href":"https:\/\/www.warmup.ca\/fr\/wp-json\/wp\/v2\/types\/page"}],"author":[{"embeddable":true,"href":"https:\/\/www.warmup.ca\/fr\/wp-json\/wp\/v2\/users\/3"}],"replies":[{"embeddable":true,"href":"https:\/\/www.warmup.ca\/fr\/wp-json\/wp\/v2\/comments?post=42072"}],"version-history":[{"count":7,"href":"https:\/\/www.warmup.ca\/fr\/wp-json\/wp\/v2\/pages\/42072\/revisions"}],"predecessor-version":[{"id":49874,"href":"https:\/\/www.warmup.ca\/fr\/wp-json\/wp\/v2\/pages\/42072\/revisions\/49874"}],"wp:attachment":[{"href":"https:\/\/www.warmup.ca\/fr\/wp-json\/wp\/v2\/media?parent=42072"}],"curies":[{"name":"wp","href":"https:\/\/api.w.org\/{rel}","templated":true}]}}