{"id":42069,"date":"2021-03-08T16:20:40","date_gmt":"2021-03-08T21:20:40","guid":{"rendered":"https:\/\/www.warmup.ca\/guide-de-style-des-pages-de-categories"},"modified":"2025-12-15T12:10:04","modified_gmt":"2025-12-15T17:10:04","slug":"guide-de-style-des-pages-de-categories","status":"publish","type":"page","link":"https:\/\/www.warmup.ca\/fr\/guide-de-style-des-pages-de-categories","title":{"rendered":"Guide de style des pages de cat\u00e9gories"},"content":{"rendered":"\n<div class=\"wp-block-cover alignfull is-light\" style=\"min-height:900px;aspect-ratio:unset;\"><img decoding=\"async\" width=\"1024\" height=\"496\" class=\"wp-block-cover__image-background wp-image-39286 size-large\" alt=\"\" src=\"https:\/\/www.warmup.ca\/wp-content\/uploads\/2021\/02\/5ie-customisation-background-1024x496.jpg\" data-object-fit=\"cover\" srcset=\"https:\/\/www.warmup.ca\/wp-content\/uploads\/2021\/02\/5ie-customisation-background-1024x496.jpg 1024w, https:\/\/www.warmup.ca\/wp-content\/uploads\/2021\/02\/5ie-customisation-background-300x145.jpg 300w, https:\/\/www.warmup.ca\/wp-content\/uploads\/2021\/02\/5ie-customisation-background-768x372.jpg 768w, https:\/\/www.warmup.ca\/wp-content\/uploads\/2021\/02\/5ie-customisation-background-1536x744.jpg 1536w, https:\/\/www.warmup.ca\/wp-content\/uploads\/2021\/02\/5ie-customisation-background.jpg 1680w\" sizes=\"(max-width: 1024px) 100vw, 1024px\" \/><span aria-hidden=\"true\" class=\"wp-block-cover__background has-background-dim-0 has-background-dim\" style=\"background-color:#dbdada\"><\/span><div class=\"wp-block-cover__inner-container is-layout-flow wp-block-cover-is-layout-flow\">\n<div class=\"wp-block-media-text alignwide has-media-on-the-right is-stacked-on-mobile is-vertically-aligned-center\" style=\"grid-template-columns:auto 45%\"><div class=\"wp-block-media-text__content\">\n<h1 class=\"wp-block-heading has-white-color has-text-color\">Thermostats et commandes de chauffage<\/h1>\n\n\n\n<p class=\"has-text-color\" style=\"color:#f6fcff\">Le choix du bon thermostat est crucial pour garantir que votre syst\u00e8me de chauffage fonctionne efficacement et facilement. Pour vous offrir, \u00e0 vous et \u00e0 votre maison, une exp\u00e9rience de chauffage optimale, Warmup propose une large gamme de r\u00e9gulateurs de chauffage par le sol, du simple thermostat manuel au tout dernier thermostat intelligent accessible \u00e0 distance.<\/p>\n<\/div><figure class=\"wp-block-media-text__media\"><img decoding=\"async\" src=\"https:\/\/warmupcdn.co.uk\/wp-content\/uploads\/2021\/02\/4iE-hero-with-phone-removebg-preview.png\" alt=\"\" class=\"wp-image-31238 size-full\"\/><\/figure><\/div>\n<\/div><\/div>\n\n\n\n<div class=\"wp-block-group alignfull has-white-background-color has-background is-layout-flow wp-block-group-is-layout-flow\"><div class=\"wp-block-group__inner-container\">\n<div class=\"wp-block-columns is-layout-flex wp-container-core-columns-is-layout-28f84493 wp-block-columns-is-layout-flex\">\n<div class=\"wp-block-column is-layout-flow wp-block-column-is-layout-flow\" style=\"flex-basis:66.66%\">\n<h2 class=\"wp-block-heading\">Quels sont les meilleurs thermostats ?<\/h2>\n\n\n\n<p>Tempor massa fames nunc vehicula cras donec vivamus amet non porttitor odio elementum lorem enim nulla tortor congue nunc varius commodo elit augue amet.<\/p>\n<\/div>\n\n\n\n<div class=\"wp-block-column is-layout-flow wp-block-column-is-layout-flow\" style=\"flex-basis:33.33%\"><\/div>\n<\/div>\n\n\n\n<div class=\"wp-block-columns is-layout-flex wp-container-core-columns-is-layout-28f84493 wp-block-columns-is-layout-flex\">\n<div class=\"wp-block-column is-layout-flow wp-block-column-is-layout-flow\">\n<h4 class=\"wp-block-heading\">Smart<\/h4>\n\n\n\n<figure class=\"wp-block-image size-full\"><img decoding=\"async\" width=\"600\" height=\"400\" src=\"https:\/\/www.warmup.ca\/wp-content\/uploads\/2021\/02\/smart-removebg-preview.png\" alt=\"Warmup's 5iE Thermostat\" class=\"wp-image-39319\" srcset=\"https:\/\/www.warmup.ca\/wp-content\/uploads\/2021\/02\/smart-removebg-preview.png 600w, https:\/\/www.warmup.ca\/wp-content\/uploads\/2021\/02\/smart-removebg-preview-300x200.png 300w\" sizes=\"(max-width: 600px) 100vw, 600px\" \/><\/figure>\n\n\n\n<p>Neque lacus nunc, vitae fames mattis proin dictum blandit quam.<\/p>\n<\/div>\n\n\n\n<div class=\"wp-block-column is-layout-flow wp-block-column-is-layout-flow\">\n<h4 class=\"wp-block-heading\">Programmable<\/h4>\n\n\n\n<figure class=\"wp-block-image aligncenter size-full is-resized\"><img decoding=\"async\" width=\"981\" height=\"980\" src=\"https:\/\/www.warmup.ca\/wp-content\/uploads\/2021\/03\/img_449812-1.png\" alt=\"An icon depicting a compass\" class=\"wp-image-39334\" style=\"width:235px;height:234px\" srcset=\"https:\/\/www.warmup.ca\/wp-content\/uploads\/2021\/03\/img_449812-1.png 981w, https:\/\/www.warmup.ca\/wp-content\/uploads\/2021\/03\/img_449812-1-300x300.png 300w, https:\/\/www.warmup.ca\/wp-content\/uploads\/2021\/03\/img_449812-1-150x150.png 150w, https:\/\/www.warmup.ca\/wp-content\/uploads\/2021\/03\/img_449812-1-768x767.png 768w\" sizes=\"(max-width: 981px) 100vw, 981px\" \/><\/figure>\n\n\n\n<p>Tempus enim sed urna blandit mauris semper ligula.<\/p>\n<\/div>\n\n\n\n<div class=\"wp-block-column is-layout-flow wp-block-column-is-layout-flow\">\n<h4 class=\"wp-block-heading\">Manuel<\/h4>\n\n\n\n<figure class=\"wp-block-image size-full\"><img decoding=\"async\" width=\"600\" height=\"400\" src=\"https:\/\/www.warmup.ca\/wp-content\/uploads\/2021\/02\/smart-removebg-preview.png\" alt=\"Warmup's 5iE Thermostat\" class=\"wp-image-39319\" srcset=\"https:\/\/www.warmup.ca\/wp-content\/uploads\/2021\/02\/smart-removebg-preview.png 600w, https:\/\/www.warmup.ca\/wp-content\/uploads\/2021\/02\/smart-removebg-preview-300x200.png 300w\" sizes=\"(max-width: 600px) 100vw, 600px\" \/><\/figure>\n\n\n\n<p>Habitant nunc, volutpat urna quam purus purus nisi.<\/p>\n<\/div>\n<\/div>\n<\/div><\/div>\n\n\n\n<div class=\"wp-block-cover alignfull is-light\"><span aria-hidden=\"true\" class=\"wp-block-cover__background has-background-dim-100 has-background-dim\" style=\"background-color:#f7f9fc\"><\/span><div class=\"wp-block-cover__inner-container is-layout-flow wp-block-cover-is-layout-flow\">\n<div class=\"wp-block-media-text alignwide is-stacked-on-mobile\" style=\"grid-template-columns:47% auto\"><figure class=\"wp-block-media-text__media\"><img decoding=\"async\" width=\"600\" height=\"400\" src=\"https:\/\/www.warmup.ca\/wp-content\/uploads\/4ie-cat.jpg\" alt=\"\" class=\"wp-image-39478 size-full\" srcset=\"https:\/\/www.warmup.ca\/wp-content\/uploads\/4ie-cat.jpg 600w, https:\/\/www.warmup.ca\/wp-content\/uploads\/4ie-cat-300x200.jpg 300w, https:\/\/www.warmup.ca\/wp-content\/uploads\/4ie-cat-200x133.jpg 200w\" sizes=\"(max-width: 600px) 100vw, 600px\" \/><\/figure><div class=\"wp-block-media-text__content\">\n<h6 class=\"wp-block-heading has-text-color\" style=\"color:#f45a2a\">Suivi des progr\u00e8s<\/h6>\n\n\n\n<h2 class=\"wp-block-heading has-text-color\" style=\"color:#2f373d\"><strong>4iE<\/strong><\/h2>\n\n\n\n<p class=\"has-text-color\" style=\"color:#7e868c\">Diam vestibulum tristique non purus velit dictum vel aliquam id egestas odio tortor volutpat nulla varius aliquam vulputate commodo mus volutpat pretium, quam hendrerit enim aliquam nisl imperdiet vivamus a, consectetur venenatis vivamus quam in vulputate lacus, lacus nec.<\/p>\n<\/div><\/div>\n\n\n\n<div class=\"wp-block-media-text alignwide has-media-on-the-right is-stacked-on-mobile\" style=\"grid-template-columns:auto 47%\"><div class=\"wp-block-media-text__content\">\n<h6 class=\"wp-block-heading has-text-color\" style=\"color:#f45a2a\">Notification intelligente<\/h6>\n\n\n\n<h2 class=\"wp-block-heading has-text-color\" style=\"color:#2f373d\"><strong>3iE<\/strong><\/h2>\n\n\n\n<p class=\"has-text-color\" style=\"color:#7e868c\">Proin massa odio amet tellus dignissim condimentum in viverra eget rhoncus, adipiscing eget ut donec vel enim, ultrices vestibulum nisl vel blandit dui enim hac sed a at laoreet eget sagittis dictum.<\/p>\n<\/div><figure class=\"wp-block-media-text__media\"><img decoding=\"async\" width=\"600\" height=\"400\" src=\"https:\/\/www.warmup.ca\/wp-content\/uploads\/3ie-cat.jpg\" alt=\"\" class=\"wp-image-39479 size-full\" srcset=\"https:\/\/www.warmup.ca\/wp-content\/uploads\/3ie-cat.jpg 600w, https:\/\/www.warmup.ca\/wp-content\/uploads\/3ie-cat-300x200.jpg 300w, https:\/\/www.warmup.ca\/wp-content\/uploads\/3ie-cat-200x133.jpg 200w\" sizes=\"(max-width: 600px) 100vw, 600px\" \/><\/figure><\/div>\n\n\n\n<div class=\"wp-block-media-text alignwide is-stacked-on-mobile\" style=\"grid-template-columns:47% auto\"><figure class=\"wp-block-media-text__media\"><img decoding=\"async\" width=\"600\" height=\"400\" src=\"https:\/\/www.warmup.ca\/wp-content\/uploads\/Tempo-cat.jpg\" alt=\"\" class=\"wp-image-39480 size-full\" srcset=\"https:\/\/www.warmup.ca\/wp-content\/uploads\/Tempo-cat.jpg 600w, https:\/\/www.warmup.ca\/wp-content\/uploads\/Tempo-cat-300x200.jpg 300w, https:\/\/www.warmup.ca\/wp-content\/uploads\/Tempo-cat-200x133.jpg 200w\" sizes=\"(max-width: 600px) 100vw, 600px\" \/><\/figure><div class=\"wp-block-media-text__content\">\n<h6 class=\"wp-block-heading has-text-color\" style=\"color:#f45a2a\">Entra\u00eenement amusant et vari\u00e9<\/h6>\n\n\n\n<h2 class=\"wp-block-heading has-text-color\" style=\"color:#2f373d\"><strong>Tempo<\/strong><\/h2>\n\n\n\n<p class=\"has-text-color\" style=\"color:#7e868c\">Diam vestibulum tristique non purus velit dictum vel aliquam id egestas odio tortor volutpat nulla varius aliquam vulputate commodo mus volutpat pretium, quam hendrerit enim aliquam nisl imperdiet vivamus a, consectetur venenatis vivamus quam in vulputate lacus, lacus nec.<\/p>\n<\/div><\/div>\n\n\n\n<div class=\"wp-block-media-text alignwide has-media-on-the-right is-stacked-on-mobile\" style=\"grid-template-columns:auto 47%\"><div class=\"wp-block-media-text__content\">\n<h6 class=\"wp-block-heading has-text-color\" style=\"color:#f45a2a\">Notification intelligente<\/h6>\n\n\n\n<h2 class=\"wp-block-heading has-text-color\" style=\"color:#2f373d\"><strong><strong>MSTAT<\/strong><\/strong><\/h2>\n\n\n\n<p class=\"has-text-color\" style=\"color:#7e868c\">Proin massa odio amet tellus dignissim condimentum in viverra eget rhoncus, adipiscing eget ut donec vel enim, ultrices vestibulum nisl vel blandit dui enim hac sed a at laoreet eget sagittis dictum.<\/p>\n<\/div><figure class=\"wp-block-media-text__media\"><img decoding=\"async\" width=\"600\" height=\"400\" src=\"https:\/\/www.warmup.ca\/wp-content\/uploads\/Manual.jpg\" alt=\"\" class=\"wp-image-39481 size-full\" srcset=\"https:\/\/www.warmup.ca\/wp-content\/uploads\/Manual.jpg 600w, https:\/\/www.warmup.ca\/wp-content\/uploads\/Manual-300x200.jpg 300w, https:\/\/www.warmup.ca\/wp-content\/uploads\/Manual-200x133.jpg 200w\" sizes=\"(max-width: 600px) 100vw, 600px\" \/><\/figure><\/div>\n<\/div><\/div>\n","protected":false},"excerpt":{"rendered":"<p>Quels sont les meilleurs thermostats ? Tempor massa fames nunc vehicula cras donec vivamus amet non porttitor odio elementum lorem enim nulla tortor congue nunc varius commodo elit augue amet. Smart Neque lacus nunc, vitae fames mattis proin dictum blandit quam. Programmable Tempus enim sed urna blandit mauris semper ligula. Manuel Habitant nunc, volutpat urna [&hellip;]<\/p>\n","protected":false},"author":3,"featured_media":0,"parent":0,"menu_order":0,"comment_status":"closed","ping_status":"closed","template":"","meta":{"_acf_changed":false,"_uag_custom_page_level_css":"","site-sidebar-layout":"default","site-content-layout":"default","ast-site-content-layout":"default","site-content-style":"default","site-sidebar-style":"default","ast-global-header-display":"","ast-banner-title-visibility":"","ast-main-header-display":"","ast-hfb-above-header-display":"","ast-hfb-below-header-display":"","ast-hfb-mobile-header-display":"","site-post-title":"disabled","ast-breadcrumbs-content":"","ast-featured-img":"disabled","footer-sml-layout":"","ast-disable-related-posts":"","theme-transparent-header-meta":"default","adv-header-id-meta":"","stick-header-meta":"default","header-above-stick-meta":"","header-main-stick-meta":"","header-below-stick-meta":"","astra-migrate-meta-layouts":"set","ast-page-background-enabled":"default","ast-page-background-meta":{"desktop":{"background-color":"","background-image":"","background-repeat":"repeat","background-position":"center center","background-size":"auto","background-attachment":"scroll","background-type":"","background-media":"","overlay-type":"","overlay-color":"","overlay-opacity":"","overlay-gradient":""},"tablet":{"background-color":"","background-image":"","background-repeat":"repeat","background-position":"center center","background-size":"auto","background-attachment":"scroll","background-type":"","background-media":"","overlay-type":"","overlay-color":"","overlay-opacity":"","overlay-gradient":""},"mobile":{"background-color":"","background-image":"","background-repeat":"repeat","background-position":"center center","background-size":"auto","background-attachment":"scroll","background-type":"","background-media":"","overlay-type":"","overlay-color":"","overlay-opacity":"","overlay-gradient":""}},"ast-content-background-meta":{"desktop":{"background-color":"var(--ast-global-color-5)","background-image":"","background-repeat":"repeat","background-position":"center center","background-size":"auto","background-attachment":"scroll","background-type":"","background-media":"","overlay-type":"","overlay-color":"","overlay-opacity":"","overlay-gradient":""},"tablet":{"background-color":"var(--ast-global-color-5)","background-image":"","background-repeat":"repeat","background-position":"center center","background-size":"auto","background-attachment":"scroll","background-type":"","background-media":"","overlay-type":"","overlay-color":"","overlay-opacity":"","overlay-gradient":""},"mobile":{"background-color":"var(--ast-global-color-5)","background-image":"","background-repeat":"repeat","background-position":"center center","background-size":"auto","background-attachment":"scroll","background-type":"","background-media":"","overlay-type":"","overlay-color":"","overlay-opacity":"","overlay-gradient":""}},"footnotes":""},"class_list":["post-42069","page","type-page","status-publish","hentry"],"acf":[],"uagb_featured_image_src":{"full":false,"thumbnail":false,"medium":false,"medium_large":false,"large":false,"1536x1536":false,"2048x2048":false},"uagb_author_info":{"display_name":"Warmup PLC","author_link":"https:\/\/www.warmup.ca\/fr\/author\/shah-warmup"},"uagb_comment_info":0,"uagb_excerpt":"Quels sont les meilleurs thermostats ? Tempor massa fames nunc vehicula cras donec vivamus amet non porttitor odio elementum lorem enim nulla tortor congue nunc varius commodo elit augue amet. Smart Neque lacus nunc, vitae fames mattis proin dictum blandit quam. Programmable Tempus enim sed urna blandit mauris semper ligula. Manuel Habitant nunc, volutpat urna\u2026","_links":{"self":[{"href":"https:\/\/www.warmup.ca\/fr\/wp-json\/wp\/v2\/pages\/42069","targetHints":{"allow":["GET"]}}],"collection":[{"href":"https:\/\/www.warmup.ca\/fr\/wp-json\/wp\/v2\/pages"}],"about":[{"href":"https:\/\/www.warmup.ca\/fr\/wp-json\/wp\/v2\/types\/page"}],"author":[{"embeddable":true,"href":"https:\/\/www.warmup.ca\/fr\/wp-json\/wp\/v2\/users\/3"}],"replies":[{"embeddable":true,"href":"https:\/\/www.warmup.ca\/fr\/wp-json\/wp\/v2\/comments?post=42069"}],"version-history":[{"count":2,"href":"https:\/\/www.warmup.ca\/fr\/wp-json\/wp\/v2\/pages\/42069\/revisions"}],"predecessor-version":[{"id":49886,"href":"https:\/\/www.warmup.ca\/fr\/wp-json\/wp\/v2\/pages\/42069\/revisions\/49886"}],"wp:attachment":[{"href":"https:\/\/www.warmup.ca\/fr\/wp-json\/wp\/v2\/media?parent=42069"}],"curies":[{"name":"wp","href":"https:\/\/api.w.org\/{rel}","templated":true}]}}