{"id":42064,"date":"2021-02-27T13:40:14","date_gmt":"2021-02-27T18:40:14","guid":{"rendered":"https:\/\/www.warmup.ca\/page-principale-du-blog"},"modified":"2022-09-06T11:04:35","modified_gmt":"2022-09-06T15:04:35","slug":"page-principale-du-blog","status":"publish","type":"page","link":"https:\/\/www.warmup.ca\/fr\/page-principale-du-blog","title":{"rendered":"Page principale du blog"},"content":{"rendered":"\n\t\t\t<div class=\"wp-block-uagb-post-masonry uagb-post-grid  uagb-post__image-position-top uagb-post__image-enabled uagb-block-8256aa7b     uagb-post__items uagb-post__columns-3 is-masonry uagb-post__columns-tablet-2 uagb-post__columns-mobile-1\" data-total=\"29\" style=\"\">\n\n\t\t\t\t\t\t\t\t\t\t\t\t<article class=\"uagb-post__inner-wrap\">\t\t\t\t\t\t\t\t<div class='uagb-post__image'>\n\t\t\t\t\t\t\t\t\t<a href=\"https:\/\/www.warmup.ca\/fr\/blog\/quel-reglage-devez-vous-laisser-votre-chauffage-lorsque-vous-etes-absent-de-chez-vous\" target=\"_self\" rel=\"bookmark noopener noreferrer\"><img decoding=\"async\" width=\"768\" height=\"768\" src=\"https:\/\/www.warmup.ca\/wp-content\/uploads\/image2-11-768x768.webp\" class=\"attachment-medium_large size-medium_large\" alt=\"Radiant heating in an entreyway\" srcset=\"https:\/\/www.warmup.ca\/wp-content\/uploads\/image2-11-768x768.webp 768w, https:\/\/www.warmup.ca\/wp-content\/uploads\/image2-11-300x300.webp 300w, https:\/\/www.warmup.ca\/wp-content\/uploads\/image2-11-150x150.webp 150w, https:\/\/www.warmup.ca\/wp-content\/uploads\/image2-11.webp 1080w\" sizes=\"(max-width: 768px) 100vw, 768px\" \/>\t\t\t\t\t<\/a>\n\t\t\t\t\t\t\t\t\t<\/div>\n\t\t\t\t\t\t<h4 class=\"uagb-post__title uagb-post__text\">\n\t\t\t\t<a href=\"https:\/\/www.warmup.ca\/fr\/blog\/quel-reglage-devez-vous-laisser-votre-chauffage-lorsque-vous-etes-absent-de-chez-vous\" target=\"_self\" rel=\"bookmark noopener noreferrer\"><strong>Quel r\u00e9glage devez-vous laisser votre chauffage lorsque vous \u00eates absent de chez vous ?<\/strong><\/a>\n\t\t\t<\/h4>\n\t\t\t\t\t\t<div class='uagb-post__text uagb-post-grid-byline'>\n\t\t\t\t\t\t\t\t<time datetime=\"2026-03-11T09:00:00-04:00\" class=\"uagb-post__date\">\n\t\t\t\t<span class=\"dashicons-calendar dashicons\"><\/span>\t\t\t\t\t11 mars 2026\t\t\t\t<\/time>\n\t\t\t\t\t\t\t<span class=\"uagb-post__comment\">\n\t\t\t\t<span class=\"dashicons-admin-comments dashicons\"><\/span>\t\t\t\t\tAucun commentaire\t\t\t\t<\/span>\n\t\t\t\t\t\t<\/div>\n\t\t\t\t\t\t\t<div class='uagb-post__text uagb-post__excerpt'>\n\t\t\t\t\t<p>Que vous soyez propri\u00e9taire, locataire ou gestionnaire de biens immobiliers, vous vous \u00eates peut-\u00eatre d\u00e9j\u00e0&#8230;\t\t\t\t<\/div>\n\t\t\t\t\t\t<div class=\"uagb-post__text uagb-post__cta wp-block-button\">\n\t\t\t\t<a class=\"wp-block-button__link uagb-text-link\" style=\"\" href=\"https:\/\/www.warmup.ca\/fr\/blog\/quel-reglage-devez-vous-laisser-votre-chauffage-lorsque-vous-etes-absent-de-chez-vous\" target=\"_self\" rel=\"bookmark noopener noreferrer\">Lire la suite<\/a>\n\t\t\t<\/div>\n\t\t\t\n\t\t\t\t\t\t\t\t\t<\/article>\n\t\t\t\t\t\t\t\t\t\t\t\t\t\t\t\t<article class=\"uagb-post__inner-wrap\">\t\t\t\t\t\t\t\t<div class='uagb-post__image'>\n\t\t\t\t\t\t\t\t\t<a href=\"https:\/\/www.warmup.ca\/fr\/blog\/temperature-pipes-freeze\" target=\"_self\" rel=\"bookmark noopener noreferrer\"><img decoding=\"async\" width=\"768\" height=\"576\" src=\"https:\/\/www.warmup.ca\/wp-content\/uploads\/d16f946f-dc8f-43d8-b2c8-e2a86fcade78-768x576.jpeg\" class=\"attachment-medium_large size-medium_large\" alt=\"\" srcset=\"https:\/\/www.warmup.ca\/wp-content\/uploads\/d16f946f-dc8f-43d8-b2c8-e2a86fcade78-768x576.jpeg 768w, https:\/\/www.warmup.ca\/wp-content\/uploads\/d16f946f-dc8f-43d8-b2c8-e2a86fcade78-300x225.jpeg 300w, https:\/\/www.warmup.ca\/wp-content\/uploads\/d16f946f-dc8f-43d8-b2c8-e2a86fcade78-600x450.jpeg 600w, https:\/\/www.warmup.ca\/wp-content\/uploads\/d16f946f-dc8f-43d8-b2c8-e2a86fcade78-200x150.jpeg 200w, https:\/\/www.warmup.ca\/wp-content\/uploads\/d16f946f-dc8f-43d8-b2c8-e2a86fcade78.jpeg 800w\" sizes=\"(max-width: 768px) 100vw, 768px\" \/>\t\t\t\t\t<\/a>\n\t\t\t\t\t\t\t\t\t<\/div>\n\t\t\t\t\t\t<h4 class=\"uagb-post__title uagb-post__text\">\n\t\t\t\t<a href=\"https:\/\/www.warmup.ca\/fr\/blog\/temperature-pipes-freeze\" target=\"_self\" rel=\"bookmark noopener noreferrer\">Comment emp\u00eacher les tuyaux de geler<\/a>\n\t\t\t<\/h4>\n\t\t\t\t\t\t<div class='uagb-post__text uagb-post-grid-byline'>\n\t\t\t\t\t\t\t\t<time datetime=\"2026-02-18T09:00:00-05:00\" class=\"uagb-post__date\">\n\t\t\t\t<span class=\"dashicons-calendar dashicons\"><\/span>\t\t\t\t\t18 f\u00e9vrier 2026\t\t\t\t<\/time>\n\t\t\t\t\t\t\t<span class=\"uagb-post__comment\">\n\t\t\t\t<span class=\"dashicons-admin-comments dashicons\"><\/span>\t\t\t\t\tAucun commentaire\t\t\t\t<\/span>\n\t\t\t\t\t\t<\/div>\n\t\t\t\t\t\t\t<div class='uagb-post__text uagb-post__excerpt'>\n\t\t\t\t\tLorsque les temp\u00e9ratures commencent \u00e0 baisser, les propri\u00e9taires de maisons se tournent vers leurs canalisations&#8230;.\t\t\t\t<\/div>\n\t\t\t\t\t\t<div class=\"uagb-post__text uagb-post__cta wp-block-button\">\n\t\t\t\t<a class=\"wp-block-button__link uagb-text-link\" style=\"\" href=\"https:\/\/www.warmup.ca\/fr\/blog\/temperature-pipes-freeze\" target=\"_self\" rel=\"bookmark noopener noreferrer\">Lire la suite<\/a>\n\t\t\t<\/div>\n\t\t\t\n\t\t\t\t\t\t\t\t\t<\/article>\n\t\t\t\t\t\t\t\t\t\t\t\t\t\t\t\t<article class=\"uagb-post__inner-wrap\">\t\t\t\t\t\t\t\t<div class='uagb-post__image'>\n\t\t\t\t\t\t\t\t\t<a href=\"https:\/\/www.warmup.ca\/fr\/blog\/sprinkler-system-freeze-protection\" target=\"_self\" rel=\"bookmark noopener noreferrer\"><img decoding=\"async\" width=\"768\" height=\"509\" src=\"https:\/\/www.warmup.ca\/wp-content\/uploads\/374cbf28-4c49-4c71-be60-4b01910e6d18-768x509.png\" class=\"attachment-medium_large size-medium_large\" alt=\"\" srcset=\"https:\/\/www.warmup.ca\/wp-content\/uploads\/374cbf28-4c49-4c71-be60-4b01910e6d18-768x509.png 768w, https:\/\/www.warmup.ca\/wp-content\/uploads\/374cbf28-4c49-4c71-be60-4b01910e6d18-300x199.png 300w, https:\/\/www.warmup.ca\/wp-content\/uploads\/374cbf28-4c49-4c71-be60-4b01910e6d18-1024x679.png 1024w, https:\/\/www.warmup.ca\/wp-content\/uploads\/374cbf28-4c49-4c71-be60-4b01910e6d18-600x398.png 600w, https:\/\/www.warmup.ca\/wp-content\/uploads\/374cbf28-4c49-4c71-be60-4b01910e6d18-200x133.png 200w, https:\/\/www.warmup.ca\/wp-content\/uploads\/374cbf28-4c49-4c71-be60-4b01910e6d18-1536x1019.png 1536w, https:\/\/www.warmup.ca\/wp-content\/uploads\/374cbf28-4c49-4c71-be60-4b01910e6d18.png 2048w\" sizes=\"(max-width: 768px) 100vw, 768px\" \/>\t\t\t\t\t<\/a>\n\t\t\t\t\t\t\t\t\t<\/div>\n\t\t\t\t\t\t<h4 class=\"uagb-post__title uagb-post__text\">\n\t\t\t\t<a href=\"https:\/\/www.warmup.ca\/fr\/blog\/sprinkler-system-freeze-protection\" target=\"_self\" rel=\"bookmark noopener noreferrer\">Comment prot\u00e9ger un syst\u00e8me d&rsquo;arrosage du gel ?<\/a>\n\t\t\t<\/h4>\n\t\t\t\t\t\t<div class='uagb-post__text uagb-post-grid-byline'>\n\t\t\t\t\t\t\t\t<time datetime=\"2026-02-18T09:00:00-05:00\" class=\"uagb-post__date\">\n\t\t\t\t<span class=\"dashicons-calendar dashicons\"><\/span>\t\t\t\t\t18 f\u00e9vrier 2026\t\t\t\t<\/time>\n\t\t\t\t\t\t\t<span class=\"uagb-post__comment\">\n\t\t\t\t<span class=\"dashicons-admin-comments dashicons\"><\/span>\t\t\t\t\tAucun commentaire\t\t\t\t<\/span>\n\t\t\t\t\t\t<\/div>\n\t\t\t\t\t\t\t<div class='uagb-post__text uagb-post__excerpt'>\n\t\t\t\t\tLes syst\u00e8mes d&rsquo;arrosage et leurs tuyaux peuvent \u00eatre sujets au gel pendant les mois d&rsquo;hiver&#8230;.\t\t\t\t<\/div>\n\t\t\t\t\t\t<div class=\"uagb-post__text uagb-post__cta wp-block-button\">\n\t\t\t\t<a class=\"wp-block-button__link uagb-text-link\" style=\"\" href=\"https:\/\/www.warmup.ca\/fr\/blog\/sprinkler-system-freeze-protection\" target=\"_self\" rel=\"bookmark noopener noreferrer\">Lire la suite<\/a>\n\t\t\t<\/div>\n\t\t\t\n\t\t\t\t\t\t\t\t\t<\/article>\n\t\t\t\t\t\t\t\t\t\t\t\t\t\t\t\t<article class=\"uagb-post__inner-wrap\">\t\t\t\t\t\t\t\t<div class='uagb-post__image'>\n\t\t\t\t\t\t\t\t\t<a href=\"https:\/\/www.warmup.ca\/fr\/blog\/guide-du-ruban-chauffant-pour-toits-metalliques-pour-le-degivrage-des-toits\" target=\"_self\" rel=\"bookmark noopener noreferrer\"><img decoding=\"async\" width=\"768\" height=\"768\" src=\"https:\/\/www.warmup.ca\/wp-content\/uploads\/Untitled-design8-768x768.png\" class=\"attachment-medium_large size-medium_large\" alt=\"metal roof heat tape options\" srcset=\"https:\/\/www.warmup.ca\/wp-content\/uploads\/Untitled-design8-768x768.png 768w, https:\/\/www.warmup.ca\/wp-content\/uploads\/Untitled-design8-300x300.png 300w, https:\/\/www.warmup.ca\/wp-content\/uploads\/Untitled-design8-150x150.png 150w, https:\/\/www.warmup.ca\/wp-content\/uploads\/Untitled-design8.png 1080w\" sizes=\"(max-width: 768px) 100vw, 768px\" \/>\t\t\t\t\t<\/a>\n\t\t\t\t\t\t\t\t\t<\/div>\n\t\t\t\t\t\t<h4 class=\"uagb-post__title uagb-post__text\">\n\t\t\t\t<a href=\"https:\/\/www.warmup.ca\/fr\/blog\/guide-du-ruban-chauffant-pour-toits-metalliques-pour-le-degivrage-des-toits\" target=\"_self\" rel=\"bookmark noopener noreferrer\">Guide du ruban chauffant pour toits m\u00e9talliques pour le d\u00e9givrage des toits<\/a>\n\t\t\t<\/h4>\n\t\t\t\t\t\t<div class='uagb-post__text uagb-post-grid-byline'>\n\t\t\t\t\t\t\t\t<time datetime=\"2026-02-11T08:36:05-05:00\" class=\"uagb-post__date\">\n\t\t\t\t<span class=\"dashicons-calendar dashicons\"><\/span>\t\t\t\t\t11 f\u00e9vrier 2026\t\t\t\t<\/time>\n\t\t\t\t\t\t\t<span class=\"uagb-post__comment\">\n\t\t\t\t<span class=\"dashicons-admin-comments dashicons\"><\/span>\t\t\t\t\tAucun commentaire\t\t\t\t<\/span>\n\t\t\t\t\t\t<\/div>\n\t\t\t\t\t\t\t<div class='uagb-post__text uagb-post__excerpt'>\n\t\t\t\t\t<p>Votre maison a-t-elle besoin d&rsquo;un ruban chauffant pour toiture m\u00e9tallique ? La r\u00e9ponse est un&#8230;\t\t\t\t<\/div>\n\t\t\t\t\t\t<div class=\"uagb-post__text uagb-post__cta wp-block-button\">\n\t\t\t\t<a class=\"wp-block-button__link uagb-text-link\" style=\"\" href=\"https:\/\/www.warmup.ca\/fr\/blog\/guide-du-ruban-chauffant-pour-toits-metalliques-pour-le-degivrage-des-toits\" target=\"_self\" rel=\"bookmark noopener noreferrer\">Lire la suite<\/a>\n\t\t\t<\/div>\n\t\t\t\n\t\t\t\t\t\t\t\t\t<\/article>\n\t\t\t\t\t\t\t\t\t\t\t\t\t\t\t\t<article class=\"uagb-post__inner-wrap\">\t\t\t\t\t\t\t\t<div class='uagb-post__image'>\n\t\t\t\t\t\t\t\t\t<a href=\"https:\/\/www.warmup.ca\/fr\/blog\/can-radiant-heating-be-used-beneath-vinyl-plank-flooring\" target=\"_self\" rel=\"bookmark noopener noreferrer\"><img decoding=\"async\" width=\"600\" height=\"414\" src=\"https:\/\/www.warmup.ca\/wp-content\/uploads\/image1-1.jpg\" class=\"attachment-medium_large size-medium_large\" alt=\"\" srcset=\"https:\/\/www.warmup.ca\/wp-content\/uploads\/image1-1.jpg 600w, https:\/\/www.warmup.ca\/wp-content\/uploads\/image1-1-300x207.jpg 300w\" sizes=\"(max-width: 600px) 100vw, 600px\" \/>\t\t\t\t\t<\/a>\n\t\t\t\t\t\t\t\t\t<\/div>\n\t\t\t\t\t\t<h4 class=\"uagb-post__title uagb-post__text\">\n\t\t\t\t<a href=\"https:\/\/www.warmup.ca\/fr\/blog\/can-radiant-heating-be-used-beneath-vinyl-plank-flooring\" target=\"_self\" rel=\"bookmark noopener noreferrer\">Le chauffage par rayonnement peut-il \u00eatre utilis\u00e9 sous un plancher en planches de vinyle ?<\/a>\n\t\t\t<\/h4>\n\t\t\t\t\t\t<div class='uagb-post__text uagb-post-grid-byline'>\n\t\t\t\t\t\t\t\t<time datetime=\"2026-02-04T09:00:00-05:00\" class=\"uagb-post__date\">\n\t\t\t\t<span class=\"dashicons-calendar dashicons\"><\/span>\t\t\t\t\t4 f\u00e9vrier 2026\t\t\t\t<\/time>\n\t\t\t\t\t\t\t<span class=\"uagb-post__comment\">\n\t\t\t\t<span class=\"dashicons-admin-comments dashicons\"><\/span>\t\t\t\t\tAucun commentaire\t\t\t\t<\/span>\n\t\t\t\t\t\t<\/div>\n\t\t\t\t\t\t\t<div class='uagb-post__text uagb-post__excerpt'>\n\t\t\t\t\t<p>Le rev\u00eatement de sol en planches de vinyle est un choix populaire parmi les propri\u00e9taires&#8230;.\t\t\t\t<\/div>\n\t\t\t\t\t\t<div class=\"uagb-post__text uagb-post__cta wp-block-button\">\n\t\t\t\t<a class=\"wp-block-button__link uagb-text-link\" style=\"\" href=\"https:\/\/www.warmup.ca\/fr\/blog\/can-radiant-heating-be-used-beneath-vinyl-plank-flooring\" target=\"_self\" rel=\"bookmark noopener noreferrer\">Lire la suite<\/a>\n\t\t\t<\/div>\n\t\t\t\n\t\t\t\t\t\t\t\t\t<\/article>\n\t\t\t\t\t\t\t\t\t\t\t\t\t\t\t\t<article class=\"uagb-post__inner-wrap\">\t\t\t\t\t\t\t\t<div class='uagb-post__image'>\n\t\t\t\t\t\t\t\t\t<a href=\"https:\/\/www.warmup.ca\/fr\/blog\/how-to-calculate-heat-loss\" target=\"_self\" rel=\"bookmark noopener noreferrer\"><img decoding=\"async\" width=\"768\" height=\"535\" src=\"https:\/\/www.warmup.ca\/wp-content\/uploads\/c629ad51-21c1-4fdf-866f-5f2e0e7a9307-768x535.jpeg\" class=\"attachment-medium_large size-medium_large\" alt=\"\" srcset=\"https:\/\/www.warmup.ca\/wp-content\/uploads\/c629ad51-21c1-4fdf-866f-5f2e0e7a9307-768x535.jpeg 768w, https:\/\/www.warmup.ca\/wp-content\/uploads\/c629ad51-21c1-4fdf-866f-5f2e0e7a9307-300x209.jpeg 300w, https:\/\/www.warmup.ca\/wp-content\/uploads\/c629ad51-21c1-4fdf-866f-5f2e0e7a9307-1024x713.jpeg 1024w, https:\/\/www.warmup.ca\/wp-content\/uploads\/c629ad51-21c1-4fdf-866f-5f2e0e7a9307-600x418.jpeg 600w, https:\/\/www.warmup.ca\/wp-content\/uploads\/c629ad51-21c1-4fdf-866f-5f2e0e7a9307-200x139.jpeg 200w, https:\/\/www.warmup.ca\/wp-content\/uploads\/c629ad51-21c1-4fdf-866f-5f2e0e7a9307.jpeg 1280w\" sizes=\"(max-width: 768px) 100vw, 768px\" \/>\t\t\t\t\t<\/a>\n\t\t\t\t\t\t\t\t\t<\/div>\n\t\t\t\t\t\t<h4 class=\"uagb-post__title uagb-post__text\">\n\t\t\t\t<a href=\"https:\/\/www.warmup.ca\/fr\/blog\/how-to-calculate-heat-loss\" target=\"_self\" rel=\"bookmark noopener noreferrer\">Comment calculer les pertes de chaleur dans une maison<\/a>\n\t\t\t<\/h4>\n\t\t\t\t\t\t<div class='uagb-post__text uagb-post-grid-byline'>\n\t\t\t\t\t\t\t\t<time datetime=\"2026-01-28T09:00:00-05:00\" class=\"uagb-post__date\">\n\t\t\t\t<span class=\"dashicons-calendar dashicons\"><\/span>\t\t\t\t\t28 janvier 2026\t\t\t\t<\/time>\n\t\t\t\t\t\t\t<span class=\"uagb-post__comment\">\n\t\t\t\t<span class=\"dashicons-admin-comments dashicons\"><\/span>\t\t\t\t\tAucun commentaire\t\t\t\t<\/span>\n\t\t\t\t\t\t<\/div>\n\t\t\t\t\t\t\t<div class='uagb-post__text uagb-post__excerpt'>\n\t\t\t\t\tCet article est un guide non technique sur l&rsquo;audit thermique et le calcul des pertes&#8230;\t\t\t\t<\/div>\n\t\t\t\t\t\t<div class=\"uagb-post__text uagb-post__cta wp-block-button\">\n\t\t\t\t<a class=\"wp-block-button__link uagb-text-link\" style=\"\" href=\"https:\/\/www.warmup.ca\/fr\/blog\/how-to-calculate-heat-loss\" target=\"_self\" rel=\"bookmark noopener noreferrer\">Lire la suite<\/a>\n\t\t\t<\/div>\n\t\t\t\n\t\t\t\t\t\t\t\t\t<\/article>\n\t\t\t\t\t\t\t\t\t\t\t<\/div>\n\t\t\t","protected":false},"excerpt":{"rendered":"","protected":false},"author":3,"featured_media":0,"parent":0,"menu_order":0,"comment_status":"closed","ping_status":"closed","template":"","meta":{"_acf_changed":false,"_uag_custom_page_level_css":"","site-sidebar-layout":"default","site-content-layout":"plain-container","ast-site-content-layout":"default","site-content-style":"default","site-sidebar-style":"default","ast-global-header-display":"","ast-banner-title-visibility":"","ast-main-header-display":"","ast-hfb-above-header-display":"","ast-hfb-below-header-display":"","ast-hfb-mobile-header-display":"","site-post-title":"disabled","ast-breadcrumbs-content":"","ast-featured-img":"disabled","footer-sml-layout":"","ast-disable-related-posts":"","theme-transparent-header-meta":"enabled","adv-header-id-meta":"31326","stick-header-meta":"enabled","header-above-stick-meta":"","header-main-stick-meta":"","header-below-stick-meta":"","astra-migrate-meta-layouts":"default","ast-page-background-enabled":"default","ast-page-background-meta":{"desktop":{"background-color":"","background-image":"","background-repeat":"repeat","background-position":"center center","background-size":"auto","background-attachment":"scroll","background-type":"","background-media":"","overlay-type":"","overlay-color":"","overlay-opacity":"","overlay-gradient":""},"tablet":{"background-color":"","background-image":"","background-repeat":"repeat","background-position":"center center","background-size":"auto","background-attachment":"scroll","background-type":"","background-media":"","overlay-type":"","overlay-color":"","overlay-opacity":"","overlay-gradient":""},"mobile":{"background-color":"","background-image":"","background-repeat":"repeat","background-position":"center center","background-size":"auto","background-attachment":"scroll","background-type":"","background-media":"","overlay-type":"","overlay-color":"","overlay-opacity":"","overlay-gradient":""}},"ast-content-background-meta":{"desktop":{"background-color":"var(--ast-global-color-5)","background-image":"","background-repeat":"repeat","background-position":"center center","background-size":"auto","background-attachment":"scroll","background-type":"","background-media":"","overlay-type":"","overlay-color":"","overlay-opacity":"","overlay-gradient":""},"tablet":{"background-color":"var(--ast-global-color-5)","background-image":"","background-repeat":"repeat","background-position":"center center","background-size":"auto","background-attachment":"scroll","background-type":"","background-media":"","overlay-type":"","overlay-color":"","overlay-opacity":"","overlay-gradient":""},"mobile":{"background-color":"var(--ast-global-color-5)","background-image":"","background-repeat":"repeat","background-position":"center center","background-size":"auto","background-attachment":"scroll","background-type":"","background-media":"","overlay-type":"","overlay-color":"","overlay-opacity":"","overlay-gradient":""}},"footnotes":""},"class_list":["post-42064","page","type-page","status-publish","hentry"],"acf":[],"uagb_featured_image_src":{"full":false,"thumbnail":false,"medium":false,"medium_large":false,"large":false,"1536x1536":false,"2048x2048":false},"uagb_author_info":{"display_name":"Warmup PLC","author_link":"https:\/\/www.warmup.ca\/fr\/author\/shah-warmup"},"uagb_comment_info":0,"uagb_excerpt":null,"_links":{"self":[{"href":"https:\/\/www.warmup.ca\/fr\/wp-json\/wp\/v2\/pages\/42064","targetHints":{"allow":["GET"]}}],"collection":[{"href":"https:\/\/www.warmup.ca\/fr\/wp-json\/wp\/v2\/pages"}],"about":[{"href":"https:\/\/www.warmup.ca\/fr\/wp-json\/wp\/v2\/types\/page"}],"author":[{"embeddable":true,"href":"https:\/\/www.warmup.ca\/fr\/wp-json\/wp\/v2\/users\/3"}],"replies":[{"embeddable":true,"href":"https:\/\/www.warmup.ca\/fr\/wp-json\/wp\/v2\/comments?post=42064"}],"version-history":[{"count":1,"href":"https:\/\/www.warmup.ca\/fr\/wp-json\/wp\/v2\/pages\/42064\/revisions"}],"predecessor-version":[{"id":42067,"href":"https:\/\/www.warmup.ca\/fr\/wp-json\/wp\/v2\/pages\/42064\/revisions\/42067"}],"wp:attachment":[{"href":"https:\/\/www.warmup.ca\/fr\/wp-json\/wp\/v2\/media?parent=42064"}],"curies":[{"name":"wp","href":"https:\/\/api.w.org\/{rel}","templated":true}]}}