{"id":41856,"date":"2021-02-18T12:00:47","date_gmt":"2021-02-18T17:00:47","guid":{"rendered":"https:\/\/www.warmup.ca\/quote-selector"},"modified":"2025-12-15T13:10:41","modified_gmt":"2025-12-15T18:10:41","slug":"type-de-devis","status":"publish","type":"page","link":"https:\/\/www.warmup.ca\/fr\/type-de-devis","title":{"rendered":"Type de Devis"},"content":{"rendered":"\n<div class=\"wp-block-cover is-light\" style=\"min-height:250px;aspect-ratio:unset;\"><img decoding=\"async\" width=\"1024\" height=\"683\" class=\"wp-block-cover__image-background wp-image-40520 size-large\" alt=\"\" src=\"https:\/\/www.warmup.ca\/wp-content\/uploads\/UFH-Header-1024x683.jpg\" data-object-fit=\"cover\" srcset=\"https:\/\/www.warmup.ca\/wp-content\/uploads\/UFH-Header-1024x683.jpg 1024w, https:\/\/www.warmup.ca\/wp-content\/uploads\/UFH-Header-300x200.jpg 300w, https:\/\/www.warmup.ca\/wp-content\/uploads\/UFH-Header-768x512.jpg 768w, https:\/\/www.warmup.ca\/wp-content\/uploads\/UFH-Header-600x400.jpg 600w, https:\/\/www.warmup.ca\/wp-content\/uploads\/UFH-Header-200x133.jpg 200w, https:\/\/www.warmup.ca\/wp-content\/uploads\/UFH-Header-1536x1025.jpg 1536w, https:\/\/www.warmup.ca\/wp-content\/uploads\/UFH-Header-2048x1367.jpg 2048w\" sizes=\"(max-width: 1024px) 100vw, 1024px\" \/><span aria-hidden=\"true\" class=\"wp-block-cover__background has-background-dim\" style=\"background-color:#efd2c0\"><\/span><div class=\"wp-block-cover__inner-container is-layout-flow wp-block-cover-is-layout-flow\">\n<div class=\"wp-block-uagb-advanced-heading uagb-block-53c75cd6\"><h1 class=\"uagb-heading-text\"><strong>Type de Devis<\/strong><\/h1><\/div>\n\n\n\n<p class=\"has-text-align-center has-ast-global-color-5-color has-text-color\">Vous souhaitez un tarif rapide ? Discutez avec Sarah en bas \u00e0 droite&nbsp;!<\/p>\n<\/div><\/div>\n\n\n\n<div class=\"inherit-container-width wp-block-group alignfull Home_content_div has-background is-layout-constrained wp-block-group-is-layout-constrained\" id=\"https:\/\/warmupcdn.co.uk\/underfloor-heating\/water\/total-16\" style=\"background-color:#f1eee9\"><div class=\"wp-block-group__inner-container\">\n<div class=\"wp-block-columns is-layout-flex wp-container-core-columns-is-layout-28f84493 wp-block-columns-is-layout-flex\">\n<div class=\"wp-block-column is-layout-flow wp-block-column-is-layout-flow\">\n<div class=\"wp-block-columns is-layout-flex wp-container-core-columns-is-layout-28f84493 wp-block-columns-is-layout-flex\">\n<div class=\"wp-block-column is-layout-flow wp-block-column-is-layout-flow\" style=\"flex-basis:100%\">\n<div class=\"inherit-container-width wp-block-group has-white-background-color has-background is-layout-constrained wp-block-group-is-layout-constrained\"><div class=\"wp-block-group__inner-container\">\n<h3 class=\"wp-block-heading has-text-align-center has-black-color has-text-color\" id=\"h-systemes-pour-l-interieur\"><strong>Syst\u00e8mes pour l\u2019int\u00e9rieur<\/strong><\/h3>\n\n\n\n<div class=\"wp-block-columns is-layout-flex wp-container-core-columns-is-layout-28f84493 wp-block-columns-is-layout-flex\">\n<div class=\"wp-block-column is-layout-flow wp-block-column-is-layout-flow\" style=\"flex-basis:100%\">\n<ul class=\"wp-block-list\">\n<li>Con\u00e7u pour \u00eatre la source de chauffage principale<\/li>\n\n\n\n<li>Id\u00e9al pour les zones inf\u00e9rieures \u00e0 250pica<\/li>\n\n\n\n<li>Id\u00e9al pour chauffer une seule pi\u00e8ce<\/li>\n\n\n\n<li>Ne sur\u00e9l\u00e8ve pas la hauteur du sol<\/li>\n\n\n\n<li>Parfait pour les r\u00e9novations<\/li>\n<\/ul>\n<\/div>\n<\/div>\n\n\n\n<div class=\"wp-block-buttons is-horizontal is-content-justification-center is-layout-flex wp-container-core-buttons-is-layout-03627597 wp-block-buttons-is-layout-flex\">\n<div class=\"wp-block-button\"><a class=\"wp-block-button__link wp-element-button\" href=\"https:\/\/tools.warmup.com\/ca-fr\/formulaire-de-devis-rapide\/\" rel=\"# noopener\" target=\"_blank\">Soumission pour plancher radiant<\/a><\/div>\n<\/div>\n<\/div><\/div>\n<\/div>\n<\/div>\n<\/div>\n\n\n\n<div class=\"wp-block-column is-layout-flow wp-block-column-is-layout-flow\">\n<div class=\"wp-block-columns is-layout-flex wp-container-core-columns-is-layout-28f84493 wp-block-columns-is-layout-flex\">\n<div class=\"wp-block-column is-layout-flow wp-block-column-is-layout-flow\">\n<div class=\"inherit-container-width wp-block-group has-white-background-color has-background is-layout-constrained wp-block-group-is-layout-constrained\"><div class=\"wp-block-group__inner-container\">\n<h3 class=\"wp-block-heading has-text-align-center has-black-color has-text-color\" id=\"h-systemes-pour-l-exterieur\"><strong><strong>Syst\u00e8mes pour l\u2019ext\u00e9rieur<\/strong><\/strong><\/h3>\n\n\n\n<ul class=\"wp-block-list\">\n<li>Id\u00e9al pour les zones inf\u00e9rieures \u00e0 3,000pica<\/li>\n\n\n\n<li>Fonctionne sous le goudron, le b\u00e9ton et les pav\u00e9s<\/li>\n\n\n\n<li>Id\u00e9al pour les projects r\u00e9sidentiels et commerciaux<\/li>\n\n\n\n<li>Compatible avec les all\u00e9es de garage existantes<\/li>\n\n\n\n<li>Parfait pour les projets de construction neuve<\/li>\n<\/ul>\n\n\n\n<div class=\"wp-block-buttons is-horizontal is-content-justification-center is-layout-flex wp-container-core-buttons-is-layout-03627597 wp-block-buttons-is-layout-flex\">\n<div class=\"wp-block-button\"><a class=\"wp-block-button__link wp-element-button\" href=\"https:\/\/tools.warmup.com\/ca-fr\/soumission-pour-systemes-exterieurs\/\" rel=\"# noopener\" target=\"_blank\">Soumission pour syst\u00e8me de fonte de neige<\/a><\/div>\n<\/div>\n<\/div><\/div>\n<\/div>\n<\/div>\n<\/div>\n<\/div>\n<\/div><\/div>\n\n\n\n<p><\/p>\n","protected":false},"excerpt":{"rendered":"<p>Syst\u00e8mes pour l\u2019int\u00e9rieur Syst\u00e8mes pour l\u2019ext\u00e9rieur<\/p>\n","protected":false},"author":3,"featured_media":0,"parent":0,"menu_order":0,"comment_status":"closed","ping_status":"closed","template":"","meta":{"_acf_changed":false,"_uag_custom_page_level_css":"","site-sidebar-layout":"no-sidebar","site-content-layout":"page-builder","ast-site-content-layout":"full-width-container","site-content-style":"unboxed","site-sidebar-style":"unboxed","ast-global-header-display":"","ast-banner-title-visibility":"","ast-main-header-display":"","ast-hfb-above-header-display":"","ast-hfb-below-header-display":"","ast-hfb-mobile-header-display":"","site-post-title":"disabled","ast-breadcrumbs-content":"","ast-featured-img":"disabled","footer-sml-layout":"","ast-disable-related-posts":"","theme-transparent-header-meta":"default","adv-header-id-meta":"","stick-header-meta":"default","header-above-stick-meta":"","header-main-stick-meta":"","header-below-stick-meta":"","astra-migrate-meta-layouts":"set","ast-page-background-enabled":"default","ast-page-background-meta":{"desktop":{"background-color":"","background-image":"","background-repeat":"repeat","background-position":"center center","background-size":"auto","background-attachment":"scroll","background-type":"","background-media":"","overlay-type":"","overlay-color":"","overlay-opacity":"","overlay-gradient":""},"tablet":{"background-color":"","background-image":"","background-repeat":"repeat","background-position":"center center","background-size":"auto","background-attachment":"scroll","background-type":"","background-media":"","overlay-type":"","overlay-color":"","overlay-opacity":"","overlay-gradient":""},"mobile":{"background-color":"","background-image":"","background-repeat":"repeat","background-position":"center center","background-size":"auto","background-attachment":"scroll","background-type":"","background-media":"","overlay-type":"","overlay-color":"","overlay-opacity":"","overlay-gradient":""}},"ast-content-background-meta":{"desktop":{"background-color":"var(--ast-global-color-5)","background-image":"","background-repeat":"repeat","background-position":"center center","background-size":"auto","background-attachment":"scroll","background-type":"","background-media":"","overlay-type":"","overlay-color":"","overlay-opacity":"","overlay-gradient":""},"tablet":{"background-color":"var(--ast-global-color-5)","background-image":"","background-repeat":"repeat","background-position":"center center","background-size":"auto","background-attachment":"scroll","background-type":"","background-media":"","overlay-type":"","overlay-color":"","overlay-opacity":"","overlay-gradient":""},"mobile":{"background-color":"var(--ast-global-color-5)","background-image":"","background-repeat":"repeat","background-position":"center center","background-size":"auto","background-attachment":"scroll","background-type":"","background-media":"","overlay-type":"","overlay-color":"","overlay-opacity":"","overlay-gradient":""}},"footnotes":""},"class_list":["post-41856","page","type-page","status-publish","hentry"],"acf":[],"uagb_featured_image_src":{"full":false,"thumbnail":false,"medium":false,"medium_large":false,"large":false,"1536x1536":false,"2048x2048":false},"uagb_author_info":{"display_name":"Warmup PLC","author_link":"https:\/\/www.warmup.ca\/fr\/author\/shah-warmup"},"uagb_comment_info":0,"uagb_excerpt":"Syst\u00e8mes pour l\u2019int\u00e9rieur Syst\u00e8mes pour l\u2019ext\u00e9rieur","_links":{"self":[{"href":"https:\/\/www.warmup.ca\/fr\/wp-json\/wp\/v2\/pages\/41856","targetHints":{"allow":["GET"]}}],"collection":[{"href":"https:\/\/www.warmup.ca\/fr\/wp-json\/wp\/v2\/pages"}],"about":[{"href":"https:\/\/www.warmup.ca\/fr\/wp-json\/wp\/v2\/types\/page"}],"author":[{"embeddable":true,"href":"https:\/\/www.warmup.ca\/fr\/wp-json\/wp\/v2\/users\/3"}],"replies":[{"embeddable":true,"href":"https:\/\/www.warmup.ca\/fr\/wp-json\/wp\/v2\/comments?post=41856"}],"version-history":[{"count":7,"href":"https:\/\/www.warmup.ca\/fr\/wp-json\/wp\/v2\/pages\/41856\/revisions"}],"predecessor-version":[{"id":49921,"href":"https:\/\/www.warmup.ca\/fr\/wp-json\/wp\/v2\/pages\/41856\/revisions\/49921"}],"wp:attachment":[{"href":"https:\/\/www.warmup.ca\/fr\/wp-json\/wp\/v2\/media?parent=41856"}],"curies":[{"name":"wp","href":"https:\/\/api.w.org\/{rel}","templated":true}]}}