{"id":41855,"date":"2021-05-24T15:03:48","date_gmt":"2021-05-24T19:03:48","guid":{"rendered":"https:\/\/www.warmup.ca\/contact"},"modified":"2025-12-23T10:56:42","modified_gmt":"2025-12-23T15:56:42","slug":"contact","status":"publish","type":"page","link":"https:\/\/www.warmup.ca\/fr\/contact","title":{"rendered":"Aide et contact"},"content":{"rendered":"\n<div class=\"wp-block-cover is-light\"><img decoding=\"async\" width=\"800\" height=\"533\" class=\"wp-block-cover__image-background wp-image-39847 size-full\" alt=\"\" src=\"https:\/\/www.warmup.ca\/wp-content\/uploads\/support-1.jpg\" data-object-fit=\"cover\" srcset=\"https:\/\/www.warmup.ca\/wp-content\/uploads\/support-1.jpg 800w, https:\/\/www.warmup.ca\/wp-content\/uploads\/support-1-300x200.jpg 300w, https:\/\/www.warmup.ca\/wp-content\/uploads\/support-1-768x512.jpg 768w, https:\/\/www.warmup.ca\/wp-content\/uploads\/support-1-600x400.jpg 600w, https:\/\/www.warmup.ca\/wp-content\/uploads\/support-1-200x133.jpg 200w\" sizes=\"(max-width: 800px) 100vw, 800px\" \/><span aria-hidden=\"true\" class=\"wp-block-cover__background has-background-dim\" style=\"background-color:#a2928b\"><\/span><div class=\"wp-block-cover__inner-container is-layout-flow wp-block-cover-is-layout-flow\">\n<h1 class=\"wp-block-heading has-text-align-center has-white-color has-text-color has-large-font-size\"><strong>Aide et contact<\/strong><\/h1>\n\n\n\n<p class=\"has-text-align-center has-ast-global-color-6-color has-text-color\">Nous souhaitons r\u00e9pondre \u00e0 toutes vos questions sur la gamme de syst\u00e8mes de chauffage par le sol et de thermostats Warmup.<br>Si vous avez une question concernant une commande en ligne ou une <a href=\"https:\/\/www.warmup.ca\/fr\/contact#form_mod\">question d&rsquo;ordre g\u00e9n\u00e9ral<\/a>, veuillez consulter nos rubriques d&rsquo;aide et la section des questions fr\u00e9quemment pos\u00e9es ci-dessous.<\/p>\n<\/div><\/div>\n\n\n\n<div class=\"inherit-container-width wp-block-group uag-hide-mob is-layout-constrained wp-block-group-is-layout-constrained\"><div class=\"wp-block-group__inner-container\">\n<section class=\"wp-block-uagb-columns uagb-columns__wrap uagb-columns__background-none uagb-columns__stack-mobile uagb-columns__valign- uagb-columns__gap-10 align uagb-block-0940888a uagb-columns__columns-4 uagb-columns__max_width-theme\"><div class=\"uagb-columns__overlay\"><\/div><div class=\"uagb-columns__inner-wrap uagb-columns__columns-4\">\n<div class=\"wp-block-uagb-column uagb-column__wrap uagb-column__background-color uagb-block-0c1ddc82 cont_col_margin_box\"><div class=\"uagb-column__overlay\"><\/div>\n<div class=\"wp-block-uagb-info-box uagb-block-b6a91396 uagb-infobox__content-wrap  uagb-infobox-icon-above-title uagb-infobox-image-valign-top\"><div class=\"uagb-ifb-content\"><div class=\"uagb-ifb-icon-wrap\"><svg xmlns=\"https:\/\/www.w3.org\/2000\/svg\" viewBox=\"0 0 460 512\"><path d=\"M220.6 130.3l-67.2 28.2V43.2L98.7 233.5l54.7-24.2v130.3l67.2-209.3zm-83.2-96.7l-1.3 4.7-15.2 52.9C80.6 106.7 52 145.8 52 191.5c0 52.3 34.3 95.9 83.4 105.5v53.6C57.5 340.1 0 272.4 0 191.6c0-80.5 59.8-147.2 137.4-158zm311.4 447.2c-11.2 11.2-23.1 12.3-28.6 10.5-5.4-1.8-27.1-19.9-60.4-44.4-33.3-24.6-33.6-35.7-43-56.7-9.4-20.9-30.4-42.6-57.5-52.4l-9.7-14.7c-24.7 16.9-53 26.9-81.3 28.7l2.1-6.6 15.9-49.5c46.5-11.9 80.9-54 80.9-104.2 0-54.5-38.4-102.1-96-107.1V32.3C254.4 37.4 320 106.8 320 191.6c0 33.6-11.2 64.7-29 90.4l14.6 9.6c9.8 27.1 31.5 48 52.4 57.4s32.2 9.7 56.8 43c24.6 33.2 42.7 54.9 44.5 60.3s.7 17.3-10.5 28.5zm-9.9-17.9c0-4.4-3.6-8-8-8s-8 3.6-8 8 3.6 8 8 8 8-3.6 8-8z\"><\/path><\/svg><\/div><div class=\"uagb-ifb-title-wrap\"><h5 class=\"uagb-ifb-title\"><strong><a href=\"https:\/\/www.warmup.ca\/fr\/product-selector-2\"><strong>REGARDER LES VID\u00c9OS<\/strong><\/a><\/strong><\/h5><\/div><div class=\"uagb-ifb-separator\"><\/div><p class=\"uagb-ifb-desc\">D\u00e9couvrez ici les vid\u00e9os d&rsquo;installation de nos <a href=\"https:\/\/www.warmup.ca\/fr\/plancher-chauffant\/systemes-electriques\" target=\"_blank\" rel=\"noreferrer noopener\">planchers chauffants<\/a>, de notre <a href=\"https:\/\/www.warmup.ca\/fr\/special-salle-de-bains\" target=\"_blank\" rel=\"noreferrer noopener\">collection de salles de bains<\/a>, de nos <a href=\"https:\/\/www.warmup.ca\/fr\/systemes-chauffants-pour-lexterieur\" target=\"_blank\" rel=\"noreferrer noopener\">syst\u00e8mes de fonte des neiges<\/a> et de nos <a href=\"https:\/\/www.warmup.ca\/fr\/thermostats\" target=\"_blank\" rel=\"noreferrer noopener\">thermostats intelligents <\/a>.<\/p><\/div><\/div>\n<\/div>\n\n\n\n<div class=\"wp-block-uagb-column uagb-column__wrap uagb-column__background-color uagb-block-35a57d11\"><div class=\"uagb-column__overlay\"><\/div>\n<div class=\"wp-block-uagb-info-box uagb-block-f229998a uagb-infobox__content-wrap  uagb-infobox-icon-above-title uagb-infobox-image-valign-top uagb-infobox__outer-wrap\"><div class=\"uagb-ifb-content\"><div class=\"uagb-ifb-icon-wrap\"><svg xmlns=\"https:\/\/www.w3.org\/2000\/svg\" viewBox=\"0 0 512 512\"><path d=\"M20.04 317.3C18 317.3 16 315.8 16 313.3V150.5c0-2.351 1.91-4.012 4.001-4.012c.6882 0 1.396 .18 2.062 .5748l76.62 45.1l-75.28 122.3C22.59 316.8 21.31 317.3 20.04 317.3zM231.4 405.2l-208.2-22.06c-4.27-.4821-7.123-4.117-7.123-7.995c0-1.401 .3725-2.834 1.185-4.161L122.7 215.1L231.4 405.2zM31.1 420.1c0-2.039 1.508-4.068 3.93-4.068c.1654 0 .3351 .0095 .5089 .0291l203.6 22.31v65.66C239.1 508.6 236.2 512 232 512c-1.113 0-2.255-.2387-3.363-.7565L34.25 423.6C32.69 422.8 31.1 421.4 31.1 420.1zM33.94 117.1c-1.289-.7641-1.938-2.088-1.938-3.417c0-1.281 .6019-2.567 1.813-3.364l150.8-98.59C185.1 10.98 187.3 10.64 188.6 10.64c4.32 0 8.003 3.721 8.003 8.022c0 1.379-.3788 2.818-1.237 4.214L115.5 165.8L33.94 117.1zM146.8 175.1l95.59-168.4C245.5 2.53 250.7 0 255.1 0s10.5 2.53 13.62 7.624l95.59 168.4H146.8zM356.4 207.1l-100.4 175.7L155.6 207.1H356.4zM476.1 415.1c2.422 0 3.93 2.029 3.93 4.068c0 1.378-.6893 2.761-2.252 3.524l-194.4 87.66c-1.103 .5092-2.241 .7443-3.35 .7443c-4.2 0-7.994-3.371-7.994-7.994v-65.69l203.6-22.28C475.7 416 475.9 415.1 476.1 415.1zM494.8 370.9C495.6 372.3 496 373.7 496 375.1c0 3.872-2.841 7.499-7.128 7.98l-208.2 22.06l108.6-190.1L494.8 370.9zM316.6 22.87c-.8581-1.395-1.237-2.834-1.237-4.214c0-4.301 3.683-8.022 8.003-8.022c1.308 0 2.675 .3411 4.015 1.11l150.8 98.59c1.211 .7973 1.813 2.076 1.813 3.353c0 1.325-.6488 2.649-1.938 3.429L396.5 165.8L316.6 22.87zM491.1 146.5c2.091 0 4.001 1.661 4.001 4.012v162.8c0 2.483-2.016 4.006-4.053 4.006c-1.27 0-2.549-.5919-3.353-1.912l-75.28-122.3l76.62-45.1C490.6 146.7 491.3 146.5 491.1 146.5z\"><\/path><\/svg><\/div><div class=\"uagb-ifb-title-wrap\"><h5 class=\"uagb-ifb-title\"><a href=\"https:\/\/www.warmup.ca\/fr\/plancher-chauffant\/documentation-technique\"><strong>DOCUMENTATION<\/strong><\/a><\/h5><\/div><p class=\"uagb-ifb-desc\">Une large gamme de manuels et d&rsquo;instructions d&rsquo;installation pour les<a href=\"https:\/\/www.warmup.ca\/fr\/plancher-chauffant\/systemes-electriques\" target=\"_blank\" rel=\"noreferrer noopener\">syst\u00e8mes de chauffage par le sol <\/a>et les <a href=\"https:\/\/www.warmup.ca\/fr\/thermostats\" target=\"_blank\" rel=\"noreferrer noopener\">thermostats <\/a>fabriqu\u00e9s par Warmup.<\/p><\/div><\/div>\n<\/div>\n\n\n\n<div class=\"wp-block-uagb-column uagb-column__wrap uagb-column__background-color uagb-block-da9867d5\"><div class=\"uagb-column__overlay\"><\/div>\n<div class=\"wp-block-uagb-info-box uagb-block-e6080ae9 uagb-infobox__content-wrap  uagb-infobox-icon-above-title uagb-infobox-image-valign-top uagb-infobox__outer-wrap\"><div class=\"uagb-ifb-content\"><div class=\"uagb-ifb-icon-wrap\"><svg xmlns=\"https:\/\/www.w3.org\/2000\/svg\" viewBox=\"0 0 640 512\"><path d=\"M128 96h384v256h64V80C576 53.63 554.4 32 528 32h-416C85.63 32 64 53.63 64 80V352h64V96zM624 384h-608C7.25 384 0 391.3 0 400V416c0 35.25 28.75 64 64 64h512c35.25 0 64-28.75 64-64v-16C640 391.3 632.8 384 624 384zM365.9 286.2C369.8 290.1 374.9 292 380 292s10.23-1.938 14.14-5.844l48-48c7.812-7.813 7.812-20.5 0-28.31l-48-48c-7.812-7.813-20.47-7.813-28.28 0c-7.812 7.813-7.812 20.5 0 28.31l33.86 33.84l-33.86 33.84C358 265.7 358 278.4 365.9 286.2zM274.1 161.9c-7.812-7.813-20.47-7.813-28.28 0l-48 48c-7.812 7.813-7.812 20.5 0 28.31l48 48C249.8 290.1 254.9 292 260 292s10.23-1.938 14.14-5.844c7.812-7.813 7.812-20.5 0-28.31L240.3 224l33.86-33.84C281.1 182.4 281.1 169.7 274.1 161.9z\"><\/path><\/svg><\/div><div class=\"uagb-ifb-title-wrap\"><h5 class=\"uagb-ifb-title\"><strong><a href=\"https:\/\/www.warmup.ca\/fr\/type-de-devis\">OBTENIR UN DEVIS<\/a><\/strong><\/h5><\/div><p class=\"uagb-ifb-desc\">Demandez un devis et recevez <a href=\"https:\/\/tools.warmup.com\/ca-fr\/soumission\/\" target=\"_blank\" rel=\"noreferrer noopener\">imm\u00e9diatement une estimation<\/a> pour votre projet de chauffage par le sol.<\/p><\/div><\/div>\n<\/div>\n\n\n\n<div class=\"wp-block-uagb-column uagb-column__wrap uagb-column__background-color uagb-block-19a64b30\"><div class=\"uagb-column__overlay\"><\/div>\n<div class=\"wp-block-uagb-info-box uagb-block-43e6db66 uagb-infobox__content-wrap  uagb-infobox-icon-above-title uagb-infobox-image-valign-top uagb-infobox__outer-wrap\"><div class=\"uagb-ifb-content\"><div class=\"uagb-ifb-icon-wrap\"><svg xmlns=\"https:\/\/www.w3.org\/2000\/svg\" viewBox=\"0 0 512 512\"><path d=\"M512 287.9l-.0042 112C511.1 444.1 476.1 480 432 480c-26.47 0-48-21.56-48-48.06V304.1C384 277.6 405.5 256 432 256c10.83 0 20.91 2.723 30.3 6.678C449.7 159.1 362.1 80.13 256 80.13S62.29 159.1 49.7 262.7C59.09 258.7 69.17 256 80 256C106.5 256 128 277.6 128 304.1v127.9C128 458.4 106.5 480 80 480c-44.11 0-79.1-35.88-79.1-80.06L0 288c0-141.2 114.8-256 256-256c140.9 0 255.6 114.5 255.1 255.3C511.1 287.5 511.1 287.7 512 287.9z\"><\/path><\/svg><\/div><div class=\"uagb-ifb-title-wrap\"><h5 class=\"uagb-ifb-title\"><strong><a href=\"https:\/\/www.warmup.ca\/fr\/warmupedia\">SUPPORT TECHNIQUE &amp; QUESTIONS FR\u00c9QUEMMENT POS\u00c9ES<\/a><\/strong><\/h5><\/div><p class=\"uagb-ifb-desc\">Nous vous aidons \u00e0 r\u00e9pondre \u00e0 toutes vos questions sur la gamme de <a href=\"https:\/\/www.warmup.ca\/fr\/plancher-chauffant\/systemes-electriques\" target=\"_blank\" rel=\"noreferrer noopener\">syst\u00e8mes de chauffage par le sol<\/a> et de <a href=\"https:\/\/www.warmup.ca\/fr\/thermostats\" target=\"_blank\" rel=\"noreferrer noopener\">thermostats<\/a> Warmup.<\/p><\/div><\/div>\n<\/div>\n<\/div><\/section>\n\n\n\n<section class=\"wp-block-uagb-columns uagb-columns__wrap uagb-columns__background-none uagb-columns__stack-mobile uagb-columns__valign- uagb-columns__gap-10 align uagb-block-5e560e36 uagb-columns__columns-4 uagb-columns__max_width-theme\"><div class=\"uagb-columns__overlay\"><\/div><div class=\"uagb-columns__inner-wrap uagb-columns__columns-4\">\n<div class=\"wp-block-uagb-column uagb-column__wrap uagb-column__background-color uagb-block-20179be3 cont_col_margin_box\"><div class=\"uagb-column__overlay\"><\/div>\n<div class=\"wp-block-uagb-info-box uagb-block-62ec6668 uagb-infobox__content-wrap  uagb-infobox-icon-above-title uagb-infobox-image-valign-top uagb-infobox__outer-wrap\"><div class=\"uagb-ifb-content\"><div class=\"uagb-ifb-icon-wrap\"><svg xmlns=\"https:\/\/www.w3.org\/2000\/svg\" viewBox=\"0 0 576 512\"><path d=\"M144.3 32.04C106.9 31.29 63.7 41.44 18.6 61.29c-11.42 5.026-18.6 16.67-18.6 29.15l0 357.6c0 11.55 11.99 19.55 22.45 14.65c126.3-59.14 219.8 11 223.8 14.01C249.1 478.9 252.5 480 256 480c12.4 0 16-11.38 16-15.98V80.04c0-5.203-2.531-10.08-6.781-13.08C263.3 65.58 216.7 33.35 144.3 32.04zM557.4 61.29c-45.11-19.79-88.48-29.61-125.7-29.26c-72.44 1.312-118.1 33.55-120.9 34.92C306.5 69.96 304 74.83 304 80.04v383.1C304 468.4 307.5 480 320 480c3.484 0 6.938-1.125 9.781-3.328c3.925-3.018 97.44-73.16 223.8-14c10.46 4.896 22.45-3.105 22.45-14.65l.0001-357.6C575.1 77.97 568.8 66.31 557.4 61.29z\"><\/path><\/svg><\/div><div class=\"uagb-ifb-title-wrap\"><h5 class=\"uagb-ifb-title\"><strong><a href=\"https:\/\/www.warmup.ca\/fr\/plancher-chauffant\">GAMME DE PRODUITS<\/a><\/strong><\/h5><\/div><p class=\"uagb-ifb-desc\">Nous disposons d&rsquo;une gamme \u00e9tendue de <a href=\"https:\/\/www.warmup.ca\/fr\/plancher-chauffant\/systemes-electriques\" target=\"_blank\" rel=\"noreferrer noopener\">syst\u00e8mes de chauffage \u00e9lectrique par le sol<\/a>, parfaits pour presque tous les<a href=\"https:\/\/www.warmup.ca\/fr\/plancher-chauffant\/types-de-revetements\" target=\"_blank\" rel=\"noreferrer noopener\"> types de sols<\/a>.<\/p><\/div><\/div>\n<\/div>\n\n\n\n<div class=\"wp-block-uagb-column uagb-column__wrap uagb-column__background-color uagb-block-47a3cd84\"><div class=\"uagb-column__overlay\"><\/div>\n<div class=\"wp-block-uagb-info-box uagb-block-32423baf uagb-infobox__content-wrap  uagb-infobox-icon-above-title uagb-infobox-image-valign-top uagb-infobox__outer-wrap\"><div class=\"uagb-ifb-content\"><div class=\"uagb-ifb-icon-wrap\"><svg xmlns=\"https:\/\/www.w3.org\/2000\/svg\" viewBox=\"0 0 512 512\"><path d=\"M236 176c0 15.46-12.54 28-28 28S180 191.5 180 176S192.5 148 208 148S236 160.5 236 176zM500.3 500.3c-15.62 15.62-40.95 15.62-56.57 0l-119.7-119.7c-40.41 27.22-90.9 40.65-144.7 33.46c-91.55-12.23-166-87.28-177.6-178.9c-17.24-136.2 97.29-250.7 233.4-233.4c91.64 11.6 166.7 86.07 178.9 177.6c7.19 53.8-6.236 104.3-33.46 144.7l119.7 119.7C515.9 459.3 515.9 484.7 500.3 500.3zM294.1 182.2C294.1 134.5 255.6 96 207.1 96C160.4 96 121.9 134.5 121.9 182.2c0 38.35 56.29 108.5 77.87 134C201.8 318.5 204.7 320 207.1 320c3.207 0 6.26-1.459 8.303-3.791C237.8 290.7 294.1 220.5 294.1 182.2z\"><\/path><\/svg><\/div><div class=\"uagb-ifb-title-wrap\"><h5 class=\"uagb-ifb-title\"><strong><a href=\"https:\/\/tools.warmup.com\/ca-en\/store-locator\/\" target=\"_blank\" rel=\"noopener\">LOCALISATEUR DE MAGASIN<\/a><\/strong><\/h5><\/div><p class=\"uagb-ifb-desc\">Trouvez le d\u00e9taillant Warmup le plus proche en entrant votre code postal. Acheter des <a href=\"https:\/\/www.warmup.ca\/fr\/plancher-chauffant\/systemes-electriques\" target=\"_blank\" rel=\"noreferrer noopener\">produits de chauffage par le sol<\/a> Warmup en magasin<\/p><\/div><\/div>\n<\/div>\n\n\n\n<div class=\"wp-block-uagb-column uagb-column__wrap uagb-column__background-color uagb-block-d2f4db6d\"><div class=\"uagb-column__overlay\"><\/div>\n<div class=\"wp-block-uagb-info-box uagb-block-570333dc uagb-infobox__content-wrap  uagb-infobox-icon-above-title uagb-infobox-image-valign-top uagb-infobox__outer-wrap\"><div class=\"uagb-ifb-content\"><div class=\"uagb-ifb-icon-wrap\"><svg xmlns=\"https:\/\/www.w3.org\/2000\/svg\" viewBox=\"0 0 512 512\"><path d=\"M366.2 256H400C461.9 256 512 306.1 512 368C512 388.9 498.6 406.7 480 413.3V464C480 490.5 458.5 512 432 512H80C53.49 512 32 490.5 32 464V413.3C13.36 406.7 0 388.9 0 368C0 306.1 50.14 256 112 256H145.8C175.7 256 200 231.7 200 201.8C200 184.3 190.8 168.5 180.1 154.8C167.5 138.5 160 118.1 160 96C160 42.98 202.1 0 256 0C309 0 352 42.98 352 96C352 118.1 344.5 138.5 331.9 154.8C321.2 168.5 312 184.3 312 201.8C312 231.7 336.3 256 366.2 256zM416 416H96V448H416V416z\"><\/path><\/svg><\/div><div class=\"uagb-ifb-title-wrap\"><h5 class=\"uagb-ifb-title\"><strong><a href=\"https:\/\/tools.warmup.com\/ca-fr\/garantie\" target=\"_blank\" rel=\"noopener\">ENREGISTRER LA GARANTIE<\/a><\/strong><\/h5><\/div><p class=\"uagb-ifb-desc\">Si vous avez achet\u00e9 un produit Warmup, assurez-vous d&rsquo;<a href=\"https:\/\/tools.warmup.com\/ca-fr\/garantie\" target=\"_blank\" rel=\"noreferrer noopener\">enregistrer <\/a>votre garantie sur le site web Warmup d\u00e8s aujourd&rsquo;hui.<\/p><\/div><\/div>\n<\/div>\n\n\n\n<div class=\"wp-block-uagb-column uagb-column__wrap uagb-column__background-color uagb-block-78789349\"><div class=\"uagb-column__overlay\"><\/div>\n<div class=\"wp-block-uagb-info-box uagb-block-3c80455e uagb-infobox__content-wrap  uagb-infobox-icon-above-title uagb-infobox-image-valign-top uagb-infobox__outer-wrap\"><div class=\"uagb-ifb-content\"><div class=\"uagb-ifb-icon-wrap\"><svg xmlns=\"https:\/\/www.w3.org\/2000\/svg\" viewBox=\"0 0 640 512\"><path d=\"M488 191.1h-152l.0001 51.86c.0001 37.66-27.08 72-64.55 75.77c-43.09 4.333-79.45-29.42-79.45-71.63V126.4l-24.51 14.73C123.2 167.8 96.04 215.7 96.04 267.5L16.04 313.8c-15.25 8.751-20.63 28.38-11.75 43.63l80 138.6c8.875 15.25 28.5 20.5 43.75 11.75l103.4-59.75h136.6c35.25 0 64-28.75 64-64c26.51 0 48-21.49 48-48V288h8c13.25 0 24-10.75 24-24l.0001-48C512 202.7 501.3 191.1 488 191.1zM635.7 154.5l-79.95-138.6c-8.875-15.25-28.5-20.5-43.75-11.75l-103.4 59.75h-62.57c-37.85 0-74.93 10.61-107.1 30.63C229.7 100.4 224 110.6 224 121.6l-.0004 126.4c0 22.13 17.88 40 40 40c22.13 0 40-17.88 40-40V159.1h184c30.93 0 56 25.07 56 56v28.5l80-46.25C639.3 189.4 644.5 169.8 635.7 154.5z\"><\/path><\/svg><\/div><div class=\"uagb-ifb-title-wrap\"><h5 class=\"uagb-ifb-title\"><strong><a href=\"https:\/\/www.warmup.ca\/fr\/trouver-un-revendeur\">REVENDEUR<\/a><\/strong><\/h5><\/div><p class=\"uagb-ifb-desc\">Explorez tous les services li\u00e9s aux revendeurs, tels que le placement d&rsquo;une commande, les encaissements du si\u00e8ge social, les ventes et l&rsquo;<a href=\"https:\/\/www.warmup.ca\/fr\/warmupedia\" target=\"_blank\" rel=\"noreferrer noopener\"> assistance \u00e0<\/a> la client\u00e8le.<\/p><\/div><\/div>\n<\/div>\n<\/div><\/section>\n<\/div><\/div>\n\n\n\n<div class=\"inherit-container-width wp-block-group is-layout-constrained wp-block-group-is-layout-constrained\"><div class=\"wp-block-group__inner-container\">\n<h2 class=\"wp-block-heading has-text-align-center\" id=\"h-contacts\"><strong>Contacts<\/strong><\/h2>\n\n\n\n<p class=\"has-text-align-center\">Pour contacter le service client\u00e8le aux \u00c9tats-Unis :<\/p>\n\n\n\n<p class=\"has-text-align-center\"><strong>T\u00e9l<\/strong>: +1 (888) 592-7687<br><strong>Chat<\/strong>: coin inf\u00e9rieur droit de cette page<br><strong>Technique et apr\u00e8s les heures de travail<\/strong>: visitez <a href=\"https:\/\/www.warmup.ca\/fr\/warmupedia\">Warmupedia<\/a><br>Regardez nos <a href=\"https:\/\/www.youtube.com\/user\/WarmupInc\" target=\"_blank\" rel=\"noreferrer noopener\"><strong>vid\u00e9os d&rsquo;<\/strong>installation et de programmation des thermostats ici<\/a><br>Cliquez sur <em><a href=\"#Contavt_formsect\">ici <\/a><\/em><a href=\"#Contavt_formsect\">pour remplir le <strong>formulaire de contact<\/strong><\/a><br><strong>Courriel<\/strong>: ca@warmup.com<br>Pour obtenir un devis :<br><em><a href=\"https:\/\/www.warmup.ca\/fr\/type-de-devis\">Remplir le formulaire<\/a><\/em><br>Ou bien, faxez vos plans et projets au (888) 927-4721.<br>Les produits Warmup sont vendus par notre r\u00e9seau de <strong>revendeurs agr\u00e9\u00e9s<\/strong>. Visitez notre <em>   <a href=\"https:\/\/tools.warmup.com\/ca-en\/store-locator\/\" target=\"_blank\" rel=\"noopener\">Page de localisation des concessionnaires<\/a> <\/em> pour rechercher le distributeur le plus proche.<\/p>\n\n\n\n<p class=\"has-text-align-center\"><br>Au <strong>Canada<\/strong>? Composez le 1+ (888) 592-7687. Autour du monde ? <em>   <a href=\"https:\/\/www.warmup.ca\/fr\/choisir-votre-pays\">S\u00e9lectionnez votre pays<\/a> <\/em>.<\/p>\n\n\n\n<p class=\"has-text-align-center\"><em>Notre ligne d&rsquo;assistance technique est ouverte 24 heures sur 24, 7 jours sur 7, toute l&rsquo;ann\u00e9e.<\/em><\/p>\n\n\n\n<p class=\"has-text-align-center\"><em>Pour une assistance en dehors des heures de bureau, composez le +1 (203) 616-2928.<\/em><\/p>\n<\/div><\/div>\n\n\n\n<div id=\"form_mod\" class=\"inherit-container-width wp-block-group has-background is-layout-constrained wp-block-group-is-layout-constrained\" style=\"background-color:#f7f7f7\"><div class=\"wp-block-group__inner-container\">\n<div id=\"Contavt_formsect\" class=\"inherit-container-width wp-block-group is-layout-constrained wp-block-group-is-layout-constrained\"><div class=\"wp-block-group__inner-container\">\n<div class=\"wp-block-columns custom_widthsection is-layout-flex wp-container-core-columns-is-layout-28f84493 wp-block-columns-is-layout-flex\">\n<div class=\"wp-block-column is-layout-flow wp-block-column-is-layout-flow\" style=\"flex-basis:66.66%\">\n<script type=\"text\/javascript\" src=\"https:\/\/form.jotform.com\/jsform\/221924728256360\"><\/script>\n<\/div>\n\n\n\n<div class=\"wp-block-column is-layout-flow wp-block-column-is-layout-flow\" style=\"flex-basis:33.33%\">\n<p><strong>DE CONTACT IMPORTANT<\/strong><\/p>\n\n\n\n<p><strong>Courriel :<\/strong><\/p>\n\n\n\n<ul class=\"wp-block-list\">\n<li>Questions sur les ventes aux clients <a href=\"mailto:ca@warmup.com\" data-type=\"mailto\" data-id=\"mailto:ca@warmup.com\">ca@warmup.com<\/a><\/li>\n<\/ul>\n<\/div>\n<\/div>\n<\/div><\/div>\n<\/div><\/div>\n\n\n\n<div class=\"wp-block-columns is-layout-flex wp-container-core-columns-is-layout-28f84493 wp-block-columns-is-layout-flex\">\n<div class=\"wp-block-column is-layout-flow wp-block-column-is-layout-flow\">\t\t\t<div \n\t\t\tclass=\"wp-block-uagb-google-map uagb-google-map__wrap uagb-block-d642b701     \"\n\t\t\tstyle=\"\" >\n\t\t\t\t<embed\n\t\t\t\t\tclass=\"uagb-google-map__iframe\"\n\t\t\t\t\ttitle=\"Carte Google pour \"\n\t\t\t\t\tsrc=\"https:\/\/maps.google.com\/maps?q=25%20Francis%20J%20Clarke%20Cir%20Suite%20A%2C%20Bethel%2C%20CT%2006801%2C%20United%20States&#038;z=12&#038;hl=en&#038;t=m&#038;output=embed&#038;iwloc=near\"\n\t\t\t\t\twidth=\"640\"\n\t\t\t\t\theight=\"500\"\n\t\t\t\t\tloading=\"lazy\"\n\t\t\t\t><\/embed>\n\t\t\t<\/div>\n\t\t\t<\/div>\n<\/div>\n","protected":false},"excerpt":{"rendered":"<p>Contacts Pour contacter le service client\u00e8le aux \u00c9tats-Unis : T\u00e9l: +1 (888) 592-7687Chat: coin inf\u00e9rieur droit de cette pageTechnique et apr\u00e8s les heures de travail: visitez WarmupediaRegardez nos vid\u00e9os d&rsquo;installation et de programmation des thermostats iciCliquez sur ici pour remplir le formulaire de contactCourriel: ca@warmup.comPour obtenir un devis :Remplir le formulaireOu bien, faxez vos plans [&hellip;]<\/p>\n","protected":false},"author":2,"featured_media":0,"parent":0,"menu_order":0,"comment_status":"closed","ping_status":"closed","template":"","meta":{"_acf_changed":false,"_uag_custom_page_level_css":"","site-sidebar-layout":"no-sidebar","site-content-layout":"page-builder","ast-site-content-layout":"full-width-container","site-content-style":"unboxed","site-sidebar-style":"unboxed","ast-global-header-display":"","ast-banner-title-visibility":"","ast-main-header-display":"","ast-hfb-above-header-display":"","ast-hfb-below-header-display":"","ast-hfb-mobile-header-display":"","site-post-title":"disabled","ast-breadcrumbs-content":"","ast-featured-img":"","footer-sml-layout":"","ast-disable-related-posts":"","theme-transparent-header-meta":"default","adv-header-id-meta":"","stick-header-meta":"default","header-above-stick-meta":"","header-main-stick-meta":"","header-below-stick-meta":"","astra-migrate-meta-layouts":"set","ast-page-background-enabled":"default","ast-page-background-meta":{"desktop":{"background-color":"","background-image":"","background-repeat":"repeat","background-position":"center center","background-size":"auto","background-attachment":"scroll","background-type":"","background-media":"","overlay-type":"","overlay-color":"","overlay-opacity":"","overlay-gradient":""},"tablet":{"background-color":"","background-image":"","background-repeat":"repeat","background-position":"center center","background-size":"auto","background-attachment":"scroll","background-type":"","background-media":"","overlay-type":"","overlay-color":"","overlay-opacity":"","overlay-gradient":""},"mobile":{"background-color":"","background-image":"","background-repeat":"repeat","background-position":"center center","background-size":"auto","background-attachment":"scroll","background-type":"","background-media":"","overlay-type":"","overlay-color":"","overlay-opacity":"","overlay-gradient":""}},"ast-content-background-meta":{"desktop":{"background-color":"var(--ast-global-color-5)","background-image":"","background-repeat":"repeat","background-position":"center center","background-size":"auto","background-attachment":"scroll","background-type":"","background-media":"","overlay-type":"","overlay-color":"","overlay-opacity":"","overlay-gradient":""},"tablet":{"background-color":"var(--ast-global-color-5)","background-image":"","background-repeat":"repeat","background-position":"center center","background-size":"auto","background-attachment":"scroll","background-type":"","background-media":"","overlay-type":"","overlay-color":"","overlay-opacity":"","overlay-gradient":""},"mobile":{"background-color":"var(--ast-global-color-5)","background-image":"","background-repeat":"repeat","background-position":"center center","background-size":"auto","background-attachment":"scroll","background-type":"","background-media":"","overlay-type":"","overlay-color":"","overlay-opacity":"","overlay-gradient":""}},"footnotes":""},"class_list":["post-41855","page","type-page","status-publish","hentry"],"acf":[],"uagb_featured_image_src":{"full":false,"thumbnail":false,"medium":false,"medium_large":false,"large":false,"1536x1536":false,"2048x2048":false},"uagb_author_info":{"display_name":"Prashanth Muthulingam","author_link":"https:\/\/www.warmup.ca\/fr\/author\/prashanth-warmup"},"uagb_comment_info":0,"uagb_excerpt":"Contacts Pour contacter le service client\u00e8le aux \u00c9tats-Unis : T\u00e9l: +1 (888) 592-7687Chat: coin inf\u00e9rieur droit de cette pageTechnique et apr\u00e8s les heures de travail: visitez WarmupediaRegardez nos vid\u00e9os d&rsquo;installation et de programmation des thermostats iciCliquez sur ici pour remplir le formulaire de contactCourriel: ca@warmup.comPour obtenir un devis :Remplir le formulaireOu bien, faxez vos plans\u2026","_links":{"self":[{"href":"https:\/\/www.warmup.ca\/fr\/wp-json\/wp\/v2\/pages\/41855","targetHints":{"allow":["GET"]}}],"collection":[{"href":"https:\/\/www.warmup.ca\/fr\/wp-json\/wp\/v2\/pages"}],"about":[{"href":"https:\/\/www.warmup.ca\/fr\/wp-json\/wp\/v2\/types\/page"}],"author":[{"embeddable":true,"href":"https:\/\/www.warmup.ca\/fr\/wp-json\/wp\/v2\/users\/2"}],"replies":[{"embeddable":true,"href":"https:\/\/www.warmup.ca\/fr\/wp-json\/wp\/v2\/comments?post=41855"}],"version-history":[{"count":28,"href":"https:\/\/www.warmup.ca\/fr\/wp-json\/wp\/v2\/pages\/41855\/revisions"}],"predecessor-version":[{"id":50299,"href":"https:\/\/www.warmup.ca\/fr\/wp-json\/wp\/v2\/pages\/41855\/revisions\/50299"}],"wp:attachment":[{"href":"https:\/\/www.warmup.ca\/fr\/wp-json\/wp\/v2\/media?parent=41855"}],"curies":[{"name":"wp","href":"https:\/\/api.w.org\/{rel}","templated":true}]}}